{"id":111978,"date":"2023-11-30T15:28:08","date_gmt":"2023-11-30T14:28:08","guid":{"rendered":"https:\/\/madelinefashion.pl\/?post_type=product&#038;p=111978"},"modified":"2026-03-01T12:57:56","modified_gmt":"2026-03-01T11:57:56","slug":"damskie-swiateczne-skarpety-do-kolana-granatowe","status":"publish","type":"product","link":"https:\/\/madelinefashion.pl\/en\/product\/damskie-swiateczne-skarpety-do-kolana-granatowe\/","title":{"rendered":"Women&#039;s Navy Blue Christmas Knee-High Socks"},"content":{"rendered":"<h3 style=\"text-align: center;\">Women&#039;s Navy Blue Christmas Knee-High Socks<\/h3>\n<p style=\"text-align: center;\">\u00a0Holidays are almost here, so it&#039;s high time to think about preparations, also those related to refreshing your wardrobe. In our store you will find <a href=\"https:\/\/madelinefashion.pl\/en\/product-tag\/swiateczny\/\"><strong>Christmas clothes<\/strong><\/a>that will make you feel again <strong>the magic of Christmas.<\/strong> <strong>Festive character <\/strong>it will work both on a daily basis<strong>, <\/strong>and during dinner <b>Christmas Eve.\u00a0<\/b><\/p>\n<p style=\"text-align: center;\">Fun Christmas socks with a Christmas theme.<br \/>\nOur socks will be the perfect companion for cold winter evenings. The highest quality cotton socks. Their beautiful Christmas patterns make them a lovely gift, e.g. for Christmas \ud83d\ude09 Long, patterned socks are a charming and comfortable accessory that will complement any Christmas outfit.<br \/>\n* elastic material<br \/>\n* adheres smoothly to the leg<br \/>\n* wide welt<br \/>\n* universal size<\/p>\n<p style=\"text-align: center;\">Composition: 95% Cotton 5% Elastian<\/p>","protected":false},"excerpt":{"rendered":"<p>Damskie \u015awi\u0105teczne Skarpety Do Kolana Granatowe \u00a0\u015awi\u0119ta ju\u017c za pasem, wi\u0119c najwy\u017csza pora pomy\u015ble\u0107 o przygotowaniach, r\u00f3wnie\u017c tych zwi\u0105zanych z od\u015bwie\u017ceniem garderoby. W Naszym sklepie znajdziesz \u015bwi\u0105teczne ubrania, dzi\u0119ki kt\u00f3rym na nowo poczujesz magi\u0119 \u015bwi\u0105t Bo\u017cego Narodzenia. \u015awi\u0105teczny charakter sprawdzi si\u0119 zar\u00f3wno na co dzie\u0144, jak i podczas kolacji wigilijnej.\u00a0 Zabawne \u015bwi\u0105teczne skarpety z motywem<\/p>\n<div class=\"klb-readmore post-buttons\"><a class=\"button black outline size-sm\" href=\"https:\/\/madelinefashion.pl\/en\/product\/damskie-swiateczne-skarpety-do-kolana-granatowe\/\">Read More <i class=\"klbth-icon-right-arrow\"><\/i><\/a><\/div>","protected":false},"featured_media":111970,"template":"","meta":[],"product_brand":[],"product_cat":[113],"product_tag":[473,491],"class_list":{"0":"post-111978","1":"product","2":"type-product","3":"status-publish","4":"has-post-thumbnail","6":"product_cat-dodatki","7":"product_tag-kolekcja-swiateczna","8":"product_tag-skarpetki-swiateczne","10":"first","11":"instock","12":"sale","13":"purchasable","14":"product-type-variable"},"_links":{"self":[{"href":"https:\/\/madelinefashion.pl\/en\/wp-json\/wp\/v2\/product\/111978","targetHints":{"allow":["GET"]}}],"collection":[{"href":"https:\/\/madelinefashion.pl\/en\/wp-json\/wp\/v2\/product"}],"about":[{"href":"https:\/\/madelinefashion.pl\/en\/wp-json\/wp\/v2\/types\/product"}],"wp:featuredmedia":[{"embeddable":true,"href":"https:\/\/madelinefashion.pl\/en\/wp-json\/wp\/v2\/media\/111970"}],"wp:attachment":[{"href":"https:\/\/madelinefashion.pl\/en\/wp-json\/wp\/v2\/media?parent=111978"}],"wp:term":[{"taxonomy":"product_brand","embeddable":true,"href":"https:\/\/madelinefashion.pl\/en\/wp-json\/wp\/v2\/product_brand?post=111978"},{"taxonomy":"product_cat","embeddable":true,"href":"https:\/\/madelinefashion.pl\/en\/wp-json\/wp\/v2\/product_cat?post=111978"},{"taxonomy":"product_tag","embeddable":true,"href":"https:\/\/madelinefashion.pl\/en\/wp-json\/wp\/v2\/product_tag?post=111978"}],"curies":[{"name":"wp","href":"https:\/\/api.w.org\/{rel}","templated":true}]}}