{"id":112066,"date":"2023-12-01T10:13:51","date_gmt":"2023-12-01T09:13:51","guid":{"rendered":"https:\/\/madelinefashion.pl\/?post_type=product&#038;p=112066"},"modified":"2026-03-26T12:39:13","modified_gmt":"2026-03-26T11:39:13","slug":"spodnie-skorzane-push-up-z-ozdobnymi-guzikami-czarne","status":"publish","type":"product","link":"https:\/\/madelinefashion.pl\/en\/product\/spodnie-skorzane-push-up-z-ozdobnymi-guzikami-czarne\/","title":{"rendered":"Black Leather Push-up Pants with Decorative Buttons"},"content":{"rendered":"<h3 style=\"text-align: center;\">Black Leather Push-up Pants with Decorative Buttons<\/h3>\n<p style=\"text-align: center;\"><strong>Push-up pants<\/strong>\u00a0 is a fashionable element that must not be missing in your wardrobe. Pants made of high-quality material with <strong>high waisted<\/strong> effect <strong>push up<\/strong>that perfectly shape the body. They are a great base for creating casual outfits. Their timeless cut will also perfectly complement the formal styling, introducing a bit of avant-garde to them. We recommend combining them with ours <a href=\"https:\/\/madelinefashion.pl\/en\/bluzki-2\/koszule\/\">shirts<\/a>, <a href=\"https:\/\/madelinefashion.pl\/en\/bluzki-2\/\">blouses<\/a>, <a href=\"https:\/\/madelinefashion.pl\/en\/body\/\">body<\/a> or e.g. <a href=\"https:\/\/madelinefashion.pl\/en\/product-tag\/ramoneski\/\">Ramones jacket<\/a> <a href=\"https:\/\/madelinefashion.pl\/en\/?s=valentino&amp;post_type=product\">Valentino<\/a>.\u00a0 \u00a0<strong>Our<\/strong>\u00a0pants include <strong>perfect<\/strong> model for <strong>Women of all ages<\/strong> !! Pants quality <strong>premium<\/strong>, elastic material that perfectly fits the body.<br \/>\nIf you have any further questions about this product, please do not hesitate to contact us by phone or help <a href=\"https:\/\/www.facebook.com\/madelinefashionbutik\/\" target=\"_blank\" rel=\"noopener\">Facebook<\/a> . Follow the new trends with <a href=\"https:\/\/madelinefashion.pl\/en\/\"><strong>Madelinefashion<\/strong><\/a>. In the information after the purchase, you can send your measurements, we will choose the perfect pants for you.<\/p>\n<h3 style=\"text-align: center;\">Dimensions:<\/h3>\n<p>&nbsp;<\/p>\n<p style=\"text-align: center;\"><strong><span style=\"vertical-align: inherit;\">SIZE XS 34\u00a0<\/span><\/strong><\/p>\n<ul style=\"text-align: center;\">\n<li><span style=\"vertical-align: inherit;\">Overall length: 96 cm<\/span><\/li>\n<li><span style=\"vertical-align: inherit;\">Inside leg length: 70 cm<\/span><\/li>\n<li><span style=\"vertical-align: inherit;\">Szeroko\u015b\u0107 w pasie: 33-39 cm<\/span><\/li>\n<li><span style=\"vertical-align: inherit;\">Szeroko\u015b\u0107 biodra: 41-51 cm<\/span><\/li>\n<\/ul>\n<p style=\"text-align: center;\"><strong><span style=\"vertical-align: inherit;\">SIZE S 36\u00a0<\/span><\/strong><\/p>\n<ul style=\"text-align: center;\">\n<li><span style=\"vertical-align: inherit;\">Overall length: 96 cm<\/span><\/li>\n<li><span style=\"vertical-align: inherit;\">Inside leg length: 71 cm<\/span><\/li>\n<li><span style=\"vertical-align: inherit;\">Waist width: 35-41 cm<\/span><\/li>\n<li><span style=\"vertical-align: inherit;\">Szeroko\u015b\u0107 biodra: 43-53 cm<\/span><\/li>\n<\/ul>\n<p style=\"text-align: center;\"><strong><span style=\"vertical-align: inherit;\">SIZE M 38\u00a0<\/span><\/strong><\/p>\n<ul style=\"text-align: center;\">\n<li><span style=\"vertical-align: inherit;\">Overall length: 97 cm<\/span><\/li>\n<li><span style=\"vertical-align: inherit;\">Inside leg length: 72 cm<\/span><\/li>\n<li><span style=\"vertical-align: inherit;\">Waist width: 37-43 cm<\/span><\/li>\n<li><span style=\"vertical-align: inherit;\">Hip width: 45-55 cm<\/span><\/li>\n<\/ul>\n<p style=\"text-align: center;\"><strong><span style=\"vertical-align: inherit;\">SIZE L 40<\/span><\/strong><\/p>\n<ul style=\"text-align: center;\">\n<li><span style=\"vertical-align: inherit;\">Overall length: 98 cm<\/span><\/li>\n<li><span style=\"vertical-align: inherit;\">Inside leg length: 73 cm<\/span><\/li>\n<li><span style=\"vertical-align: inherit;\">Szeroko\u015b\u0107 w pasie: 39-45 cm<\/span><\/li>\n<li><span style=\"vertical-align: inherit;\">Szeroko\u015b\u0107 biodra: 47-57 cm<\/span><\/li>\n<\/ul>\n<p style=\"text-align: center;\"><strong>SIZE XL 42<br \/>\n<\/strong><\/p>\n<ul style=\"text-align: center;\">\n<li><span style=\"vertical-align: inherit;\">Overall length: 99 cm<\/span><\/li>\n<li><span style=\"vertical-align: inherit;\">Inside leg length: 74 cm<\/span><\/li>\n<li><span style=\"vertical-align: inherit;\">Szeroko\u015b\u0107 w pasie: 41-47 cm<\/span><\/li>\n<li><span style=\"vertical-align: inherit;\"><span style=\"vertical-align: inherit;\">Szeroko\u015b\u0107 biodra: 49-59 cm<\/span><\/span>\n<ul style=\"text-align: center;\">\n<li><\/li>\n<\/ul>\n<\/li>\n<\/ul>\n<p style=\"text-align: center;\"><strong>\u00a0<\/strong><\/p>\n<p style=\"text-align: center;\">The dimensions may be slightly different from the given +\/- 2cm. All dimensions given are measured flat. <strong>X2 dimension<\/strong><\/p>\n<p>&nbsp;<\/p>\n<div class=\"tabs tabs-bb clear mb-80\">\n<div class=\"tab-content\">\n<div id=\"tab-description\" class=\"tab-pane fade in woocommerce-Tabs-panel--description active\">\n<div class=\"tabs tabs-bb clear mb-80\">\n<div class=\"tab-content\">\n<div id=\"tab-description\" class=\"tab-pane fade in woocommerce-Tabs-panel--description active\">\n<div class=\"tabs tabs-bb clear mb-80\">\n<div class=\"tab-content\">\n<div id=\"tab-description\" class=\"tab-pane fade in woocommerce-Tabs-panel--description active\">\n<div class=\"additional-details\">\n<p style=\"text-align: center;\">The model has\u00a0<strong>169<\/strong>\u00a0cm tall, wears a size every day\u00a0<strong>S.<\/strong><\/p>\n<p style=\"text-align: center;\">Bust width 91 cm<\/p>\n<p style=\"text-align: center;\">Waist width 71 cm<\/p>\n<p style=\"text-align: center;\">Hip width 96 cm<\/p>\n<\/div>\n<\/div>\n<\/div>\n<\/div>\n<\/div>\n<\/div>\n<\/div>\n<div class=\"additional-details\"><\/div>\n<\/div>\n<\/div>\n<\/div>","protected":false},"excerpt":{"rendered":"<p>Spodnie Sk\u00f3rzane Push-up Z Ozdobnymi Guzikami Czarne Spodnie Push-up\u00a0 to modny element, kt\u00f3rego nie mo\u017ce zabrakn\u0105\u0107 w Twojej garderobie. Spodnie wykonane z wysokiej jako\u015bci materia\u0142u z wysokim stanem efektem push up, \u00a0kt\u00f3re doskonale modeluj\u0105 sylwetk\u0119. Stanowi\u0105 \u015bwietn\u0105 baz\u0119 do tworzenia niezobowi\u0105zuj\u0105cych outfit\u00f3w. Ich ponadczasowy kr\u00f3j perfekcyjnie uzupe\u0142ni r\u00f3wnie\u017c formalne stylizacj\u0119, wprowadzaj\u0105c do niech nieco awangardy.<\/p>\n<div class=\"klb-readmore post-buttons\"><a class=\"button black outline size-sm\" href=\"https:\/\/madelinefashion.pl\/en\/product\/spodnie-skorzane-push-up-z-ozdobnymi-guzikami-czarne\/\">Read More <i class=\"klbth-icon-right-arrow\"><\/i><\/a><\/div>","protected":false},"featured_media":112056,"template":"","meta":[],"product_brand":[],"product_cat":[83,395,559],"product_tag":[475],"class_list":{"0":"post-112066","1":"product","2":"type-product","3":"status-publish","4":"has-post-thumbnail","6":"product_cat-spodnie","7":"product_cat-nowosci","8":"product_cat-noworoczna-sekcja-okazji","9":"product_tag-spodnie-dlugie","10":"pa_rozmiar-xs","11":"pa_rozmiar-s","12":"pa_rozmiar-m","13":"pa_rozmiar-l","14":"pa_rozmiar-xl","15":"pa_rozmiar-xxl-44","16":"pa_rozmiar-xxxl-46","18":"first","19":"instock","20":"sale","21":"purchasable","22":"product-type-variable"},"_links":{"self":[{"href":"https:\/\/madelinefashion.pl\/en\/wp-json\/wp\/v2\/product\/112066","targetHints":{"allow":["GET"]}}],"collection":[{"href":"https:\/\/madelinefashion.pl\/en\/wp-json\/wp\/v2\/product"}],"about":[{"href":"https:\/\/madelinefashion.pl\/en\/wp-json\/wp\/v2\/types\/product"}],"wp:featuredmedia":[{"embeddable":true,"href":"https:\/\/madelinefashion.pl\/en\/wp-json\/wp\/v2\/media\/112056"}],"wp:attachment":[{"href":"https:\/\/madelinefashion.pl\/en\/wp-json\/wp\/v2\/media?parent=112066"}],"wp:term":[{"taxonomy":"product_brand","embeddable":true,"href":"https:\/\/madelinefashion.pl\/en\/wp-json\/wp\/v2\/product_brand?post=112066"},{"taxonomy":"product_cat","embeddable":true,"href":"https:\/\/madelinefashion.pl\/en\/wp-json\/wp\/v2\/product_cat?post=112066"},{"taxonomy":"product_tag","embeddable":true,"href":"https:\/\/madelinefashion.pl\/en\/wp-json\/wp\/v2\/product_tag?post=112066"}],"curies":[{"name":"wp","href":"https:\/\/api.w.org\/{rel}","templated":true}]}}