{"id":112170,"date":"2023-12-01T12:32:27","date_gmt":"2023-12-01T11:32:27","guid":{"rendered":"https:\/\/madelinefashion.pl\/?post_type=product&#038;p=112170"},"modified":"2026-02-20T14:56:54","modified_gmt":"2026-02-20T13:56:54","slug":"sweter-swiateczny-z-balwanem-czarny","status":"publish","type":"product","link":"https:\/\/madelinefashion.pl\/en\/product\/sweter-swiateczny-z-balwanem-czarny\/","title":{"rendered":"Christmas Sweater with a Snowman, Black"},"content":{"rendered":"<h3 style=\"text-align: center;\">Christmas Sweater with a Snowman, Black<\/h3>\n<p style=\"text-align: center;\"><strong>The Black Christmas Sweater with Snowman is a model with festive patterns, perfect for holiday gatherings. <\/strong>this beautiful model is made of the highest quality yarn, which thanks to the precise processing process adds softness, softness and maximum comfort. One size sweater recommended for <b>Mr<\/b>\u00a0wearing a size\u00a0<b>S, M, L, XL<\/b>\u00a0It will attract attention and you will be\u00a0<b>look amazing<\/b>. Holidays are almost here, so it&#039;s high time to think about preparations, also those related to refreshing your wardrobe. In our store you will find <a href=\"https:\/\/madelinefashion.pl\/en\/product-tag\/swiateczny\/\"><strong>Christmas clothes<\/strong><\/a>that will make you feel again <strong>the magic of Christmas.<\/strong> <strong>Festive character <\/strong>it will work both on a daily basis<strong>, <\/strong>and during dinner <b>Christmas Eve. The fabric was decorated with snowflakes reminiscent of winter and Christmas. <\/b>It is difficult to imagine everyday autumn and winter stylizations without participation <strong>warm sweater<\/strong>. But is a sweater the right choice for a more elegant exit? Of course! <strong>Christmas sweater<\/strong> fits perfectly into the festive character <strong>December<\/strong> days when we spend time with our family. In our store you can find both short Christmas sweaters and <strong>longer tunics<\/strong>which look beautiful with longer socks. <a href=\"https:\/\/madelinefashion.pl\/en\/product-tag\/swiateczny\/\">Christmas sweaters<\/a>that surprise with remarkable patterns and original cuts - each of you will find something for yourself. After all, family meetings are, above all, a time to relax and have fun! Or maybe you are planning a Christmas session? Choose the right model for you and your loved ones. Thanks to their material, sweaters will work better\u00a0<strong>on colder days and during transitional periods<\/strong> or for the winter in combination with a jacket. If you have any further questions regarding this product, please do not hesitate to contact us by phone or via <a href=\"https:\/\/www.facebook.com\/madelinefashionbutik\" target=\"_blank\" rel=\"noopener\">Facebook<\/a>.<\/p>\n<h3 style=\"text-align: center;\">Dimensions:<\/h3>\n<ul>\n<li style=\"text-align: center;\">Width from armpit to armpit 51-65 cm<\/li>\n<li style=\"text-align: center;\">Overall length: 62 cm<\/li>\n<li style=\"text-align: center;\">Sleeve length from armpit: 45 cm<\/li>\n<li style=\"text-align: center;\">Sleeve length from the shoulder: 59 cm<\/li>\n<li style=\"text-align: center;\">Max in the bust 115 cm<\/li>\n<\/ul>\n<p>&nbsp;<\/p>\n<p style=\"text-align: center;\">Dimensions may slightly differ from the given +\/- 2cm. All dimensions given are measured flat.<strong>\u00a0 X2 dimension<\/strong><\/p>\n<table style=\"height: 220px;\" width=\"563\">\n<tbody>\n<tr>\n<td width=\"302\">Model name<\/td>\n<td width=\"302\">Christmas Sweater with a Snowman<\/td>\n<\/tr>\n<tr>\n<td width=\"302\">Collection<\/td>\n<td width=\"302\">Autumn winter<\/td>\n<\/tr>\n<tr>\n<td width=\"302\">Sizes<\/td>\n<td width=\"302\">Universal SML XL<\/td>\n<\/tr>\n<tr>\n<td width=\"302\">Composition<\/td>\n<td width=\"302\">40% ACRYLIC 30% MOHER 30% WOOL<\/td>\n<\/tr>\n<tr>\n<td width=\"302\">Color<\/td>\n<td width=\"302\">Black<\/td>\n<\/tr>\n<tr>\n<td width=\"302\">Cleavage<\/td>\n<td width=\"302\">Round<\/td>\n<\/tr>\n<\/tbody>\n<\/table>\n<p style=\"text-align: center;\">The model has\u00a0<strong>169<\/strong>\u00a0cm tall, wears a size every day\u00a0<strong>S.<\/strong><\/p>\n<p style=\"text-align: center;\">Bust width 91 cm<\/p>\n<p style=\"text-align: center;\">Waist width 71 cm<\/p>\n<p style=\"text-align: center;\">Hip width 96 cm<\/p>","protected":false},"excerpt":{"rendered":"<p>Sweter \u015awi\u0105teczny Z Ba\u0142wanem Czarny Sweter \u015awi\u0105teczny Z Ba\u0142wanem czarny to model o \u015bwi\u0105tecznych wzorach, idealnie sprawdzi si\u0119 podczas \u015bwi\u0105tecznych spotka\u0144. \u015awi\u0105teczny sweter to pi\u0119kny model wykonany jest z najwy\u017cszej jako\u015bci prz\u0119dzy, kt\u00f3ra dzi\u0119ki precyzyjnemu procesowi obr\u00f3bki dodaje mi\u0119kko\u015bci, mi\u0119kko\u015bci i maksymalnego komfortu. Sweter w rozmiarze uniwersalnym zalecanym dla Pa\u0144\u00a0nosz\u0105cych rozmiar\u00a0S, M, L , XL\u00a0Przyci\u0105gnie<\/p>\n<div class=\"klb-readmore post-buttons\"><a class=\"button black outline size-sm\" href=\"https:\/\/madelinefashion.pl\/en\/product\/sweter-swiateczny-z-balwanem-czarny\/\">Read More <i class=\"klbth-icon-right-arrow\"><\/i><\/a><\/div>","protected":false},"featured_media":585365,"template":"","meta":[],"product_brand":[],"product_cat":[78],"product_tag":[473,250],"class_list":{"0":"post-112170","1":"product","2":"type-product","3":"status-publish","4":"has-post-thumbnail","6":"product_cat-swetry-damskie","7":"product_tag-kolekcja-swiateczna","8":"product_tag-swiateczny","10":"first","11":"instock","12":"purchasable","13":"product-type-simple"},"_links":{"self":[{"href":"https:\/\/madelinefashion.pl\/en\/wp-json\/wp\/v2\/product\/112170","targetHints":{"allow":["GET"]}}],"collection":[{"href":"https:\/\/madelinefashion.pl\/en\/wp-json\/wp\/v2\/product"}],"about":[{"href":"https:\/\/madelinefashion.pl\/en\/wp-json\/wp\/v2\/types\/product"}],"wp:featuredmedia":[{"embeddable":true,"href":"https:\/\/madelinefashion.pl\/en\/wp-json\/wp\/v2\/media\/585365"}],"wp:attachment":[{"href":"https:\/\/madelinefashion.pl\/en\/wp-json\/wp\/v2\/media?parent=112170"}],"wp:term":[{"taxonomy":"product_brand","embeddable":true,"href":"https:\/\/madelinefashion.pl\/en\/wp-json\/wp\/v2\/product_brand?post=112170"},{"taxonomy":"product_cat","embeddable":true,"href":"https:\/\/madelinefashion.pl\/en\/wp-json\/wp\/v2\/product_cat?post=112170"},{"taxonomy":"product_tag","embeddable":true,"href":"https:\/\/madelinefashion.pl\/en\/wp-json\/wp\/v2\/product_tag?post=112170"}],"curies":[{"name":"wp","href":"https:\/\/api.w.org\/{rel}","templated":true}]}}