{"id":11242,"date":"2021-05-06T22:13:39","date_gmt":"2021-05-06T20:13:39","guid":{"rendered":"https:\/\/madelinefashion.pl\/?post_type=product&#038;p=11242"},"modified":"2025-09-09T10:35:15","modified_gmt":"2025-09-09T08:35:15","slug":"sukienka-maxi-w-paski-aurora-bezowa","status":"publish","type":"product","link":"https:\/\/madelinefashion.pl\/en\/product\/sukienka-maxi-w-paski-aurora-bezowa\/","title":{"rendered":"Striped Maxi Dress Aurora Beige"},"content":{"rendered":"<h3 style=\"text-align: center;\">Striped Maxi Dress Aurora Beige<\/h3>\n<p style=\"text-align: center;\">Very comfortable and pleasant to the touch knitted fabric <strong>sailor dress<\/strong> it will be perfect for everyday use when you want to look perfect and feel great at the same time. A stylish striped dress is perfect <strong>offer for spring and summer<\/strong>which is why many women choose this theme. Perfect for <strong>everyday styling,<\/strong> however, with the right accessories, it will be possible to go to a family event there. Dress with a striped motif tied at the waist allows you to emphasize the figure, but at the same time provides maximum comfort. <strong>The dress is beautifully arranged on the body<\/strong>while the material from which it is made ensures air permeability. Therefore, it can be worn even on a very hot day. <strong>Asymmetrical dress<\/strong> With <strong>a cut on the shoulder straps<\/strong> and a neckline on the back is a model in which you will shine. One size recommended for ladies in size <strong>SML XL<\/strong>\u00a0.<\/p>\n<h3 style=\"text-align: center;\">Dress dimensions:<\/h3>\n<ul style=\"text-align: center;\">\n<li>\u00a0\u00a0\u00a0\u00a0\u00a0\u00a0\u00a0 total length: 130 cm<\/li>\n<li>total side length: 72 cm<\/li>\n<li>width from armpit to armpit: 43-55 cm<\/li>\n<li>waist width: 41-55 cm<\/li>\n<\/ul>\n<p style=\"text-align: center;\">Dimensions may slightly differ from the given +\/- 2cm. All dimensions given are measured flat. <strong>X2 dimension<\/strong><\/p>\n<table style=\"height: 250px;\" width=\"510\">\n<tbody>\n<tr>\n<td width=\"302\">Model name<\/td>\n<td width=\"302\">Aurora Striped Maxi Dress<\/td>\n<\/tr>\n<tr>\n<td width=\"302\">Color<\/td>\n<td width=\"302\">Without<\/td>\n<\/tr>\n<tr>\n<td width=\"302\">Collection<\/td>\n<td width=\"302\">Spring Summer \/<\/td>\n<\/tr>\n<tr>\n<td width=\"302\">Sizes<\/td>\n<td width=\"302\">Universal<\/td>\n<\/tr>\n<tr>\n<td width=\"302\">Composition<\/td>\n<td width=\"302\">95 % Viscose 5% Elastane<\/td>\n<\/tr>\n<tr>\n<td width=\"302\">Length<\/td>\n<td width=\"302\">Maxi<\/td>\n<\/tr>\n<tr>\n<td width=\"302\">Cut<\/td>\n<td width=\"302\">Yes<\/td>\n<\/tr>\n<\/tbody>\n<\/table>\n<p>&nbsp;<\/p>\n<section class=\"page-product-box\">\n<div class=\"rte\">\n<p style=\"text-align: center;\">The model has\u00a0<strong>169<\/strong>\u00a0cm tall, wears a size every day\u00a0<strong>S.<\/strong><\/p>\n<p style=\"text-align: center;\">The width at the bust is 92 cm<\/p>\n<p style=\"text-align: center;\">Waist width 62 cm<\/p>\n<p style=\"text-align: center;\">The width at the hips is 94 cm<\/p>\n<\/div>\n<\/section>","protected":false},"excerpt":{"rendered":"<p>Sukienka Maxi w Paski Aurora Be\u017cowa Bardzo wygodna i przyjemna w dotyku dzianinowa sukienka marynarska \u015bwietnie sprawdzi si\u0119 na co dzie\u0144, gdy chcesz wygl\u0105da\u0107 idealnie i jednocze\u015bnie \u015bwietnie si\u0119 czu\u0107. Stylowa sukienka w paski to idealna propozycja na wiosn\u0119 i lato, dlatego wiele kobiet decyduje si\u0119 na ten motyw. \u015awietnie sprawdzi si\u0119 w codziennej stylizacji,<\/p>\n<div class=\"klb-readmore post-buttons\"><a class=\"button black outline size-sm\" href=\"https:\/\/madelinefashion.pl\/en\/product\/sukienka-maxi-w-paski-aurora-bezowa\/\">Read More <i class=\"klbth-icon-right-arrow\"><\/i><\/a><\/div>","protected":false},"featured_media":49291,"template":"","meta":[],"product_brand":[],"product_cat":[125,395],"product_tag":[],"class_list":{"0":"post-11242","1":"product","2":"type-product","3":"status-publish","4":"has-post-thumbnail","6":"product_cat-sukienki","7":"product_cat-nowosci","9":"first","10":"instock","11":"purchasable","12":"product-type-simple"},"_links":{"self":[{"href":"https:\/\/madelinefashion.pl\/en\/wp-json\/wp\/v2\/product\/11242","targetHints":{"allow":["GET"]}}],"collection":[{"href":"https:\/\/madelinefashion.pl\/en\/wp-json\/wp\/v2\/product"}],"about":[{"href":"https:\/\/madelinefashion.pl\/en\/wp-json\/wp\/v2\/types\/product"}],"wp:featuredmedia":[{"embeddable":true,"href":"https:\/\/madelinefashion.pl\/en\/wp-json\/wp\/v2\/media\/49291"}],"wp:attachment":[{"href":"https:\/\/madelinefashion.pl\/en\/wp-json\/wp\/v2\/media?parent=11242"}],"wp:term":[{"taxonomy":"product_brand","embeddable":true,"href":"https:\/\/madelinefashion.pl\/en\/wp-json\/wp\/v2\/product_brand?post=11242"},{"taxonomy":"product_cat","embeddable":true,"href":"https:\/\/madelinefashion.pl\/en\/wp-json\/wp\/v2\/product_cat?post=11242"},{"taxonomy":"product_tag","embeddable":true,"href":"https:\/\/madelinefashion.pl\/en\/wp-json\/wp\/v2\/product_tag?post=11242"}],"curies":[{"name":"wp","href":"https:\/\/api.w.org\/{rel}","templated":true}]}}