{"id":112625,"date":"2023-12-02T11:54:23","date_gmt":"2023-12-02T10:54:23","guid":{"rendered":"https:\/\/madelinefashion.pl\/?post_type=product&#038;p=112625"},"modified":"2026-01-20T10:33:15","modified_gmt":"2026-01-20T09:33:15","slug":"bluzka-pas-lumina-biala","status":"publish","type":"product","link":"https:\/\/madelinefashion.pl\/en\/product\/bluzka-pas-lumina-biala\/","title":{"rendered":"Lumina Pas Blouse White"},"content":{"rendered":"<h3 style=\"text-align: center;\">Lumina Pas Blouse White<\/h3>\n<p style=\"text-align: center;\"><strong>Pastel blouse<\/strong>\u00a0is an original blouse allowing\u00a0<strong>stand out from the crowd.<\/strong>\u00a0 Pleasant to the touch, breathable material will provide you with comfort. You can wear the blouse all year round, regardless of the season. Combine it with Pastel pants, which you can also find in our store. Available in color variants. Premium quality 3\/4 sleeve sweatshirt.\u00a0 <strong>Pastel blouse<\/strong> is a cute and girly model that <strong>will add character<\/strong> and will give you an injection of positive energy. The blouse is very comfortable and functional. Beautiful, saturated colors will enliven your look and put you in a positive mood! The sweatshirt is finished with a welt at the bottom. Suitable for people who wear size\u00a0<strong> SML XL\u00a0<\/strong><\/p>\n<h3 style=\"text-align: center;\">Dimensions:<\/h3>\n<ul style=\"text-align: center;\">\n<li>\u00a0\u00a0\u00a0\u00a0\u00a0\u00a0\u00a0 Overall length: 61 cm<\/li>\n<li>\u00a0 \u00a0 \u00a0 \u00a0 Width from armpit to armpit: 51-57 cm<\/li>\n<li>Sleeve length from armpit: 10 cm<\/li>\n<li>Bottom width: 40 cm - 56 cm<\/li>\n<\/ul>\n<p style=\"text-align: center;\">Dimensions may slightly differ from the given +\/- 2cm. All dimensions given are measured flat.<\/p>\n<table>\n<tbody>\n<tr>\n<td width=\"302\">Model name<\/td>\n<td width=\"302\">Pas Lumina blouse<\/td>\n<\/tr>\n<tr>\n<td width=\"302\">Color<\/td>\n<td width=\"302\">White<\/td>\n<\/tr>\n<tr>\n<td width=\"302\">Sizes<\/td>\n<td width=\"302\">Universal<\/td>\n<\/tr>\n<tr>\n<td width=\"302\">Fashion<\/td>\n<td width=\"302\">Oversize<\/td>\n<\/tr>\n<tr>\n<td width=\"302\">Material<\/td>\n<td width=\"302\">95 % Cotton 5% Elastane<\/td>\n<\/tr>\n<\/tbody>\n<\/table>\n<p style=\"text-align: center;\">The model has\u00a0<strong>169<\/strong>\u00a0cm tall, wears a size every day\u00a0<strong>S.<\/strong><\/p>\n<p style=\"text-align: center;\">Bust width 91 cm<\/p>\n<p style=\"text-align: center;\">Waist width 71 cm<\/p>\n<p style=\"text-align: center;\">Hip width 96 cm<\/p>\n<p style=\"text-align: center;\">","protected":false},"excerpt":{"rendered":"<p>Bluzka Pas Lumina Bia\u0142a Bluzka Pastel\u00a0to oryginalna bluzka pozwalaj\u0105ca\u00a0wyr\u00f3\u017cni\u0107 si\u0119 z t\u0142umu.\u00a0 Przyjemny w dotyku, oddychaj\u0105cy materia\u0142 zapewni Ci komfort noszenia. Bluzk\u0119\u00a0 mo\u017cesz nosi\u0107 przez ca\u0142y rok, niezale\u017cnie od pory roku. Po\u0142\u0105cz j\u0105 z Pastelowymi spodniami, kt\u00f3re r\u00f3wnie\u017c znajdziesz w naszym sklepie . Dost\u0119pna w wariantach kolorystycznych.\u00a0 Bluza z r\u0119kawem 3\/4 w jako\u015bci premium.\u00a0 Bluzka<\/p>\n<div class=\"klb-readmore post-buttons\"><a class=\"button black outline size-sm\" href=\"https:\/\/madelinefashion.pl\/en\/product\/bluzka-pas-lumina-biala\/\">Read More <i class=\"klbth-icon-right-arrow\"><\/i><\/a><\/div>","protected":false},"featured_media":112614,"template":"","meta":[],"product_brand":[],"product_cat":[77,395],"product_tag":[251],"class_list":{"0":"post-112625","1":"product","2":"type-product","3":"status-publish","4":"has-post-thumbnail","6":"product_cat-bluzki","7":"product_cat-nowosci","8":"product_tag-bluzka-biala","10":"first","11":"outofstock","12":"sale","13":"purchasable","14":"product-type-simple"},"_links":{"self":[{"href":"https:\/\/madelinefashion.pl\/en\/wp-json\/wp\/v2\/product\/112625","targetHints":{"allow":["GET"]}}],"collection":[{"href":"https:\/\/madelinefashion.pl\/en\/wp-json\/wp\/v2\/product"}],"about":[{"href":"https:\/\/madelinefashion.pl\/en\/wp-json\/wp\/v2\/types\/product"}],"wp:featuredmedia":[{"embeddable":true,"href":"https:\/\/madelinefashion.pl\/en\/wp-json\/wp\/v2\/media\/112614"}],"wp:attachment":[{"href":"https:\/\/madelinefashion.pl\/en\/wp-json\/wp\/v2\/media?parent=112625"}],"wp:term":[{"taxonomy":"product_brand","embeddable":true,"href":"https:\/\/madelinefashion.pl\/en\/wp-json\/wp\/v2\/product_brand?post=112625"},{"taxonomy":"product_cat","embeddable":true,"href":"https:\/\/madelinefashion.pl\/en\/wp-json\/wp\/v2\/product_cat?post=112625"},{"taxonomy":"product_tag","embeddable":true,"href":"https:\/\/madelinefashion.pl\/en\/wp-json\/wp\/v2\/product_tag?post=112625"}],"curies":[{"name":"wp","href":"https:\/\/api.w.org\/{rel}","templated":true}]}}