{"id":11326,"date":"2021-05-06T23:38:23","date_gmt":"2021-05-06T21:38:23","guid":{"rendered":"https:\/\/madelinefashion.pl\/?post_type=product&#038;p=11326"},"modified":"2025-10-01T07:35:10","modified_gmt":"2025-10-01T05:35:10","slug":"spodnie-dresowe-joggery-smile-kiss","status":"publish","type":"product","link":"https:\/\/madelinefashion.pl\/en\/product\/spodnie-dresowe-joggery-smile-kiss\/","title":{"rendered":"Joggery Smile Kiss Sweatpants"},"content":{"rendered":"<h3 style=\"text-align: center;\">Joggery Smile Kiss Sweatpants<\/h3>\n<p style=\"text-align: center;\">Patterned joggers are a model that will be perfect for everyday stylizations with a modern look. The entire surface of the pants has a colorful pattern in the style of pop art. <strong>Casul women&#039;s pants<\/strong> long is a hit this season. <strong>Simple fashion<\/strong>fitted with two practical pockets. <strong>Rubber sewn into the waistband<\/strong>, additionally a binding that allows you to adjust the pants to the figure. The model is ideal for combining with both sports shoes and high heels. Patterned trousers<strong> with a print are made of a very flexible material<\/strong>. <strong>Women&#039;s sweatpants<\/strong> universal size with <strong>flower pattern<\/strong> recommended for ladies in size SML XL in case of wearing a larger size, please refer to the dimensions. Available in our store in several themes.<\/p>\n<p>&nbsp;<\/p>\n<h3 style=\"text-align: center;\">Dimensions:<\/h3>\n<ul>\n<li style=\"text-align: center;\">Overall length: 91 cm<\/li>\n<li style=\"text-align: center;\">Inside leg length: 63 cm<\/li>\n<li style=\"text-align: center;\">Waist width: 31-41 cm<\/li>\n<li style=\"text-align: center;\">Waist: 32.5 cm<\/li>\n<li style=\"text-align: center;\">Hip width: 47-58 cm<\/li>\n<\/ul>\n<div class=\"additional-details\" style=\"text-align: center;\">\n<p>Dimensions may slightly differ from the given +\/- 2cm. All dimensions given are measured flat. X2 dimension<\/p>\n<p>&nbsp;<\/p>\n<\/div>\n<div class=\"overview-buttons\" style=\"text-align: center;\"><\/div>\n<p style=\"text-align: center;\">Composition: 55% Viscose 35%Nylon 10% Elastane<\/p>\n<p style=\"text-align: center;\"><strong>They fit perfectly to every figure<\/strong><\/p>\n<p>&nbsp;<\/p>\n<p>&nbsp;<\/p>\n<p style=\"text-align: center;\">\u00a0The model has\u00a0<strong>175<\/strong>\u00a0cm tall, wears a size every day\u00a0<strong>S.<\/strong><\/p>\n<p style=\"text-align: center;\">","protected":false},"excerpt":{"rendered":"<p>Spodnie Dresowe Joggery Smile Kiss Wzorzyste spodnie dresowe joggery to model, kt\u00f3ry idealnie sprawdzi si\u0119 w codziennych stylizacjach o nowoczesnym looku. Na ca\u0142ej powierzchni spodni kolorowy wz\u00f3r w stylu pop art. Casulowe spodnie damskie d\u0142ugie to hit tego sezonu. Fason prosty, dopasowany z dwoma praktycznymi kieszonkami. W pas wszyta guma, dodatkowo wi\u0105zanie pozwalaj\u0105ce dopasowa\u0107 spodnie<\/p>\n<div class=\"klb-readmore post-buttons\"><a class=\"button black outline size-sm\" href=\"https:\/\/madelinefashion.pl\/en\/product\/spodnie-dresowe-joggery-smile-kiss\/\">Read More <i class=\"klbth-icon-right-arrow\"><\/i><\/a><\/div>","protected":false},"featured_media":11332,"template":"","meta":[],"product_brand":[],"product_cat":[83,395],"product_tag":[475],"class_list":{"0":"post-11326","1":"product","2":"type-product","3":"status-publish","4":"has-post-thumbnail","6":"product_cat-spodnie","7":"product_cat-nowosci","8":"product_tag-spodnie-dlugie","9":"pa_rozmiar-uniwersalny","10":"pa_rozmiar-s","11":"pa_rozmiar-m","12":"pa_rozmiar-l","13":"pa_rozmiar-xl","15":"first","16":"instock","17":"purchasable","18":"product-type-simple"},"_links":{"self":[{"href":"https:\/\/madelinefashion.pl\/en\/wp-json\/wp\/v2\/product\/11326","targetHints":{"allow":["GET"]}}],"collection":[{"href":"https:\/\/madelinefashion.pl\/en\/wp-json\/wp\/v2\/product"}],"about":[{"href":"https:\/\/madelinefashion.pl\/en\/wp-json\/wp\/v2\/types\/product"}],"wp:featuredmedia":[{"embeddable":true,"href":"https:\/\/madelinefashion.pl\/en\/wp-json\/wp\/v2\/media\/11332"}],"wp:attachment":[{"href":"https:\/\/madelinefashion.pl\/en\/wp-json\/wp\/v2\/media?parent=11326"}],"wp:term":[{"taxonomy":"product_brand","embeddable":true,"href":"https:\/\/madelinefashion.pl\/en\/wp-json\/wp\/v2\/product_brand?post=11326"},{"taxonomy":"product_cat","embeddable":true,"href":"https:\/\/madelinefashion.pl\/en\/wp-json\/wp\/v2\/product_cat?post=11326"},{"taxonomy":"product_tag","embeddable":true,"href":"https:\/\/madelinefashion.pl\/en\/wp-json\/wp\/v2\/product_tag?post=11326"}],"curies":[{"name":"wp","href":"https:\/\/api.w.org\/{rel}","templated":true}]}}