{"id":113287,"date":"2023-12-07T15:09:18","date_gmt":"2023-12-07T14:09:18","guid":{"rendered":"https:\/\/madelinefashion.pl\/?post_type=product&#038;p=113287"},"modified":"2026-02-20T14:56:52","modified_gmt":"2026-02-20T13:56:52","slug":"sweter-odkryte-plecy-jugo-granat","status":"publish","type":"product","link":"https:\/\/madelinefashion.pl\/en\/product\/sweter-odkryte-plecy-jugo-granat\/","title":{"rendered":"Jugo Navy Blue Open Back Sweater"},"content":{"rendered":"<h3 style=\"text-align: center;\">Jugo Navy Blue Open Back Sweater<\/h3>\n<h3 style=\"text-align: center;\">Dimensions:<\/h3>\n<p style=\"text-align: center;\">TOTAL LENGTH 59 cm<\/p>\n<p style=\"text-align: center;\">WIDTH FROM AARM TO AARM 57 cm<\/p>\n<p style=\"text-align: center;\">SLEEVE LENGTH FROM THE SHOULDER 56 cm<\/p>\n<p style=\"text-align: center;\">SLEEVE LENGTH FROM THE ARMP 38 cm<\/p>\n<p style=\"text-align: center;\">The model has\u00a0<strong>169<\/strong>\u00a0cm tall, wears a size every day\u00a0<strong>S.<\/strong><\/p>\n<p style=\"text-align: center;\">Bust width 91 cm<\/p>\n<p style=\"text-align: center;\">Waist width 71 cm<\/p>\n<p style=\"text-align: center;\">Hip width 96 cm<\/p>","protected":false},"excerpt":{"rendered":"<p>Sweter Odkryte Plecy Jugo Granat Wymiary: D\u0141UGO\u015a\u0106 CA\u0141KOWITA\u00a0\u00a059 cm SZEROKO\u015a\u0106 OD PACHY DO PACHY\u00a0 57 cm D\u0141UGO\u015a\u0106 R\u0118KAWA OD RAMIENIA\u00a056 cm D\u0141UGO\u015a\u0106 R\u0118KAWA OD PACHY\u00a038 cm Modelka ma\u00a0169\u00a0cm wzrostu, na co dzie\u0144 nosi rozmiar\u00a0S Szeroko\u015b\u0107 w biu\u015bcie 91 cm Szeroko\u015b\u0107 w talii 71 cm Szeroko\u015b\u0107 w biodrach 96 cm<\/p>","protected":false},"featured_media":113279,"template":"","meta":[],"product_brand":[],"product_cat":[78],"product_tag":[],"class_list":{"0":"post-113287","1":"product","2":"type-product","3":"status-publish","4":"has-post-thumbnail","6":"product_cat-swetry-damskie","8":"first","9":"outofstock","10":"purchasable","11":"product-type-simple"},"_links":{"self":[{"href":"https:\/\/madelinefashion.pl\/en\/wp-json\/wp\/v2\/product\/113287","targetHints":{"allow":["GET"]}}],"collection":[{"href":"https:\/\/madelinefashion.pl\/en\/wp-json\/wp\/v2\/product"}],"about":[{"href":"https:\/\/madelinefashion.pl\/en\/wp-json\/wp\/v2\/types\/product"}],"wp:featuredmedia":[{"embeddable":true,"href":"https:\/\/madelinefashion.pl\/en\/wp-json\/wp\/v2\/media\/113279"}],"wp:attachment":[{"href":"https:\/\/madelinefashion.pl\/en\/wp-json\/wp\/v2\/media?parent=113287"}],"wp:term":[{"taxonomy":"product_brand","embeddable":true,"href":"https:\/\/madelinefashion.pl\/en\/wp-json\/wp\/v2\/product_brand?post=113287"},{"taxonomy":"product_cat","embeddable":true,"href":"https:\/\/madelinefashion.pl\/en\/wp-json\/wp\/v2\/product_cat?post=113287"},{"taxonomy":"product_tag","embeddable":true,"href":"https:\/\/madelinefashion.pl\/en\/wp-json\/wp\/v2\/product_tag?post=113287"}],"curies":[{"name":"wp","href":"https:\/\/api.w.org\/{rel}","templated":true}]}}