{"id":113617,"date":"2023-12-09T14:19:28","date_gmt":"2023-12-09T13:19:28","guid":{"rendered":"https:\/\/madelinefashion.pl\/?post_type=product&#038;p=113617"},"modified":"2026-03-05T17:03:00","modified_gmt":"2026-03-05T16:03:00","slug":"sweter-swiateczny-norweskie-wzory-serca-butelkowa-zielen","status":"publish","type":"product","link":"https:\/\/madelinefashion.pl\/en\/product\/sweter-swiateczny-norweskie-wzory-serca-butelkowa-zielen\/","title":{"rendered":"Norwegian Heart Pattern Bottle Green Christmas Sweater"},"content":{"rendered":"<h3 style=\"text-align: center;\">Norwegian Heart Pattern Bottle Green Christmas Sweater<\/h3>\n<p style=\"text-align: center;\"><strong>Christmas Sweater Norwegian Heart Patterns White and Red is a model with Christmas patterns, it will be perfect for Christmas meetings. Christmas sweater <\/strong>this beautiful model is made of the highest quality yarn, which thanks to the precise processing process adds softness, softness and maximum comfort. One size sweater recommended for <b>Mr<\/b>\u00a0wearing a size\u00a0<b>S, M, L, XL<\/b>\u00a0It will attract attention and you will be\u00a0<b>look amazing<\/b>. Holidays are almost here, so it&#039;s high time to think about preparations, also those related to refreshing your wardrobe. In our store you will find <strong>Christmas clothes<\/strong>that will make you feel again <strong>the magic of Christmas.<\/strong> <strong>Festive character <\/strong>it will work both on a daily basis<strong>, <\/strong>and during dinner <strong>Christmas Eve. The material was decorated with the motifs of reindeer, stars, hearts, snowflakes and Christmas trees associated with winter and Christmas. <\/strong>Thanks to their material, they will work better\u00a0<strong>on colder days and during transitional periods<\/strong> or for the winter in combination with a jacket. If you have any additional questions about this product, please do not hesitate to contact us by phone or via Facebook.<\/p>\n<h3 style=\"text-align: center;\">Dimensions:<\/h3>\n<ul>\n<li style=\"text-align: center;\">Width from armpit to armpit 47-57 cm<\/li>\n<li style=\"text-align: center;\">Total length 69 cm<\/li>\n<li style=\"text-align: center;\">Sleeve length from armpit 44 cm<\/li>\n<li style=\"text-align: center;\">Sleeve length from shoulder 52 cm<\/li>\n<\/ul>\n<p>&nbsp;<\/p>\n<p style=\"text-align: center;\">Dimensions may slightly differ from the given +\/- 2cm. All dimensions given are measured flat.<strong>\u00a0 X2 dimension<\/strong><\/p>\n<table style=\"height: 220px;\" width=\"563\">\n<tbody>\n<tr>\n<td width=\"302\">Model name<\/td>\n<td width=\"302\">Norwegian Heart Patterns Christmas Sweater<\/td>\n<\/tr>\n<tr>\n<td width=\"302\">Collection<\/td>\n<td width=\"302\">Autumn winter<\/td>\n<\/tr>\n<tr>\n<td width=\"302\">Sizes<\/td>\n<td width=\"302\">Universal SML XL<\/td>\n<\/tr>\n<tr>\n<td width=\"302\">Composition<\/td>\n<td width=\"302\">40% ACRYLIC 30% MOHER 30% WOOL<\/td>\n<\/tr>\n<tr>\n<td width=\"302\">Color<\/td>\n<td width=\"302\">Bottle green<\/td>\n<\/tr>\n<tr>\n<td width=\"302\">Cleavage<\/td>\n<td width=\"302\">Round<\/td>\n<\/tr>\n<\/tbody>\n<\/table>\n<p style=\"text-align: center;\">The model has\u00a0<strong>169<\/strong>\u00a0cm tall, wears a size every day\u00a0<strong>S.<\/strong><\/p>\n<p style=\"text-align: center;\">Bust width 91 cm<\/p>\n<p style=\"text-align: center;\">Waist width 71 cm<\/p>\n<p style=\"text-align: center;\">Hip width 96 cm<\/p>\n<p style=\"text-align: center;\">","protected":false},"excerpt":{"rendered":"<p>Sweter \u015awi\u0105teczny Norweskie Wzory Serca Butelkowa Ziele\u0144 Sweter \u015awi\u0105teczny Norweskie Wzory Serca Bia\u0142o Czerwony to model o \u015bwi\u0105tecznych wzorach, idealnie sprawdzi si\u0119 podczas \u015bwi\u0105tecznych spotka\u0144. \u015awi\u0105teczny sweter to pi\u0119kny model wykonany jest z najwy\u017cszej jako\u015bci prz\u0119dzy, kt\u00f3ra dzi\u0119ki precyzyjnemu procesowi obr\u00f3bki dodaje mi\u0119kko\u015bci, mi\u0119kko\u015bci i maksymalnego komfortu. Sweter w rozmiarze uniwersalnym zalecanym dla Pa\u0144\u00a0nosz\u0105cych rozmiar\u00a0S,<\/p>\n<div class=\"klb-readmore post-buttons\"><a class=\"button black outline size-sm\" href=\"https:\/\/madelinefashion.pl\/en\/product\/sweter-swiateczny-norweskie-wzory-serca-butelkowa-zielen\/\">Read More <i class=\"klbth-icon-right-arrow\"><\/i><\/a><\/div>","protected":false},"featured_media":113616,"template":"","meta":[],"product_brand":[],"product_cat":[158],"product_tag":[473,250],"class_list":{"0":"post-113617","1":"product","2":"type-product","3":"status-publish","4":"has-post-thumbnail","6":"product_cat-sukienki-sweterkowe","7":"product_tag-kolekcja-swiateczna","8":"product_tag-swiateczny","10":"first","11":"outofstock","12":"sale","13":"purchasable","14":"product-type-simple"},"_links":{"self":[{"href":"https:\/\/madelinefashion.pl\/en\/wp-json\/wp\/v2\/product\/113617","targetHints":{"allow":["GET"]}}],"collection":[{"href":"https:\/\/madelinefashion.pl\/en\/wp-json\/wp\/v2\/product"}],"about":[{"href":"https:\/\/madelinefashion.pl\/en\/wp-json\/wp\/v2\/types\/product"}],"wp:featuredmedia":[{"embeddable":true,"href":"https:\/\/madelinefashion.pl\/en\/wp-json\/wp\/v2\/media\/113616"}],"wp:attachment":[{"href":"https:\/\/madelinefashion.pl\/en\/wp-json\/wp\/v2\/media?parent=113617"}],"wp:term":[{"taxonomy":"product_brand","embeddable":true,"href":"https:\/\/madelinefashion.pl\/en\/wp-json\/wp\/v2\/product_brand?post=113617"},{"taxonomy":"product_cat","embeddable":true,"href":"https:\/\/madelinefashion.pl\/en\/wp-json\/wp\/v2\/product_cat?post=113617"},{"taxonomy":"product_tag","embeddable":true,"href":"https:\/\/madelinefashion.pl\/en\/wp-json\/wp\/v2\/product_tag?post=113617"}],"curies":[{"name":"wp","href":"https:\/\/api.w.org\/{rel}","templated":true}]}}