{"id":11442,"date":"2021-05-07T17:56:37","date_gmt":"2021-05-07T15:56:37","guid":{"rendered":"https:\/\/madelinefashion.pl\/?post_type=product&#038;p=11442"},"modified":"2025-09-09T10:35:06","modified_gmt":"2025-09-09T08:35:06","slug":"sukienka-w-kwiaty-dluga-flavio-zolta","status":"publish","type":"product","link":"https:\/\/madelinefashion.pl\/en\/product\/sukienka-w-kwiaty-dluga-flavio-zolta\/","title":{"rendered":"Long Flavio Yellow Flower Dress"},"content":{"rendered":"<h3 style=\"text-align: center;\">Long Flavio Yellow Flower Dress<\/h3>\n<p style=\"text-align: center;\"><strong>Long Flavio Yellow Flower Dress<\/strong> is a light, airy dress with a maxi length made of a delicate fabric w<strong> prints with tiny flowers<\/strong>.<span style=\"font-size: 10pt;\"> Very girly floral dress with maxi length. An elastic band at the waist will ensure that the model fits the figure, which will emphasize the feminine shapes. Dress <strong style=\"font-size: 10pt;\">has a binding at the waist<\/strong>. Airy cut <strong>It arranges itself fantastically when moving<\/strong>. <span lang=\"pl-pl\" xml:lang=\"pl-pl\">The dress is made of light material so <b style=\"font-size: 10pt;\">you will feel at ease in it. <\/b>Perfect for everyday outings with friends, to work school or to school <span style=\"font-size: 13.3333px;\"><b>celebrations<\/b><\/span><b style=\"font-size: 10pt;\"> family and banquet parties. Our dress <\/b> is the perfect proposition for <strong>Spring and Summer days<\/strong>. <\/span><span lang=\"pl-pl\" style=\"font-size: 10pt;\" xml:lang=\"pl-pl\">Available in our store in several color variants. FROM<strong>alecana for women in size SML XL <\/strong>\u00a0 <\/span><\/span><\/p>\n<p>&nbsp;<\/p>\n<h3 style=\"text-align: center;\">Dimension:<\/h3>\n<p style=\"text-align: center;\"><strong>AND<\/strong>- WAIST WIDTH 31 cm - 45 cm<\/p>\n<p style=\"text-align: center;\"><strong>B<\/strong>-WIDTH FROM ARMPIT TO ARMPIT 44 cm - 51 cm<\/p>\n<p style=\"text-align: center;\"><strong>C.<\/strong>-TOTAL LENGTH 136 cm<\/p>\n<p style=\"text-align: center;\">Dimensions may vary from the given +\/- 2cm. All dimensions given are measured flat. <strong>X2 dimension<\/strong><\/p>\n<p style=\"text-align: center;\">\u00a0The model has\u00a0<strong>175<\/strong>\u00a0cm tall, wears a size every day\u00a0<strong>S.<\/strong><\/p>\n<p>&nbsp;<\/p>","protected":false},"excerpt":{"rendered":"<p>Sukienka w Kwiaty D\u0142uga Flavio \u017b\u00f3\u0142ta Sukienka w Kwiaty D\u0142uga Flavio \u017b\u00f3\u0142ta to lekka, zwiewna sukienka o d\u0142ugo\u015bci maxi z delikatnej tkaniny w princie w drobne kwiatki. Bardzo dziewcz\u0119ca sukienka w kwiaty o d\u0142ugo\u015bci maxi. W talii elastyczna gumka zapewni dopasowanie modelu do sylwetki co podkre\u015bli kobiece kszta\u0142ty. Sukienka posiada wi\u0105zanie w tali. Zwiewny fason<\/p>\n<div class=\"klb-readmore post-buttons\"><a class=\"button black outline size-sm\" href=\"https:\/\/madelinefashion.pl\/en\/product\/sukienka-w-kwiaty-dluga-flavio-zolta\/\">Read More <i class=\"klbth-icon-right-arrow\"><\/i><\/a><\/div>","protected":false},"featured_media":11426,"template":"","meta":[],"product_brand":[],"product_cat":[125],"product_tag":[396],"class_list":{"0":"post-11442","1":"product","2":"type-product","3":"status-publish","4":"has-post-thumbnail","6":"product_cat-sukienki","7":"product_tag-sukienki-w-kwiaty","9":"first","10":"instock","11":"purchasable","12":"product-type-simple"},"_links":{"self":[{"href":"https:\/\/madelinefashion.pl\/en\/wp-json\/wp\/v2\/product\/11442","targetHints":{"allow":["GET"]}}],"collection":[{"href":"https:\/\/madelinefashion.pl\/en\/wp-json\/wp\/v2\/product"}],"about":[{"href":"https:\/\/madelinefashion.pl\/en\/wp-json\/wp\/v2\/types\/product"}],"wp:featuredmedia":[{"embeddable":true,"href":"https:\/\/madelinefashion.pl\/en\/wp-json\/wp\/v2\/media\/11426"}],"wp:attachment":[{"href":"https:\/\/madelinefashion.pl\/en\/wp-json\/wp\/v2\/media?parent=11442"}],"wp:term":[{"taxonomy":"product_brand","embeddable":true,"href":"https:\/\/madelinefashion.pl\/en\/wp-json\/wp\/v2\/product_brand?post=11442"},{"taxonomy":"product_cat","embeddable":true,"href":"https:\/\/madelinefashion.pl\/en\/wp-json\/wp\/v2\/product_cat?post=11442"},{"taxonomy":"product_tag","embeddable":true,"href":"https:\/\/madelinefashion.pl\/en\/wp-json\/wp\/v2\/product_tag?post=11442"}],"curies":[{"name":"wp","href":"https:\/\/api.w.org\/{rel}","templated":true}]}}