{"id":117586,"date":"2024-01-30T15:57:16","date_gmt":"2024-01-30T14:57:16","guid":{"rendered":"https:\/\/madelinefashion.pl\/?post_type=product&#038;p=117586"},"modified":"2026-04-20T18:53:31","modified_gmt":"2026-04-20T16:53:31","slug":"suknia-slubna-z-piorkami-melody-bialo-srebrna","status":"publish","type":"product","link":"https:\/\/madelinefashion.pl\/en\/product\/suknia-slubna-z-piorkami-melody-bialo-srebrna\/","title":{"rendered":"Melody White and Silver Feather Wedding Dress"},"content":{"rendered":"<h3 style=\"text-align: center;\">Melody White and Silver Feather Wedding Dress<\/h3>\n<p style=\"text-align: center;\"><strong>Dreamlike wedding dress<\/strong> fitted, decorated with feathers and sequins, with a V-neck. <strong>It looks very sensual and original.<\/strong> The sequin appliqu\u00e9s on the front of the dress create a unique texture, lending the entire piece a one-of-a-kind look. The strapless dress sensually reveals the back. Carefully placed sequin appliqu\u00e9s create a one-of-a-kind effect. Additionally, feathers sewn from the waistline give the dress a unique character. This unique touch makes the dress incredibly feminine. The leg slit will highlight your shapely legs. <strong>Sequined dress with feathers and an open back<\/strong> This is a choice for those who want to express their uniqueness at special events. This is a creation for true women who want to shine, exuding unique charm. The fitted bottom of the dress \u2013 ala<strong> fish<\/strong>\u00a0 lining underneath. White and silver dress for <strong>wedding<\/strong> civil, church, perfect for a wedding or after-party. <strong>\u00a0V-shaped neckline<\/strong>. Tapered at the waist, it perfectly emphasizes the waist. <strong>Fish wedding dress<\/strong> (mermaid) is the essence of wedding elegance. It beautifully emphasizes the waist, hips and bust. Our <strong>Wedding Dress<\/strong> <strong>Melody<\/strong>\u00a0 available in our store in sizes XS SML<br \/>\n<strong>We know <\/strong>how important it is for everyone<strong> The bride <\/strong>is <strong>properly selected creation. A wedding dress should match the type of beauty, figure and individual taste <\/strong><strong>above all<\/strong><strong>\u00a0 the most important thing is that it should be comfortable! <\/strong>This ensures that the creation will fulfill <strong>your role in the 100% - <\/strong>Our <strong>wedding dresses will add to the bride <\/strong>unique <strong>self-confidence. In the shop <a href=\"https:\/\/madelinefashion.pl\/en\/sukienki-i-kombinezony\/sukienki-okolicznosciowe\/\">madelinefashion<\/a> you can find dresses for both church and civil weddings, as well as for after-parties<\/strong>, prom, New Year&#039;s Eve and other elegant special events. Our offer<strong> you will find both classic, simple models, as well as decorated with crystals, sequins and lace or tulle.\u00a0<\/strong>In our e-shop you will find unique dresses at extremely affordable prices -\u00a0 <strong>do not hesitate and choose the one that is perfect for you<\/strong>. If you can&#039;t decide which color, <strong>size<\/strong> is the best for you, <strong>contact us<\/strong> through <a href=\"https:\/\/www.facebook.com\/madelinefashionbutik\" target=\"_blank\" rel=\"noopener\">Facebook<\/a> or <a href=\"https:\/\/madelinefashion.pl\/en\/kontakt\/\">phone<\/a>. In the absence of a size on the site, please<strong> contact<\/strong>.\u00a0<strong> Not sure which wedding dress to choose?<\/strong>\u00a0<a href=\"https:\/\/madelinefashion.pl\/en\/product-tag\/sukienka-biala\/?orderby=price-desc\"><strong>Check<\/strong><\/a>which will be perfect for you!<\/p>\n<h3 style=\"text-align: center;\">DRESS DIMENSIONS:<\/h3>\n<div class=\"additional-details\" style=\"text-align: center;\">\n<table width=\"556\">\n<tbody>\n<tr>\n<td><strong>SIZE<\/strong><\/td>\n<td><strong>Bust<\/strong><\/td>\n<td><strong>Waist<\/strong><\/td>\n<td><strong>Hips<\/strong><\/td>\n<\/tr>\n<tr>\n<td><strong>34<\/strong><\/td>\n<td>84-86<\/td>\n<td>64-68<\/td>\n<td>\u00a082-90<\/td>\n<\/tr>\n<tr>\n<td><strong>36<\/strong><\/td>\n<td>88-90<\/td>\n<td>68-72<\/td>\n<td>\u00a086-92<\/td>\n<\/tr>\n<tr>\n<td><strong>38<\/strong><\/td>\n<td>92-94<\/td>\n<td>72-76<\/td>\n<td>\u00a090-96<\/td>\n<\/tr>\n<tr>\n<td><strong>40<\/strong><\/td>\n<td>96-98<\/td>\n<td>76-80<\/td>\n<td>\u00a094-106<\/td>\n<\/tr>\n<\/tbody>\n<\/table>\n<p>&nbsp;<\/p>\n<p style=\"text-align: center;\" align=\"center\"><span style=\"font-size: 10.0pt;\">total length approx. 157 cm (the dress can be shortened on your own)\u00a0<\/span><\/p>\n<\/div>\n<p style=\"text-align: center;\"><span style=\"font-size: 10pt;\">The dress is also available in other colors - see our other products.<\/span><\/p>\n<p style=\"text-align: center;\"><span style=\"font-size: 10pt;\">Dimensions may slightly differ from the given +\/- 2cm.\u00a0<\/span><\/p>\n<p style=\"text-align: center;\"><span style=\"font-size: 10pt;\"><strong>\u00a0<\/strong>\u00a0<\/span><\/p>\n<table width=\"620\">\n<tbody>\n<tr>\n<td width=\"302\">Model name<\/td>\n<td width=\"302\">Melody Feather Wedding Dress<\/td>\n<\/tr>\n<tr>\n<td width=\"302\">Color<\/td>\n<td width=\"302\">White<\/td>\n<\/tr>\n<tr>\n<td width=\"302\">Mark<\/td>\n<td width=\"302\">Pretty Women<\/td>\n<\/tr>\n<tr>\n<td width=\"302\">Sizes<\/td>\n<td width=\"302\">34 36 38 40<\/td>\n<\/tr>\n<tr>\n<td width=\"302\">Fashion<\/td>\n<td width=\"302\">Matching \/ fish<\/td>\n<\/tr>\n<tr>\n<td width=\"302\">Material<\/td>\n<td width=\"302\">Viscose, Polyester, Cotton<\/td>\n<\/tr>\n<tr>\n<td width=\"302\">Length<\/td>\n<td width=\"302\">To the ground<\/td>\n<\/tr>\n<\/tbody>\n<\/table>\n<p style=\"text-align: center;\" align=\"center\">We invite you to our wedding dress salon, located at 2 Moniuszki Street in the heart of Konstantyn\u00f3w \u0141\u00f3dzki. In our professional salon, you&#039;ll find a wide selection of wedding dresses that will fulfill your deepest dreams of a perfect day. A team of experienced consultants will help you choose the perfect gown, tailored to your expectations and figure. We cordially invite you to visit \u2013 see how special your day can be!<\/p>\n<p>Each dress can be adjusted to suit your height and heel height, if necessary. If it&#039;s too long, you can have it shortened or have a seamstress make minor alterations. This way, you can easily tailor your chosen dress to your measurements and feel perfectly at ease in it.<\/p>\n<p style=\"text-align: center;\" align=\"center\">In order to match\u00a0<strong>perfect dresses<\/strong>\u00a0we invite you to contact us by phone or contact us <a href=\"https:\/\/www.facebook.com\/madelinefashionbutik\" target=\"_blank\" rel=\"noopener\">facebook<\/a> .<br \/>\nOur team will help\u00a0<strong>Choose the right one<\/strong>\u00a0.\u00a0<strong>We can measure each dress precisely at the buyer&#039;s request.\u00a0<\/strong><\/p>\n<div class=\"additional-details\" style=\"text-align: center;\">\n<p style=\"text-align: center;\"><span style=\"font-size: 10pt;\">\u00a0<\/span><\/p>\n<\/div>","protected":false},"excerpt":{"rendered":"<p>Suknia \u015alubna z Pi\u00f3rkami Melody Bia\u0142o Srebrna Zjawiskowa suknia \u015blubna dopasowana zdobiona pi\u00f3rkami oraz cekinami z\u00a0 dekoltem w szpic. Wygl\u0105da bardzo zmys\u0142owo i oryginalnie. Aplikacja z przodu kreacji z cekinami tworz\u0105 unikatow\u0105 tekstur\u0119, nadaj\u0105c ca\u0142o\u015bci niepowtarzalno\u015b\u0107. Sukienka na rami\u0105czkach odkrywa zmys\u0142owo plecy. Cekinowe aplikacje starannie rozmieszczona na sukience tworz\u0105 niepowtarzalny efekt. Dodatkowo pi\u00f3ra szyte od<\/p>\n<div class=\"klb-readmore post-buttons\"><a class=\"button black outline size-sm\" href=\"https:\/\/madelinefashion.pl\/en\/product\/suknia-slubna-z-piorkami-melody-bialo-srebrna\/\">Read More <i class=\"klbth-icon-right-arrow\"><\/i><\/a><\/div>","protected":false},"featured_media":117597,"template":"","meta":[],"product_brand":[],"product_cat":[395,124,569,562,566,630],"product_tag":[257,219,163],"class_list":{"0":"post-117586","1":"product","2":"type-product","3":"status-publish","4":"has-post-thumbnail","6":"product_cat-nowosci","7":"product_cat-sukienki-okolicznosciowe","8":"product_cat-sukienki-dopasowane","9":"product_cat-sukienki-z-piorkami","10":"product_cat-suknie-slubne","11":"product_cat-suknie-slubne-dopasowane","12":"product_tag-madelinefashion","13":"product_tag-sukienka-biala","14":"product_tag-sukienki-dlugie","16":"first","17":"instock","18":"purchasable","19":"product-type-variable"},"_links":{"self":[{"href":"https:\/\/madelinefashion.pl\/en\/wp-json\/wp\/v2\/product\/117586","targetHints":{"allow":["GET"]}}],"collection":[{"href":"https:\/\/madelinefashion.pl\/en\/wp-json\/wp\/v2\/product"}],"about":[{"href":"https:\/\/madelinefashion.pl\/en\/wp-json\/wp\/v2\/types\/product"}],"wp:featuredmedia":[{"embeddable":true,"href":"https:\/\/madelinefashion.pl\/en\/wp-json\/wp\/v2\/media\/117597"}],"wp:attachment":[{"href":"https:\/\/madelinefashion.pl\/en\/wp-json\/wp\/v2\/media?parent=117586"}],"wp:term":[{"taxonomy":"product_brand","embeddable":true,"href":"https:\/\/madelinefashion.pl\/en\/wp-json\/wp\/v2\/product_brand?post=117586"},{"taxonomy":"product_cat","embeddable":true,"href":"https:\/\/madelinefashion.pl\/en\/wp-json\/wp\/v2\/product_cat?post=117586"},{"taxonomy":"product_tag","embeddable":true,"href":"https:\/\/madelinefashion.pl\/en\/wp-json\/wp\/v2\/product_tag?post=117586"}],"curies":[{"name":"wp","href":"https:\/\/api.w.org\/{rel}","templated":true}]}}