{"id":11844,"date":"2021-05-08T21:09:34","date_gmt":"2021-05-08T19:09:34","guid":{"rendered":"https:\/\/madelinefashion.pl\/?post_type=product&#038;p=11844"},"modified":"2026-01-20T10:34:25","modified_gmt":"2026-01-20T09:34:25","slug":"top-satynowy-z-lancuszkiem-karmelowy-maurice","status":"publish","type":"product","link":"https:\/\/madelinefashion.pl\/en\/product\/top-satynowy-z-lancuszkiem-karmelowy-maurice\/","title":{"rendered":"Satin Top with Caramel Chain Maurice"},"content":{"rendered":"<h3 style=\"text-align: center;\">Satin Top with Caramel Chain Maurice<\/h3>\n<p style=\"text-align: center;\">Delicate, <strong>satin top with chain<\/strong>, with a neckline is a sexy model that will add sensuality to your styling. Airy, subtle cut that matches many styles. Top with golden chain straps is a perfect proposition for warm spring and summer days, it will be perfect for our models <a href=\"https:\/\/madelinefashion.pl\/en\/spodnie\/\">pants<\/a> or shorts.<strong>\u00a0\u00a0<\/strong>Short top with straps made of gold-colored chain. Perfect for many styles. You absolutely must have it! One size is recommended <strong>XS SML<\/strong><\/p>\n<h3 style=\"text-align: center;\">Product characteristics:<\/h3>\n<p style=\"text-align: center;\">\u2013\u00a0<strong>top with chain straps<br \/>\n<\/strong>- stylish and sexy<strong><br \/>\n<\/strong>- satin, lightweight material<\/p>\n<p>&nbsp;<\/p>\n<h3 style=\"text-align: center;\">Dimensions:<\/h3>\n<ul>\n<li style=\"text-align: center;\">total length: 60 cm<\/li>\n<li style=\"text-align: center;\">width from armpit to armpit: 45-51 cm<\/li>\n<li style=\"text-align: center;\">bottom width: 47-55 cm<\/li>\n<\/ul>\n<p style=\"text-align: center;\"><span style=\"vertical-align: inherit;\">Dimensions may vary from the given +\/- 2cm. All dimensions given are measured flat.<\/span><\/p>\n<table>\n<tbody>\n<tr>\n<td width=\"302\">Model name<\/td>\n<td width=\"302\">Satin Top with Chain Maurice<\/td>\n<\/tr>\n<tr>\n<td width=\"302\">Color<\/td>\n<td width=\"302\">Caramel<\/td>\n<\/tr>\n<tr>\n<td width=\"302\">Sizes<\/td>\n<td width=\"302\">Universal<\/td>\n<\/tr>\n<tr>\n<td width=\"302\">Fashion<\/td>\n<td width=\"302\">Oversize<\/td>\n<\/tr>\n<tr>\n<td width=\"302\">Material<\/td>\n<td width=\"302\">100 % Polyester<\/td>\n<\/tr>\n<\/tbody>\n<\/table>\n<p style=\"text-align: center;\"><span style=\"font-size: 10pt;\">\u00a0<\/span><\/p>\n<p style=\"text-align: center;\">\u00a0The model has\u00a0<strong>165<\/strong>\u00a0cm tall, wears a size every day\u00a0<strong>S.<\/strong><\/p>","protected":false},"excerpt":{"rendered":"<p>Top Satynowy z \u0141a\u0144cuszkiem Karmelowy Maurice Delikatny, satynowy top z \u0142a\u0144cuszkiem, z dekoltem to seksowny model, kt\u00f3ry doda ka\u017cdej Twojej stylizacji zmys\u0142owo\u015bci. Zwiewny, subtelny kr\u00f3j pasuj\u0105cy do wielu stylizacji. Top ze z\u0142otymi rami\u0105czkami z \u0142a\u0144cuszka to idealna propozycja na ciep\u0142e wiosenne i letnie dni, idealnie b\u0119dzie prezentowa\u0107 si\u0119 z naszymi modelami spodni czy szort\u00f3w.\u00a0\u00a0Kr\u00f3tki\u00a0 top<\/p>\n<div class=\"klb-readmore post-buttons\"><a class=\"button black outline size-sm\" href=\"https:\/\/madelinefashion.pl\/en\/product\/top-satynowy-z-lancuszkiem-karmelowy-maurice\/\">Read More <i class=\"klbth-icon-right-arrow\"><\/i><\/a><\/div>","protected":false},"featured_media":11828,"template":"","meta":[],"product_brand":[],"product_cat":[85],"product_tag":[292],"class_list":{"0":"post-11844","1":"product","2":"type-product","3":"status-publish","4":"has-post-thumbnail","6":"product_cat-t-shirty","7":"product_tag-topy","9":"first","10":"instock","11":"sale","12":"purchasable","13":"product-type-simple"},"_links":{"self":[{"href":"https:\/\/madelinefashion.pl\/en\/wp-json\/wp\/v2\/product\/11844","targetHints":{"allow":["GET"]}}],"collection":[{"href":"https:\/\/madelinefashion.pl\/en\/wp-json\/wp\/v2\/product"}],"about":[{"href":"https:\/\/madelinefashion.pl\/en\/wp-json\/wp\/v2\/types\/product"}],"wp:featuredmedia":[{"embeddable":true,"href":"https:\/\/madelinefashion.pl\/en\/wp-json\/wp\/v2\/media\/11828"}],"wp:attachment":[{"href":"https:\/\/madelinefashion.pl\/en\/wp-json\/wp\/v2\/media?parent=11844"}],"wp:term":[{"taxonomy":"product_brand","embeddable":true,"href":"https:\/\/madelinefashion.pl\/en\/wp-json\/wp\/v2\/product_brand?post=11844"},{"taxonomy":"product_cat","embeddable":true,"href":"https:\/\/madelinefashion.pl\/en\/wp-json\/wp\/v2\/product_cat?post=11844"},{"taxonomy":"product_tag","embeddable":true,"href":"https:\/\/madelinefashion.pl\/en\/wp-json\/wp\/v2\/product_tag?post=11844"}],"curies":[{"name":"wp","href":"https:\/\/api.w.org\/{rel}","templated":true}]}}