{"id":11849,"date":"2021-05-08T21:18:01","date_gmt":"2021-05-08T19:18:01","guid":{"rendered":"https:\/\/madelinefashion.pl\/?post_type=product&#038;p=11849"},"modified":"2025-10-01T07:35:00","modified_gmt":"2025-10-01T05:35:00","slug":"krotkie-spodenki-z-lancuszkiem-anne","status":"publish","type":"product","link":"https:\/\/madelinefashion.pl\/en\/product\/krotkie-spodenki-z-lancuszkiem-anne\/","title":{"rendered":"Short Shorts with Chain Anne"},"content":{"rendered":"<h3 style=\"text-align: center;\">Short Shorts with Chain Anne<\/h3>\n<p>&nbsp;<\/p>\n<p style=\"text-align: center;\">High waisted knit shorts. The waist is highlighted with a decorative gold chain. The perfect proposition for many women&#039;s styles. <strong>Shorts<\/strong><span style=\"vertical-align: inherit;\"><span style=\"vertical-align: inherit;\">\u00a0they will steal every woman&#039;s heart. Short legs will emphasize and <strong>optically lengthen the legs<\/strong>. we offer<\/span><\/span><span style=\"vertical-align: inherit;\"><span style=\"vertical-align: inherit;\"> them in sizes <strong>S, M, L, XL, XXL <\/strong><\/span><\/span><span style=\"vertical-align: inherit;\"><span style=\"vertical-align: inherit;\">\u00a0we also recommend <\/span><\/span><span style=\"vertical-align: inherit;\"><span style=\"vertical-align: inherit;\"><b>exactly\u00a0<\/b><\/span><\/span><strong><span style=\"vertical-align: inherit;\"><span style=\"vertical-align: inherit;\">to measure<\/span><\/span><\/strong><span style=\"vertical-align: inherit;\"><span style=\"vertical-align: inherit;\"> according to the Dimension Chart below. The shorts have a drawstring at the waist, thanks to which they fit perfectly to the body\u00a0 <\/span><span style=\"vertical-align: inherit;\">Complete your wardrobe with this best-selling model. <\/span><\/span><span style=\"vertical-align: inherit;\"><span style=\"vertical-align: inherit;\">If you have any further questions about this product, please do not hesitate to contact us by phone or Facebook. Follow the new trends with\u00a0<strong>Madelinefashion.<\/strong><\/span><\/span><\/p>\n<p>&nbsp;<\/p>\n<h3 style=\"text-align: center;\"><span style=\"vertical-align: inherit;\"><span style=\"vertical-align: inherit;\">Pants dimensions:<\/span><\/span><\/h3>\n<p>&nbsp;<\/p>\n<p style=\"text-align: center;\">\u00a0 \u00a0 \u00a0 \u00a0 \u00a0 \u00a0 \u00a0 \u00a0 \u00a0 \u00a0 <strong>\u00a0 \u00a0SIZE S \/ 36<\/strong><\/p>\n<ul>\n<li style=\"list-style-type: none;\">\n<ul>\n<li style=\"text-align: center;\">Overall length: 34 cm<\/li>\n<li style=\"text-align: center;\">Inside leg length: 7 cm<\/li>\n<li style=\"text-align: center;\">Waist width: 32-46 cm<\/li>\n<li style=\"text-align: center;\">Waist: 33 cm<\/li>\n<li style=\"text-align: center;\">Hip width: 48-52 cm<strong>SIZE M \/ 38<\/strong><\/li>\n<li style=\"text-align: center;\">Overall length: 34 cm<\/li>\n<li style=\"text-align: center;\">Inside leg length: 7 cm<\/li>\n<li style=\"text-align: center;\">Waist width: 34-47 cm<\/li>\n<li style=\"text-align: center;\">Waist: 33 cm<\/li>\n<li style=\"text-align: center;\">Hip width: 49-52 cm<strong>SIZE L \/ 40<\/strong><\/li>\n<li style=\"text-align: center;\">Overall length: 35 cm<\/li>\n<li style=\"text-align: center;\">Inside leg length: 8 cm<\/li>\n<li style=\"text-align: center;\">Waist width: 36-49 cm<\/li>\n<li style=\"text-align: center;\">Waist: 33 cm<\/li>\n<li style=\"text-align: center;\">Hip width: 53-56 cm<\/li>\n<li style=\"text-align: center;\"><\/li>\n<li style=\"text-align: center;\"><strong>SIZE XL \/ 42<\/strong><\/li>\n<li style=\"text-align: center;\">Overall length: 36 cm<\/li>\n<li style=\"text-align: center;\">Inside leg length: 8 cm<\/li>\n<li style=\"text-align: center;\">Waist width: 39-50 cm<\/li>\n<li style=\"text-align: center;\">Waist: 34 cm<\/li>\n<li style=\"text-align: center;\">Hip width: 54-59 cm<\/li>\n<li style=\"text-align: center;\"><\/li>\n<li style=\"text-align: center;\"><strong>SIZE XXL \/ 44<\/strong><\/li>\n<li style=\"text-align: center;\">Overall length: 37 cm<\/li>\n<li style=\"text-align: center;\">Inside leg length: 8 cm<\/li>\n<li style=\"text-align: center;\">Waist width: 39-54 cm<\/li>\n<li style=\"text-align: center;\">Waist: 34 cm<\/li>\n<li style=\"text-align: center;\">Hip width: 53-58 cm Composition: 95% polyester 5% Spandex<\/li>\n<\/ul>\n<\/li>\n<\/ul>\n<p style=\"text-align: center;\"><span style=\"vertical-align: inherit;\"><span style=\"vertical-align: inherit;\">Dimensions may vary from the given +\/- 2cm. <\/span><span style=\"vertical-align: inherit;\">All dimensions given are measured flat.<\/span><\/span><\/p>\n<p>&nbsp;<\/p>\n<p style=\"text-align: center;\">\u00a0The model has\u00a0<strong>165<\/strong>\u00a0cm tall, wears a size every day\u00a0<strong>S.<\/strong><\/p>","protected":false},"excerpt":{"rendered":"<p>Kr\u00f3tkie Spodenki z \u0141a\u0144cuszkiem Anne &nbsp; Kr\u00f3tkie spodenki\u00a0 dzianinowe z wysokim stanem.\u00a0 Talia podkre\u015blona ozdobnym z\u0142otym \u0142a\u0144cuszkiem. Idealna propozycja do wielu kobiecych stylizacji. Kr\u00f3tkie spodenki\u00a0skradn\u0105 serce ka\u017cdej kobiety. Kr\u00f3tkie nogawki wyeksponuj\u0105 i optycznie wyd\u0142u\u017c\u0105 nogi. Oferujemy je w rozmiarach S, M, L, XL, XXL \u00a0zalecamy r\u00f3wnie\u017c dok\u0142adnie\u00a0zmierzy\u0107 zgodnie z Tabela wymiar\u00f3w poni\u017cej. Spodenki posiadaj\u0105 \u015bci\u0105gacz<\/p>\n<div class=\"klb-readmore post-buttons\"><a class=\"button black outline size-sm\" href=\"https:\/\/madelinefashion.pl\/en\/product\/krotkie-spodenki-z-lancuszkiem-anne\/\">Read More <i class=\"klbth-icon-right-arrow\"><\/i><\/a><\/div>","protected":false},"featured_media":11855,"template":"","meta":[],"product_brand":[],"product_cat":[83],"product_tag":[425],"class_list":{"0":"post-11849","1":"product","2":"type-product","3":"status-publish","4":"has-post-thumbnail","6":"product_cat-spodnie","7":"product_tag-spodenki","8":"pa_rozmiar-s-36","9":"pa_rozmiar-m-38","10":"pa_rozmiar-l-40","11":"pa_rozmiar-xl-42","12":"pa_rozmiar-xxl-44","14":"first","15":"instock","16":"product-type-variable"},"_links":{"self":[{"href":"https:\/\/madelinefashion.pl\/en\/wp-json\/wp\/v2\/product\/11849","targetHints":{"allow":["GET"]}}],"collection":[{"href":"https:\/\/madelinefashion.pl\/en\/wp-json\/wp\/v2\/product"}],"about":[{"href":"https:\/\/madelinefashion.pl\/en\/wp-json\/wp\/v2\/types\/product"}],"wp:featuredmedia":[{"embeddable":true,"href":"https:\/\/madelinefashion.pl\/en\/wp-json\/wp\/v2\/media\/11855"}],"wp:attachment":[{"href":"https:\/\/madelinefashion.pl\/en\/wp-json\/wp\/v2\/media?parent=11849"}],"wp:term":[{"taxonomy":"product_brand","embeddable":true,"href":"https:\/\/madelinefashion.pl\/en\/wp-json\/wp\/v2\/product_brand?post=11849"},{"taxonomy":"product_cat","embeddable":true,"href":"https:\/\/madelinefashion.pl\/en\/wp-json\/wp\/v2\/product_cat?post=11849"},{"taxonomy":"product_tag","embeddable":true,"href":"https:\/\/madelinefashion.pl\/en\/wp-json\/wp\/v2\/product_tag?post=11849"}],"curies":[{"name":"wp","href":"https:\/\/api.w.org\/{rel}","templated":true}]}}