{"id":118656,"date":"2024-02-19T15:08:14","date_gmt":"2024-02-19T14:08:14","guid":{"rendered":"https:\/\/madelinefashion.pl\/?post_type=product&#038;p=118656"},"modified":"2026-04-19T13:23:24","modified_gmt":"2026-04-19T11:23:24","slug":"sukienka-maxi-gladka-silvana-jasnozolta","status":"publish","type":"product","link":"https:\/\/madelinefashion.pl\/en\/product\/sukienka-maxi-gladka-silvana-jasnozolta\/","title":{"rendered":"Silvana Light Yellow Smooth Maxi Dress"},"content":{"rendered":"<h3 style=\"text-align: center;\">Silvana Light Yellow Smooth Maxi Dress<\/h3>\n<p style=\"text-align: center;\" data-start=\"123\" data-end=\"545\">Effective <strong data-start=\"133\" data-end=\"161\">light yellow maxi dress<\/strong> This dress is for women seeking an elegant, light, and very feminine look for special occasions. This model captivates with its subtle, pastel shade of yellow, which beautifully enhances beauty and perfectly aligns with spring and summer trends. It&#039;s the perfect dress for a wedding, after-party, garden party, civil ceremony, bachelorette party, or other elegant celebration. The bodice of the dress has been designed with a touch of femininity. <strong data-start=\"612\" data-end=\"643\">V-shaped neckline<\/strong> It beautifully highlights the neck and visually slims the silhouette, while delicate gathers at the bust add lightness and elegance. Wider straps ensure comfort, and carefully crafted seams at the waist accentuate the figure and give the silhouette harmonious proportions. The hemline is long, airy, and flows beautifully with movement, making the dress look exceptionally striking when walking and dancing. The whole is complemented by <strong data-start=\"1094\" data-end=\"1125\">sensual slit on the leg<\/strong>, which adds lightness, charm, and a feminine touch to the outfit. This detail makes the dress look elegant, yet modern and very stylish. Dresses If you can&#039;t decide which color, <strong>size<\/strong> is the best for you, <strong>contact us<\/strong> through <a href=\"https:\/\/www.facebook.com\/madelinefashionbutik\" target=\"_blank\" rel=\"noopener\">Facebook<\/a> or <a href=\"https:\/\/madelinefashion.pl\/en\/kontakt\/\">phone<\/a>. If the size is not available on the website, please contact us.<\/p>\n<h3 style=\"text-align: center;\">DRESS DIMENSIONS:<\/h3>\n<div class=\"additional-details\" style=\"text-align: center;\">\n<table width=\"556\">\n<tbody>\n<tr>\n<td width=\"205\"><strong>SIZE<\/strong><\/td>\n<td><strong>Bust<\/strong><\/td>\n<td><strong>Waist<\/strong><\/td>\n<td><strong>Hips<\/strong><\/td>\n<\/tr>\n<tr>\n<td width=\"205\"><strong>36<\/strong><\/td>\n<td>88-94<\/td>\n<td>68<\/td>\n<td>\u00a0any<\/td>\n<\/tr>\n<tr>\n<td width=\"205\"><strong>38<\/strong><\/td>\n<td>92-96<\/td>\n<td>72<\/td>\n<td>\u00a0any<\/td>\n<\/tr>\n<tr>\n<td width=\"205\"><strong>40<\/strong><\/td>\n<td>96-102<\/td>\n<td>76<\/td>\n<td>\u00a0any<\/td>\n<\/tr>\n<tr>\n<td width=\"205\"><strong>42<\/strong><\/td>\n<td>102-106<\/td>\n<td>80<\/td>\n<td>\u00a0any<\/td>\n<\/tr>\n<tr>\n<td width=\"205\"><strong>44<\/strong><\/td>\n<td>106-110<\/td>\n<td>84<\/td>\n<td>\u00a0any<\/td>\n<\/tr>\n<tr>\n<td width=\"205\"><strong>46<\/strong><\/td>\n<td>110-114<\/td>\n<td>88<\/td>\n<td>\u00a0any<\/td>\n<\/tr>\n<tr>\n<td width=\"205\"><strong>48<\/strong><\/td>\n<td>114-118<\/td>\n<td>92<\/td>\n<td>\u00a0any<\/td>\n<\/tr>\n<tr>\n<td width=\"205\"><strong>50<\/strong><\/td>\n<td>118-122<\/td>\n<td>96<\/td>\n<td>\u00a0any<\/td>\n<\/tr>\n<\/tbody>\n<\/table>\n<p>&nbsp;<\/p>\n<p style=\"text-align: center;\"><span style=\"font-size: 10pt;\">total length approx. 157 cm <\/span>(the dress can be shortened on your own)<\/p>\n<\/div>\n<p style=\"text-align: center;\"><span style=\"font-size: 10pt;\">The dress is also available in other colors - see our other products.<\/span><\/p>\n<p style=\"text-align: center;\"><span style=\"font-size: 10pt;\">Dimensions may slightly differ from the given +\/- 2cm.\u00a0<\/span><\/p>\n<p style=\"text-align: center;\"><span style=\"font-size: 10pt;\"><strong>\u00a0<\/strong>\u00a0<\/span><\/p>\n<table width=\"620\">\n<tbody>\n<tr>\n<td width=\"302\">Model name<\/td>\n<td width=\"302\">Silvana Smooth Maxi Dress<\/td>\n<\/tr>\n<tr>\n<td width=\"302\">Color<\/td>\n<td width=\"302\">Yellow<\/td>\n<\/tr>\n<tr>\n<td width=\"302\">Sleeve<\/td>\n<td width=\"302\">Yes<\/td>\n<\/tr>\n<tr>\n<td width=\"302\">Sizes<\/td>\n<td width=\"302\">36 38 40 42 44 46 48<\/td>\n<\/tr>\n<tr>\n<td width=\"302\">Fashion<\/td>\n<td width=\"302\">Matched<\/td>\n<\/tr>\n<tr>\n<td width=\"302\">Material<\/td>\n<td width=\"302\">Viscose, Polyester<\/td>\n<\/tr>\n<tr>\n<td width=\"302\">Length<\/td>\n<td width=\"302\">To the ground<\/td>\n<\/tr>\n<\/tbody>\n<\/table>\n<p style=\"text-align: center;\"><span style=\"font-size: 10pt;\">\u00a0<\/span><\/p>\n<p style=\"text-align: center;\"><span style=\"font-size: 10pt;\">In order to match <strong>perfect dresses<\/strong> we invite you to contact us by phone or contact us <a href=\"https:\/\/www.facebook.com\/madelinefashionbutik\" target=\"_blank\" rel=\"noopener\">Facebook<\/a> .<\/span><br \/>\n<span style=\"font-size: 10pt;\">Our team will help <strong>Choose the right one<\/strong> . <strong>We can make each dress at the request of the buyer\u00a0<\/strong><strong>measure carefully.\u00a0<\/strong><\/span><\/p>\n<div class=\"additional-details\" style=\"text-align: center;\">\n<p style=\"text-align: center;\"><span style=\"font-size: 10pt;\">\u00a0<\/span><\/p>\n<\/div>","protected":false},"excerpt":{"rendered":"<p>Sukienka Maxi G\u0142adka Silvana Jasno\u017c\u00f3\u0142ta Efektowna jasno\u017c\u00f3\u0142ta sukienka maxi to propozycja dla kobiet, kt\u00f3re szukaj\u0105 eleganckiej, lekkiej i bardzo kobiecej stylizacji na wyj\u0105tkowe okazje. Ten model zachwyca subtelnym, pastelowym odcieniem \u017c\u00f3\u0142ci, kt\u00f3ry pi\u0119knie podkre\u015bla urod\u0119 i doskonale wpisuje si\u0119 w wiosenne oraz letnie trendy. To idealna sukienka na wesele, poprawiny, przyj\u0119cie w ogrodzie, \u015blub cywilny,<\/p>\n<div class=\"klb-readmore post-buttons\"><a class=\"button black outline size-sm\" href=\"https:\/\/madelinefashion.pl\/en\/product\/sukienka-maxi-gladka-silvana-jasnozolta\/\">Read More <i class=\"klbth-icon-right-arrow\"><\/i><\/a><\/div>","protected":false},"featured_media":597904,"template":"","meta":[],"product_brand":[],"product_cat":[124,564,568],"product_tag":[163,779],"class_list":{"0":"post-118656","1":"product","2":"type-product","3":"status-publish","4":"has-post-thumbnail","6":"product_cat-sukienki-okolicznosciowe","7":"product_cat-sukienki-plus-size","8":"product_cat-sukienki-rozkloszowane-szyfonowe","9":"product_tag-sukienki-dlugie","10":"product_tag-zolte-sukienki","12":"first","13":"instock","14":"purchasable","15":"product-type-variable"},"_links":{"self":[{"href":"https:\/\/madelinefashion.pl\/en\/wp-json\/wp\/v2\/product\/118656","targetHints":{"allow":["GET"]}}],"collection":[{"href":"https:\/\/madelinefashion.pl\/en\/wp-json\/wp\/v2\/product"}],"about":[{"href":"https:\/\/madelinefashion.pl\/en\/wp-json\/wp\/v2\/types\/product"}],"wp:featuredmedia":[{"embeddable":true,"href":"https:\/\/madelinefashion.pl\/en\/wp-json\/wp\/v2\/media\/597904"}],"wp:attachment":[{"href":"https:\/\/madelinefashion.pl\/en\/wp-json\/wp\/v2\/media?parent=118656"}],"wp:term":[{"taxonomy":"product_brand","embeddable":true,"href":"https:\/\/madelinefashion.pl\/en\/wp-json\/wp\/v2\/product_brand?post=118656"},{"taxonomy":"product_cat","embeddable":true,"href":"https:\/\/madelinefashion.pl\/en\/wp-json\/wp\/v2\/product_cat?post=118656"},{"taxonomy":"product_tag","embeddable":true,"href":"https:\/\/madelinefashion.pl\/en\/wp-json\/wp\/v2\/product_tag?post=118656"}],"curies":[{"name":"wp","href":"https:\/\/api.w.org\/{rel}","templated":true}]}}