{"id":118665,"date":"2024-02-19T15:10:33","date_gmt":"2024-02-19T14:10:33","guid":{"rendered":"https:\/\/madelinefashion.pl\/?post_type=product&#038;p=118665"},"modified":"2026-04-28T10:48:20","modified_gmt":"2026-04-28T08:48:20","slug":"sukienka-maxi-gladka-silvana-butelkowa-zielen","status":"publish","type":"product","link":"https:\/\/madelinefashion.pl\/en\/product\/sukienka-maxi-gladka-silvana-butelkowa-zielen\/","title":{"rendered":"Silvana Bottle Green Smooth Maxi Dress"},"content":{"rendered":"<h3 style=\"text-align: center;\">Silvana Bottle Green Smooth Maxi Dress<\/h3>\n<p style=\"text-align: center;\">A long dress with thick straps. Fitted, smooth, and classy. The back of the dress fastens with a zipper. The dress is made of a delicate, airy fabric. Impress everyone with your style! This <strong data-start=\"343\" data-end=\"381\">long, green evening dress<\/strong> It&#039;s a combination of elegance, femininity, and modern style. The light, airy fabric drapes beautifully, and the striking slit on the leg adds sensuality. The deep V-neckline and ruching at the bust and waist subtly shape the silhouette, highlighting its best features. <strong>\u00a0<\/strong>If you can&#039;t decide which color, <strong>size<\/strong> is the best for you, <strong>contact us<\/strong> through <a href=\"https:\/\/www.facebook.com\/madelinefashionbutik\" target=\"_blank\" rel=\"noopener\">Facebook<\/a> or <a href=\"https:\/\/madelinefashion.pl\/en\/kontakt\/\">phone<\/a>. If the size is not available on the website, please contact us.<\/p>\n<h3 style=\"text-align: center;\">DRESS DIMENSIONS:<\/h3>\n<div class=\"additional-details\" style=\"text-align: center;\">\n<table width=\"556\">\n<tbody>\n<tr>\n<td width=\"205\"><strong>SIZE<\/strong><\/td>\n<td><strong>Bust<\/strong><\/td>\n<td><strong>Waist<\/strong><\/td>\n<td><strong>Hips<\/strong><\/td>\n<\/tr>\n<tr>\n<td width=\"205\"><strong>36<\/strong><\/td>\n<td>88-94<\/td>\n<td>68<\/td>\n<td>\u00a0any<\/td>\n<\/tr>\n<tr>\n<td width=\"205\"><strong>38<\/strong><\/td>\n<td>92-96<\/td>\n<td>72<\/td>\n<td>\u00a0any<\/td>\n<\/tr>\n<tr>\n<td width=\"205\"><strong>40<\/strong><\/td>\n<td>96-102<\/td>\n<td>76<\/td>\n<td>\u00a0any<\/td>\n<\/tr>\n<tr>\n<td width=\"205\"><strong>42<\/strong><\/td>\n<td>102-106<\/td>\n<td>80<\/td>\n<td>\u00a0any<\/td>\n<\/tr>\n<tr>\n<td width=\"205\"><strong>44<\/strong><\/td>\n<td>106-110<\/td>\n<td>84<\/td>\n<td>\u00a0any<\/td>\n<\/tr>\n<tr>\n<td width=\"205\"><strong>46<\/strong><\/td>\n<td>110-114<\/td>\n<td>88<\/td>\n<td>\u00a0any<\/td>\n<\/tr>\n<tr>\n<td width=\"205\"><strong>48<\/strong><\/td>\n<td>114-118<\/td>\n<td>92<\/td>\n<td>\u00a0any<\/td>\n<\/tr>\n<tr>\n<td width=\"205\"><strong>50<\/strong><\/td>\n<td>118-122<\/td>\n<td>96<\/td>\n<td>\u00a0any<\/td>\n<\/tr>\n<\/tbody>\n<\/table>\n<p>&nbsp;<\/p>\n<p style=\"text-align: center;\"><span style=\"font-size: 10pt;\">total length approx. 157 cm <\/span>(the dress can be shortened on your own)<\/p>\n<\/div>\n<p style=\"text-align: center;\"><span style=\"font-size: 10pt;\">The dress is also available in other colors - see our other products.<\/span><\/p>\n<p style=\"text-align: center;\"><span style=\"font-size: 10pt;\">Dimensions may slightly differ from the given +\/- 2cm.\u00a0<\/span><\/p>\n<p style=\"text-align: center;\"><span style=\"font-size: 10pt;\"><strong>\u00a0<\/strong>\u00a0<\/span><\/p>\n<table width=\"620\">\n<tbody>\n<tr>\n<td width=\"302\">Model name<\/td>\n<td width=\"302\">Silvana Smooth Maxi Dress<\/td>\n<\/tr>\n<tr>\n<td width=\"302\">Color<\/td>\n<td width=\"302\">Bottle green<\/td>\n<\/tr>\n<tr>\n<td width=\"302\">Sleeve<\/td>\n<td width=\"302\">Yes<\/td>\n<\/tr>\n<tr>\n<td width=\"302\">Sizes<\/td>\n<td width=\"302\">36 38 40 42 44 46 48 50<\/td>\n<\/tr>\n<tr>\n<td width=\"302\">Fashion<\/td>\n<td width=\"302\">Matched<\/td>\n<\/tr>\n<tr>\n<td width=\"302\">Material<\/td>\n<td width=\"302\">Viscose, Polyester, Cotton<\/td>\n<\/tr>\n<tr>\n<td width=\"302\">Length<\/td>\n<td width=\"302\">To the ground<\/td>\n<\/tr>\n<\/tbody>\n<\/table>\n<p style=\"text-align: center;\"><span style=\"font-size: 10pt;\">\u00a0<\/span><\/p>\n<p style=\"text-align: center;\"><span style=\"font-size: 10pt;\">In order to match <strong>perfect dresses<\/strong> we invite you to contact us by phone or contact us <a href=\"https:\/\/www.facebook.com\/madelinefashionbutik\" target=\"_blank\" rel=\"noopener\">Facebook<\/a> .<\/span><br \/>\n<span style=\"font-size: 10pt;\">Our team will help <strong>Choose the right one<\/strong> . <strong>We can make each dress at the request of the buyer\u00a0<\/strong><strong>measure carefully.\u00a0<\/strong><\/span><\/p>\n<div class=\"additional-details\" style=\"text-align: center;\">\n<p style=\"text-align: center;\"><span style=\"font-size: 10pt;\">\u00a0<\/span><\/p>\n<\/div>","protected":false},"excerpt":{"rendered":"<p>Sukienka Maxi G\u0142adka Silvana Butelkowa Ziele\u0144 D\u0142uga sukienka na grubszych rami\u0105czkach. Dopasowana, g\u0142adka i z klas\u0105. Ty\u0142 sukienki zapinany na zamek. Sukienka uszyta jest z delikatnej, zwiewnej tkaniny. Zachwy\u0107 wszystkich swoj\u0105 stylizacj\u0105! Ta d\u0142uga, zielona sukienka wieczorowa to po\u0142\u0105czenie elegancji, kobieco\u015bci i nowoczesnego stylu. Lekki, zwiewny materia\u0142 pi\u0119knie uk\u0142ada si\u0119 w ruchu, a efektowne rozci\u0119cie<\/p>\n<div class=\"klb-readmore post-buttons\"><a class=\"button black outline size-sm\" href=\"https:\/\/madelinefashion.pl\/en\/product\/sukienka-maxi-gladka-silvana-butelkowa-zielen\/\">Read More <i class=\"klbth-icon-right-arrow\"><\/i><\/a><\/div>","protected":false},"featured_media":575794,"template":"","meta":[],"product_brand":[],"product_cat":[124,564,568],"product_tag":[385,163,535],"class_list":{"0":"post-118665","1":"product","2":"type-product","3":"status-publish","4":"has-post-thumbnail","6":"product_cat-sukienki-okolicznosciowe","7":"product_cat-sukienki-plus-size","8":"product_cat-sukienki-rozkloszowane-szyfonowe","9":"product_tag-plus-size","10":"product_tag-sukienki-dlugie","11":"product_tag-zielone-sukienki","13":"first","14":"instock","15":"purchasable","16":"product-type-variable"},"_links":{"self":[{"href":"https:\/\/madelinefashion.pl\/en\/wp-json\/wp\/v2\/product\/118665","targetHints":{"allow":["GET"]}}],"collection":[{"href":"https:\/\/madelinefashion.pl\/en\/wp-json\/wp\/v2\/product"}],"about":[{"href":"https:\/\/madelinefashion.pl\/en\/wp-json\/wp\/v2\/types\/product"}],"wp:featuredmedia":[{"embeddable":true,"href":"https:\/\/madelinefashion.pl\/en\/wp-json\/wp\/v2\/media\/575794"}],"wp:attachment":[{"href":"https:\/\/madelinefashion.pl\/en\/wp-json\/wp\/v2\/media?parent=118665"}],"wp:term":[{"taxonomy":"product_brand","embeddable":true,"href":"https:\/\/madelinefashion.pl\/en\/wp-json\/wp\/v2\/product_brand?post=118665"},{"taxonomy":"product_cat","embeddable":true,"href":"https:\/\/madelinefashion.pl\/en\/wp-json\/wp\/v2\/product_cat?post=118665"},{"taxonomy":"product_tag","embeddable":true,"href":"https:\/\/madelinefashion.pl\/en\/wp-json\/wp\/v2\/product_tag?post=118665"}],"curies":[{"name":"wp","href":"https:\/\/api.w.org\/{rel}","templated":true}]}}