{"id":118849,"date":"2024-02-21T13:01:53","date_gmt":"2024-02-21T12:01:53","guid":{"rendered":"https:\/\/madelinefashion.pl\/?post_type=product&#038;p=118849"},"modified":"2026-04-09T12:55:19","modified_gmt":"2026-04-09T10:55:19","slug":"czolenka-metaliczne-srebrne-z-lustrzana-szpilka","status":"publish","type":"product","link":"https:\/\/madelinefashion.pl\/en\/product\/czolenka-metaliczne-srebrne-z-lustrzana-szpilka\/","title":{"rendered":"Metallic Silver Pumps with Mirrored Stilettos"},"content":{"rendered":"<h3 style=\"text-align: center;\">Metallic Silver Pumps with Mirrored Stilettos<\/h3>\n<p style=\"text-align: center;\"><strong>Silver Stiletto Pumps<\/strong> made of very good quality ecological leather. The original cut and color will decorate a fashionable styling. The impressive material from which they were made will make you delight everyone! A soft leather insole will take care of your comfort. This model will suit various styles, not only elegant dresses. A pointed toe and a high heel will make your legs slimmer. Perfect footwear for everyday outings for women who value originality. A durable and flexible sole is made of high-quality plastic. <strong>When choosing a size, please use the size chart<a href=\"https:\/\/madelinefashion.pl\/en\/sukienki-i-kombinezony\/sukienki-okolicznosciowe\/\"> Our Wedding Creations\u00a0<\/a><\/strong><\/p>\n<h3 style=\"text-align: center;\">Characteristics:<\/h3>\n<ul>\n<li style=\"text-align: center;\"><strong>Color<\/strong>: Silver<\/li>\n<li style=\"text-align: center;\"><strong>Outer material<\/strong>: Artificial leather<\/li>\n<li style=\"text-align: center;\"><strong>Numbering<\/strong>: Typical - we suggest choosing the size you are wearing<\/li>\n<li style=\"text-align: center;\"><strong>Type of heel<\/strong>: Pin<\/li>\n<li style=\"text-align: center;\"><strong>Insert<\/strong>: Natural leather<\/li>\n<li style=\"text-align: center;\">Comfortable, stable<\/li>\n<li style=\"text-align: center;\">Classic<\/li>\n<li style=\"text-align: center;\"><strong>Season<\/strong> spring Summer Autumn Winter<\/li>\n<li style=\"text-align: center;\">Timeless<\/li>\n<li style=\"text-align: center;\"><\/li>\n<\/ul>\n<h3 style=\"text-align: center;\">Dimensions<\/h3>\n<p style=\"text-align: center;\"><strong>Heel Height: 8<\/strong>\u00a0cm<\/p>\n<p>&nbsp;<\/p>\n<table width=\"540\">\n<thead>\n<tr>\n<td width=\"216\"><strong>EU size<\/strong><\/td>\n<td width=\"316\"><strong>The length of the insert<\/strong><\/td>\n<\/tr>\n<\/thead>\n<tbody>\n<tr>\n<td width=\"216\"><strong>36<\/strong><\/td>\n<td width=\"316\">23.5 cm<\/td>\n<\/tr>\n<tr>\n<td width=\"216\"><strong>37<\/strong><\/td>\n<td width=\"316\">24 cm<\/td>\n<\/tr>\n<tr>\n<td width=\"216\"><strong>38<\/strong><\/td>\n<td width=\"316\">24.5 cm<\/td>\n<\/tr>\n<tr>\n<td width=\"216\"><strong>39<\/strong><\/td>\n<td width=\"316\">25 cm<\/td>\n<\/tr>\n<tr>\n<td width=\"216\"><strong>40<\/strong><\/td>\n<td width=\"316\">25.5 cm<\/td>\n<\/tr>\n<tr>\n<td width=\"216\"><strong>41<\/strong><\/td>\n<td width=\"316\">26 cm<\/td>\n<\/tr>\n<\/tbody>\n<\/table>\n<div class=\"wrap-content\">\n<div class=\"main-container container\">\n<div class=\"row\">\n<section class=\"main-content sidebar-left-false\">\n<div class=\"product-page page\">\n<div class=\"page-content\">\n<div id=\"ProductSizing\" class=\"product-sizing modal fade in\" tabindex=\"-1\" role=\"dialog\" aria-hidden=\"false\">\n<div class=\"modal-dialog\">\n<div class=\"modal-content\">\n<div class=\"widget html_editor\">\n<p>&nbsp;<\/p>\n<\/div>\n<p>&nbsp;<\/p>\n<\/div>\n<\/div>\n<\/div>\n<\/div>\n<\/div>\n<\/section>\n<\/div>\n<\/div>\n<\/div>\n<div class=\"wrap-footer\">\n<footer class=\"\">\n<div class=\"container\">\n<div class=\"footer-newsletter-box\"><\/div>\n<\/div>\n<\/footer>\n<\/div>\n<table>\n<tbody>\n<tr>\n<td width=\"302\">Model Name<\/td>\n<td width=\"302\">Metallic Silver Pumps with Mirrored Stilettos<\/td>\n<\/tr>\n<tr>\n<td width=\"302\">Color<\/td>\n<td width=\"302\">Silver<\/td>\n<\/tr>\n<tr>\n<td width=\"302\">Sizes<\/td>\n<td width=\"302\">36 37\u00a0 38\u00a0 39 40, 41<\/td>\n<\/tr>\n<tr>\n<td width=\"302\">Material<\/td>\n<td width=\"302\">Artificial leather<\/td>\n<\/tr>\n<tr>\n<td width=\"302\">Type of heel<\/td>\n<td width=\"302\">Pin<\/td>\n<\/tr>\n<tr>\n<td width=\"302\">Style<\/td>\n<td width=\"302\">Elegant \/ Classic<\/td>\n<\/tr>\n<tr>\n<td width=\"302\">Collection<\/td>\n<td width=\"302\">Spring \/ Fall \/ Summer<\/td>\n<\/tr>\n<\/tbody>\n<\/table>\n<div class=\"tabs tabs-bb clear mb-80\">\n<div class=\"tab-content\">\n<div id=\"tab-description\" class=\"tab-pane fade in woocommerce-Tabs-panel--description active\">\n<p style=\"text-align: center;\">\n<\/div>\n<\/div>\n<\/div>\n<section class=\"up-sells upsells products mb-80\"><\/section>\n<p style=\"text-align: left;\">","protected":false},"excerpt":{"rendered":"<p>Cz\u00f3\u0142enka Metaliczne Srebrne Z Lustrzan\u0105 Szpilk\u0105 Cz\u00f3\u0142enka Na Szpilce Srebrne wykonane z bardzo dobrej jako\u015bci sk\u00f3ry ekologicznej. Oryginalny fason i kolor b\u0119dzie ozdob\u0105 modnej stylizacji. Efektowny materia\u0142, z kt\u00f3rego zosta\u0142y wykonane sprawi, \u017ce b\u0119dziesz zachwyca\u0107 ka\u017cdego! O Tw\u00f3j komfort zadba mi\u0119kka wk\u0142adka ze sk\u00f3ry. Model ten b\u0119dzie pasowa\u0107 do r\u00f3\u017cnych stylizacji, nie tylko do eleganckich<\/p>\n<div class=\"klb-readmore post-buttons\"><a class=\"button black outline size-sm\" href=\"https:\/\/madelinefashion.pl\/en\/product\/czolenka-metaliczne-srebrne-z-lustrzana-szpilka\/\">Read More <i class=\"klbth-icon-right-arrow\"><\/i><\/a><\/div>","protected":false},"featured_media":598541,"template":"","meta":[],"product_brand":[],"product_cat":[400,395],"product_tag":[440],"class_list":{"0":"post-118849","1":"product","2":"type-product","3":"status-publish","4":"has-post-thumbnail","6":"product_cat-buty","7":"product_cat-nowosci","8":"product_tag-szpilki","10":"first","11":"instock","12":"purchasable","13":"product-type-variable"},"_links":{"self":[{"href":"https:\/\/madelinefashion.pl\/en\/wp-json\/wp\/v2\/product\/118849","targetHints":{"allow":["GET"]}}],"collection":[{"href":"https:\/\/madelinefashion.pl\/en\/wp-json\/wp\/v2\/product"}],"about":[{"href":"https:\/\/madelinefashion.pl\/en\/wp-json\/wp\/v2\/types\/product"}],"wp:featuredmedia":[{"embeddable":true,"href":"https:\/\/madelinefashion.pl\/en\/wp-json\/wp\/v2\/media\/598541"}],"wp:attachment":[{"href":"https:\/\/madelinefashion.pl\/en\/wp-json\/wp\/v2\/media?parent=118849"}],"wp:term":[{"taxonomy":"product_brand","embeddable":true,"href":"https:\/\/madelinefashion.pl\/en\/wp-json\/wp\/v2\/product_brand?post=118849"},{"taxonomy":"product_cat","embeddable":true,"href":"https:\/\/madelinefashion.pl\/en\/wp-json\/wp\/v2\/product_cat?post=118849"},{"taxonomy":"product_tag","embeddable":true,"href":"https:\/\/madelinefashion.pl\/en\/wp-json\/wp\/v2\/product_tag?post=118849"}],"curies":[{"name":"wp","href":"https:\/\/api.w.org\/{rel}","templated":true}]}}