{"id":1189,"date":"2019-04-20T12:50:02","date_gmt":"2019-04-20T12:50:02","guid":{"rendered":"http:\/\/serwer2078743.home.pl\/?post_type=product&#038;p=1189"},"modified":"2023-06-20T13:56:04","modified_gmt":"2023-06-20T11:56:04","slug":"sukienka-flavio-d-uga-czerwona","status":"publish","type":"product","link":"https:\/\/madelinefashion.pl\/en\/product\/sukienka-flavio-d-uga-czerwona\/","title":{"rendered":"Long Flavio Red Flower Dress"},"content":{"rendered":"<h3 style=\"text-align: center;\">Long Flavio Red Flower Dress<\/h3>\n<p style=\"text-align: center;\"><strong>Long Flavio Red Flower Dress<\/strong> is a light, airy dress with a maxi length made of a delicate fabric w<strong> prints with tiny flowers<\/strong>.<span style=\"font-size: 10pt;\"> Very girly floral dress with maxi length. An elastic band at the waist will ensure that the model fits the figure, which will emphasize the feminine shapes. Dress <strong style=\"font-size: 10pt;\">has a binding at the waist<\/strong>. Airy cut <strong>It arranges itself fantastically when moving<\/strong>. <span lang=\"pl-pl\" xml:lang=\"pl-pl\">The dress is made of light material so <b style=\"font-size: 10pt;\">you will feel at ease in it. <\/b>Perfect for everyday outings with friends, to work school or to school <span style=\"font-size: 13.3333px;\"><b>celebrations<\/b><\/span><b style=\"font-size: 10pt;\"> family and banquet parties. Our dress <\/b> is the perfect proposition for <strong>Spring and Summer days<\/strong>. <\/span><span lang=\"pl-pl\" style=\"font-size: 10pt;\" xml:lang=\"pl-pl\">Available in our store in several color variants. FROM<strong>alecana for women in size SML XL <\/strong>\u00a0 <\/span><\/span><\/p>\n<p>&nbsp;<\/p>\n<h3 style=\"text-align: center;\">Dimension:<\/h3>\n<p style=\"text-align: center;\"><strong>AND<\/strong>- WAIST WIDTH 31 cm - 45 cm<\/p>\n<p style=\"text-align: center;\"><strong>B<\/strong>-WIDTH FROM ARMPIT TO ARMPIT 44 cm - 51 cm<\/p>\n<p style=\"text-align: center;\"><strong>C.<\/strong>-TOTAL LENGTH 136 cm<\/p>\n<p style=\"text-align: center;\">Dimensions may vary from the given +\/- 2cm. All dimensions given are measured flat. <strong>X2 dimension<\/strong><\/p>\n<p style=\"text-align: center;\">\u00a0The model has\u00a0<strong>175<\/strong>\u00a0cm tall, wears a size every day\u00a0<strong>S.<\/strong><\/p>\n<p>&nbsp;<\/p>","protected":false},"excerpt":{"rendered":"<p>Sukienka w Kwiaty D\u0142uga Flavio Czerwona Sukienka w Kwiaty D\u0142uga Flavio Czerwona to lekka, zwiewna sukienka o d\u0142ugo\u015bci maxi z delikatnej tkaniny w princie w drobne kwiatki. Bardzo dziewcz\u0119ca sukienka w kwiaty o d\u0142ugo\u015bci maxi. W talii elastyczna gumka zapewni dopasowanie modelu do sylwetki co podkre\u015bli kobiece kszta\u0142ty. Sukienka posiada wi\u0105zanie w tali. Zwiewny fason<\/p>\n<div class=\"klb-readmore post-buttons\"><a class=\"button black outline size-sm\" href=\"https:\/\/madelinefashion.pl\/en\/product\/sukienka-flavio-d-uga-czerwona\/\">Read More <i class=\"klbth-icon-right-arrow\"><\/i><\/a><\/div>","protected":false},"featured_media":11432,"template":"","meta":[],"product_brand":[],"product_cat":[80],"product_tag":[258],"class_list":{"0":"post-1189","1":"product","2":"type-product","3":"status-publish","4":"has-post-thumbnail","6":"product_cat-sukienki-i-kombinezony","7":"product_tag-sukienka-czerwona","9":"first","10":"instock","11":"purchasable","12":"product-type-simple"},"_links":{"self":[{"href":"https:\/\/madelinefashion.pl\/en\/wp-json\/wp\/v2\/product\/1189","targetHints":{"allow":["GET"]}}],"collection":[{"href":"https:\/\/madelinefashion.pl\/en\/wp-json\/wp\/v2\/product"}],"about":[{"href":"https:\/\/madelinefashion.pl\/en\/wp-json\/wp\/v2\/types\/product"}],"wp:featuredmedia":[{"embeddable":true,"href":"https:\/\/madelinefashion.pl\/en\/wp-json\/wp\/v2\/media\/11432"}],"wp:attachment":[{"href":"https:\/\/madelinefashion.pl\/en\/wp-json\/wp\/v2\/media?parent=1189"}],"wp:term":[{"taxonomy":"product_brand","embeddable":true,"href":"https:\/\/madelinefashion.pl\/en\/wp-json\/wp\/v2\/product_brand?post=1189"},{"taxonomy":"product_cat","embeddable":true,"href":"https:\/\/madelinefashion.pl\/en\/wp-json\/wp\/v2\/product_cat?post=1189"},{"taxonomy":"product_tag","embeddable":true,"href":"https:\/\/madelinefashion.pl\/en\/wp-json\/wp\/v2\/product_tag?post=1189"}],"curies":[{"name":"wp","href":"https:\/\/api.w.org\/{rel}","templated":true}]}}