{"id":1191,"date":"2019-04-24T13:56:39","date_gmt":"2019-04-24T11:56:39","guid":{"rendered":"http:\/\/serwer2078743.home.pl\/?post_type=product&#038;p=1191"},"modified":"2026-01-15T12:43:40","modified_gmt":"2026-01-15T11:43:40","slug":"plaszcz-butelkowa-zielen-plus-size-z-flauszu-2","status":"publish","type":"product","link":"https:\/\/madelinefashion.pl\/en\/product\/plaszcz-butelkowa-zielen-plus-size-z-flauszu-2\/","title":{"rendered":"Plus Size Bottle Green Coat made of Fleece"},"content":{"rendered":"<h2 style=\"text-align: center;\">Plus Size Bottle Green Coat made of Fleece<\/h2>\n<p style=\"text-align: center;\">The bottle green coat made of fleece is a real hit at any time of the year. It is a combination of elegance, modernity and functionality - color coat <strong>bottle green brings to mind the colors of nature<\/strong>, summer forest, tree leaves, moss. It is a beautiful and non-obvious color - don&#039;t let it run out in your wardrobe !!! . Thanks to the structure of the material, it will work better <strong>on colder days and during transitional periods.<\/strong> Size <strong>universal Plus Size <\/strong>\u00a0recommended for\u00a0 <strong>Mr<\/strong> wearing<strong> size<\/strong> <strong>44,46,48,50<\/strong> which is a huge advantage of this model. In the offer <strong>we have<\/strong> also <strong>smaller<\/strong> recommended for SML XL. The coat is also available in other colors - we encourage you to see our other products in our e-shop. You can use our coats for <strong>most<\/strong> yours <strong>styling<\/strong>, due to the fact that the colors are subdued, <strong>elegant<\/strong> and chic.<\/p>\n<p style=\"text-align: center;\">The coat is universal - it is suitable for all occasions, it will work great in <strong>spring<\/strong> and <strong>autumnal ones<\/strong> styling, additionally made of fleece makes it perfectly arranged.<\/p>\n<h2 style=\"text-align: center;\">The coat is perfect for any occasion<\/h2>\n<h2 style=\"text-align: center;\">Plus Size Coat Dimensions:<\/h2>\n<ul style=\"text-align: center;\">\n<li>total length back: 90 cm<\/li>\n<li>width from armpit to armpit: 59 cm<\/li>\n<li>sleeve length from the shoulder: 62 cm<\/li>\n<li>sleeve length from armpit: 47 cm<\/li>\n<li>recommended maximum bust circumference: 130-145 cm<\/li>\n<li>bicep width: 39 cm<\/li>\n<\/ul>\n<p style=\"text-align: center;\"><strong>Product illustrative photo !!!<\/strong><\/p>\n<p style=\"text-align: center;\">Dimensions may slightly differ from the given +\/- 2cm. All dimensions given are measured flat.<\/p>\n<p style=\"text-align: center;\"><strong>\u00a0<\/strong><\/p>\n<table width=\"617\">\n<tbody>\n<tr>\n<td width=\"302\">Model name<\/td>\n<td width=\"302\">Plus Size fleece coat BOTTLE GREEN<\/td>\n<\/tr>\n<tr>\n<td width=\"302\">Color<\/td>\n<td width=\"302\">BOTTLE GREEN<\/td>\n<\/tr>\n<tr>\n<td width=\"302\">Collection<\/td>\n<td width=\"302\">Spring \/ Autumn \/ Winter<\/td>\n<\/tr>\n<tr>\n<td width=\"302\">Sizes<\/td>\n<td width=\"302\">Universal (Plus Size)<\/td>\n<\/tr>\n<tr>\n<td width=\"302\">Fashion<\/td>\n<td width=\"302\">Oversize<\/td>\n<\/tr>\n<tr>\n<td width=\"302\">Hood<\/td>\n<td width=\"302\">Without the hood<\/td>\n<\/tr>\n<tr>\n<td width=\"302\">Warmed up<\/td>\n<td width=\"302\">Uninsulated<\/td>\n<\/tr>\n<tr>\n<td width=\"302\">Material<\/td>\n<td width=\"302\">Petersham<\/td>\n<\/tr>\n<\/tbody>\n<\/table>\n<p style=\"text-align: center;\">\u00a0The model has\u00a0<strong>173<\/strong>\u00a0cm tall in size <strong>Plus Size<\/strong><\/p>","protected":false},"excerpt":{"rendered":"<p>P\u0142aszcz Butelkowa Ziele\u0144 Plus Size z Flauszu P\u0142aszcz w kolorze Butelkowej Zieleni z flauszu to prawdziwy hit na ka\u017cd\u0105 por\u0119 roku. Jest to po\u0142\u0105czenie elegancji, nowoczesno\u015bci i funkcjonalno\u015bci \u2013P\u0142aszcz kolorze butelkowej zieleni przywodzi na my\u015bl barwy natury, letni las, li\u015bcie drzew, mech. To pi\u0119kny i nieoczywisty kolor \u2013 nie pozw\u00f3l, aby zabrak\u0142o go w Twojej<\/p>\n<div class=\"klb-readmore post-buttons\"><a class=\"button black outline size-sm\" href=\"https:\/\/madelinefashion.pl\/en\/product\/plaszcz-butelkowa-zielen-plus-size-z-flauszu-2\/\">Read More <i class=\"klbth-icon-right-arrow\"><\/i><\/a><\/div>","protected":false},"featured_media":6666,"template":"","meta":[],"product_brand":[],"product_cat":[102,279],"product_tag":[510],"class_list":{"0":"post-1191","1":"product","2":"type-product","3":"status-publish","4":"has-post-thumbnail","6":"product_cat-plaszcze-plus-size","7":"product_cat-plaszcze-wiosenne","8":"product_tag-plaszcze-flauszowe","10":"first","11":"instock","12":"sale","13":"purchasable","14":"product-type-simple"},"_links":{"self":[{"href":"https:\/\/madelinefashion.pl\/en\/wp-json\/wp\/v2\/product\/1191","targetHints":{"allow":["GET"]}}],"collection":[{"href":"https:\/\/madelinefashion.pl\/en\/wp-json\/wp\/v2\/product"}],"about":[{"href":"https:\/\/madelinefashion.pl\/en\/wp-json\/wp\/v2\/types\/product"}],"wp:featuredmedia":[{"embeddable":true,"href":"https:\/\/madelinefashion.pl\/en\/wp-json\/wp\/v2\/media\/6666"}],"wp:attachment":[{"href":"https:\/\/madelinefashion.pl\/en\/wp-json\/wp\/v2\/media?parent=1191"}],"wp:term":[{"taxonomy":"product_brand","embeddable":true,"href":"https:\/\/madelinefashion.pl\/en\/wp-json\/wp\/v2\/product_brand?post=1191"},{"taxonomy":"product_cat","embeddable":true,"href":"https:\/\/madelinefashion.pl\/en\/wp-json\/wp\/v2\/product_cat?post=1191"},{"taxonomy":"product_tag","embeddable":true,"href":"https:\/\/madelinefashion.pl\/en\/wp-json\/wp\/v2\/product_tag?post=1191"}],"curies":[{"name":"wp","href":"https:\/\/api.w.org\/{rel}","templated":true}]}}