{"id":11930,"date":"2021-05-09T00:41:42","date_gmt":"2021-05-08T22:41:42","guid":{"rendered":"https:\/\/madelinefashion.pl\/?post_type=product&#038;p=11930"},"modified":"2025-09-09T10:34:55","modified_gmt":"2025-09-09T08:34:55","slug":"sukienka-plisowana-maxi-dalmatia-bezowa","status":"publish","type":"product","link":"https:\/\/madelinefashion.pl\/en\/product\/sukienka-plisowana-maxi-dalmatia-bezowa\/","title":{"rendered":"Pleated Maxi Dress Dalmatia Beige"},"content":{"rendered":"<h3 style=\"text-align: center;\">Pleated Maxi Dress Dalmatia Beige<\/h3>\n<p style=\"text-align: center;\"><span style=\"font-size: 10pt;\">Pleated maxi dress in color <strong>beige<\/strong>\u00a0Incredibly feminine, elegant pleated dress with a maxi length with an envelope neckline beautifully emphasizes the bust. <strong>The dress can be worn over<\/strong> <strong>two sides with a neckline on the back<\/strong> An elastic band at the waist ensures that the model fits the figure, which will emphasize the feminine shapes. Dress <strong>has a lining<\/strong>. Airy cut looks fantastic while moving. The perfect proposition for weddings, weddings, family celebrations, banquets. <span lang=\"pl-pl\" xml:lang=\"pl-pl\">The dress is made of light material so <strong>you will feel at ease in it.\u00a0<\/strong><\/span><span lang=\"pl-pl\" xml:lang=\"pl-pl\">Available in our store in several color variants. Recommended for women in size SML XL. <strong>The perfect proposition for a wedding, wedding reception and other family celebrations. We recommend it with the dress\u00a0 <a href=\"https:\/\/madelinefashion.pl\/en\/pasek-na-gumce-x-czarno-zloty\/\">X Black and Gold stripe<\/a><\/strong><\/span><\/span><\/p>\n<p>&nbsp;<\/p>\n<h3 style=\"text-align: center;\">\u00a0Dimensions:<\/h3>\n<ul style=\"text-align: center;\">\n<li><span style=\"font-size: 10pt;\">\u00a0\u00a0\u00a0\u00a0\u00a0\u00a0\u00a0 overall length: 128 cm<br \/>\nlength to the lining \/ petticoat: 115<\/span><\/li>\n<li><span style=\"font-size: 10pt;\">\u00a0\u00a0\u00a0\u00a0\u00a0\u00a0\u00a0 width from armpit to armpit: 42 cm -53 cm<\/span><\/li>\n<li><span style=\"font-size: 10pt;\">\u00a0\u00a0\u00a0\u00a0\u00a0\u00a0\u00a0 waist width 30-50 cm<\/span><\/li>\n<li><span style=\"font-size: 10pt;\">\u00a0\u00a0\u00a0\u00a0\u00a0\u00a0\u00a0 recommended maximum bust circumference: 106 cm<\/span><\/li>\n<\/ul>\n<p style=\"text-align: center;\">Dimensions may vary from the given +\/- 2cm. All dimensions given are measured flat. <strong>X2 dimension<\/strong><\/p>\n<p style=\"text-align: center;\"><span style=\"font-size: 10pt;\"><strong>\u00a0<\/strong>\u00a0<\/span><\/p>\n<p>&nbsp;<\/p>\n<table>\n<tbody>\n<tr>\n<td width=\"302\"><span style=\"font-size: 10pt;\">Model name<\/span><\/td>\n<td width=\"302\">Pleated Maxi Dalmatia Dress<\/td>\n<\/tr>\n<tr>\n<td width=\"302\"><span style=\"font-size: 10pt;\">Color<\/span><\/td>\n<td width=\"302\"><span style=\"font-size: 10pt;\">Beige<\/span><\/td>\n<\/tr>\n<tr>\n<td width=\"302\"><span style=\"font-size: 10pt;\">Cleavage<\/span><\/td>\n<td width=\"302\"><span style=\"font-size: 10pt;\">Envelope<\/span><\/td>\n<\/tr>\n<tr>\n<td width=\"302\"><span style=\"font-size: 10pt;\">Material<\/span><\/td>\n<td width=\"302\"><span style=\"font-size: 10pt;\">97 % Polyester 3% Elastane<\/span><\/td>\n<\/tr>\n<tr>\n<td width=\"302\"><span style=\"font-size: 10pt;\">Length<\/span><\/td>\n<td width=\"302\"><span style=\"font-size: 10pt;\">To the ground<\/span><\/td>\n<\/tr>\n<\/tbody>\n<\/table>\n<p style=\"text-align: center;\">The model has\u00a0<strong>169<\/strong>\u00a0cm tall, wears a size every day\u00a0<strong>S.<\/strong><\/p>\n<p style=\"text-align: center;\">The width at the bust is 92 cm<\/p>\n<p style=\"text-align: center;\">Waist width 62 cm<\/p>\n<p style=\"text-align: center;\">The width at the hips is 94 cm<span style=\"font-size: 10pt;\">\u00a0<\/span><\/p>","protected":false},"excerpt":{"rendered":"<p>Sukienka Plisowana Maxi Dalmatia Be\u017cowa Sukienka maxi plisowana w kolorze be\u017cowa\u00a0Niesamowicie kobieca, elegancka sukienka plisowana o d\u0142ugo\u015bci\u00a0maxi z dekoltem kopertowym pi\u0119knie wyeksponuje biust. Sukienk\u0119 mo\u017cna nosi\u0107 na dwie strony z dekoltem na plecach W talii elastyczna gumka zapewnia dopasowanie modelu do sylwetki co podkre\u015bli kobiece kszta\u0142ty. Sukienka posiada podszewk\u0119. Zwiewny fason fantastycznie uk\u0142ada si\u0119 podczas<\/p>\n<div class=\"klb-readmore post-buttons\"><a class=\"button black outline size-sm\" href=\"https:\/\/madelinefashion.pl\/en\/product\/sukienka-plisowana-maxi-dalmatia-bezowa\/\">Read More <i class=\"klbth-icon-right-arrow\"><\/i><\/a><\/div>","protected":false},"featured_media":84996,"template":"","meta":[],"product_brand":[],"product_cat":[125,395],"product_tag":[],"class_list":{"0":"post-11930","1":"product","2":"type-product","3":"status-publish","4":"has-post-thumbnail","6":"product_cat-sukienki","7":"product_cat-nowosci","9":"first","10":"instock","11":"purchasable","12":"product-type-simple"},"_links":{"self":[{"href":"https:\/\/madelinefashion.pl\/en\/wp-json\/wp\/v2\/product\/11930","targetHints":{"allow":["GET"]}}],"collection":[{"href":"https:\/\/madelinefashion.pl\/en\/wp-json\/wp\/v2\/product"}],"about":[{"href":"https:\/\/madelinefashion.pl\/en\/wp-json\/wp\/v2\/types\/product"}],"wp:featuredmedia":[{"embeddable":true,"href":"https:\/\/madelinefashion.pl\/en\/wp-json\/wp\/v2\/media\/84996"}],"wp:attachment":[{"href":"https:\/\/madelinefashion.pl\/en\/wp-json\/wp\/v2\/media?parent=11930"}],"wp:term":[{"taxonomy":"product_brand","embeddable":true,"href":"https:\/\/madelinefashion.pl\/en\/wp-json\/wp\/v2\/product_brand?post=11930"},{"taxonomy":"product_cat","embeddable":true,"href":"https:\/\/madelinefashion.pl\/en\/wp-json\/wp\/v2\/product_cat?post=11930"},{"taxonomy":"product_tag","embeddable":true,"href":"https:\/\/madelinefashion.pl\/en\/wp-json\/wp\/v2\/product_tag?post=11930"}],"curies":[{"name":"wp","href":"https:\/\/api.w.org\/{rel}","templated":true}]}}