{"id":1195,"date":"2019-04-24T14:14:46","date_gmt":"2019-04-24T12:14:46","guid":{"rendered":"http:\/\/serwer2078743.home.pl\/?post_type=product&#038;p=1195"},"modified":"2026-03-16T14:42:53","modified_gmt":"2026-03-16T13:42:53","slug":"plaszcz-musztardowy-plus-size-z-flauszu","status":"publish","type":"product","link":"https:\/\/madelinefashion.pl\/en\/product\/plaszcz-musztardowy-plus-size-z-flauszu\/","title":{"rendered":"Plus Size Mustard Coat made of Fleece"},"content":{"rendered":"<h3 style=\"text-align: center;\">Plus Size Mustard Coat made of Fleece<\/h3>\n<p style=\"text-align: center;\"><strong>Vigorous Mustard color<\/strong>\u00a0 - liven up your style not only in spring! Neon clothes reign on the catwalks, will you also choose this color? The color of mustard, also often referred to as burnt yellow, is one of the colors that also dominate the popularity rankings in autumn. It is a combination of elegance, modernity and functionality - The coat is universal - it is suitable for any occasion, it will be perfect at any time of the year, additionally made of fleece makes it perfectly arranged. Size <strong>universal Plus Size <\/strong>\u00a0recommended for\u00a0 <strong>Mr<\/strong> wearing<strong> size<\/strong> <strong>44,46,48,50.<\/strong>\u00a0In the offer <strong>we have<\/strong> also smaller<strong> tied coats\u00a0<\/strong> recommended for SML XL. In our online store you will find this product in a variety of colors for unbeatable <strong>low price<\/strong>. If you cannot decide which color \/ size is best for you, please feel free to contact us through <strong>Facebook<\/strong> or phone<\/p>\n<h3 style=\"text-align: center;\">The coat is perfect for any occasion<\/h3>\n<p style=\"text-align: center;\">The mustard color of the coat is a real hit - this color is a real bestseller, chosen by many women. The color adds energy and character, but also allows it to be adapted to different styles.<\/p>\n<h3 style=\"text-align: center;\">Plus Size Coat Dimensions:<\/h3>\n<ul style=\"text-align: center;\">\n<li>total length back: 90 cm<\/li>\n<li>width from armpit to armpit: 59 cm<\/li>\n<li>sleeve length from the shoulder: 62 cm<\/li>\n<li>sleeve length from armpit: 47 cm<\/li>\n<li>recommended maximum bust circumference: 130-145 cm<\/li>\n<li>bicep width: 39 cm<\/li>\n<\/ul>\n<p style=\"text-align: center;\">Dimensions may slightly differ from the given +\/- 2cm. All dimensions given are measured flat.<\/p>\n<p style=\"text-align: center;\"><strong>\u00a0<\/strong><\/p>\n<table width=\"614\">\n<tbody>\n<tr>\n<td width=\"302\">Model name<\/td>\n<td width=\"302\">Plus Size fleece coat<\/td>\n<\/tr>\n<tr>\n<td width=\"302\">Color<\/td>\n<td width=\"302\">Mustard<\/td>\n<\/tr>\n<tr>\n<td width=\"302\">Collection<\/td>\n<td width=\"302\">Spring \/ Autumn \/ Winter<\/td>\n<\/tr>\n<tr>\n<td width=\"302\">Sizes<\/td>\n<td width=\"302\">Universal<\/td>\n<\/tr>\n<tr>\n<td width=\"302\">Fashion<\/td>\n<td width=\"302\">Oversize<\/td>\n<\/tr>\n<tr>\n<td width=\"302\">Hood<\/td>\n<td width=\"302\">Without the hood<\/td>\n<\/tr>\n<tr>\n<td width=\"302\">Warmed up<\/td>\n<td width=\"302\">Uninsulated<\/td>\n<\/tr>\n<tr>\n<td width=\"302\">Material<\/td>\n<td width=\"302\">Petersham<\/td>\n<\/tr>\n<\/tbody>\n<\/table>\n<p style=\"text-align: center;\">\u00a0The model has\u00a0<strong>173<\/strong>\u00a0cm tall in size <strong>Plus Size<\/strong><\/p>","protected":false},"excerpt":{"rendered":"<p>P\u0142aszcz Musztardowy Plus Size z Flauszu Energetyczny kolor Musztardowy\u00a0 &#8211; o\u017cyw sw\u00f3j styl nie tylko na wiosn\u0119!\u00a0\u00a0Neonowe ubrania kr\u00f3luj\u0105 na wybiegach, czy i Ty si\u0119gniesz po ten kolor ?\u00a0\u00a0Kolor musztardy, okre\u015blany te\u017c cz\u0119sto mianem palonej \u017c\u00f3\u0142ci, to jeden z kolor\u00f3w, kt\u00f3re r\u00f3wnie\u017c\u00a0 jesieni\u0105 kr\u00f3luj\u0105 w rankingach popularno\u015bci. Jest to po\u0142\u0105czenie elegancji, nowoczesno\u015bci i funkcjonalno\u015bci \u2013<\/p>\n<div class=\"klb-readmore post-buttons\"><a class=\"button black outline size-sm\" href=\"https:\/\/madelinefashion.pl\/en\/product\/plaszcz-musztardowy-plus-size-z-flauszu\/\">Read More <i class=\"klbth-icon-right-arrow\"><\/i><\/a><\/div>","protected":false},"featured_media":6623,"template":"","meta":[],"product_brand":[],"product_cat":[102,279],"product_tag":[510],"class_list":{"0":"post-1195","1":"product","2":"type-product","3":"status-publish","4":"has-post-thumbnail","6":"product_cat-plaszcze-plus-size","7":"product_cat-plaszcze-wiosenne","8":"product_tag-plaszcze-flauszowe","10":"first","11":"instock","12":"sale","13":"purchasable","14":"product-type-simple"},"_links":{"self":[{"href":"https:\/\/madelinefashion.pl\/en\/wp-json\/wp\/v2\/product\/1195","targetHints":{"allow":["GET"]}}],"collection":[{"href":"https:\/\/madelinefashion.pl\/en\/wp-json\/wp\/v2\/product"}],"about":[{"href":"https:\/\/madelinefashion.pl\/en\/wp-json\/wp\/v2\/types\/product"}],"wp:featuredmedia":[{"embeddable":true,"href":"https:\/\/madelinefashion.pl\/en\/wp-json\/wp\/v2\/media\/6623"}],"wp:attachment":[{"href":"https:\/\/madelinefashion.pl\/en\/wp-json\/wp\/v2\/media?parent=1195"}],"wp:term":[{"taxonomy":"product_brand","embeddable":true,"href":"https:\/\/madelinefashion.pl\/en\/wp-json\/wp\/v2\/product_brand?post=1195"},{"taxonomy":"product_cat","embeddable":true,"href":"https:\/\/madelinefashion.pl\/en\/wp-json\/wp\/v2\/product_cat?post=1195"},{"taxonomy":"product_tag","embeddable":true,"href":"https:\/\/madelinefashion.pl\/en\/wp-json\/wp\/v2\/product_tag?post=1195"}],"curies":[{"name":"wp","href":"https:\/\/api.w.org\/{rel}","templated":true}]}}