{"id":12014,"date":"2021-05-09T02:24:55","date_gmt":"2021-05-09T00:24:55","guid":{"rendered":"https:\/\/madelinefashion.pl\/?post_type=product&#038;p=12014"},"modified":"2025-09-09T10:34:45","modified_gmt":"2025-09-09T08:34:45","slug":"sukienka-koronkowa-maxi-biala-na-ramiaczkach-blanka","status":"publish","type":"product","link":"https:\/\/madelinefashion.pl\/en\/product\/sukienka-koronkowa-maxi-biala-na-ramiaczkach-blanka\/","title":{"rendered":"White Maxi Lace Dress on Blanka Straps"},"content":{"rendered":"<h3 style=\"text-align: center;\">White Maxi Lace Dress on Blanka Straps<\/h3>\n<p align=\"center\"><strong><span lang=\"pl-pl\" xml:lang=\"pl-pl\">A phenomenal maxi dress in the boho style Blanka White <\/span><\/strong><span lang=\"pl-pl\" xml:lang=\"pl-pl\">with an envelope neckline and a slit. Dress<b> lace on adjustable straps <\/b>it will surely win your hearts. It will be perfect for more demanding styling, but also for everyday use. Lace dress with adjustable straps. A unique combination of a maxi dress with a skirt. You must have it in your wardrobe! <strong>. V-neck and decorative front will perfectly emphasize summer styling. This season&#039;s absolute hit! <\/strong>Dress in size<strong> universal <\/strong>recommended from<strong> S to L<\/strong><\/span><\/p>\n<h3 style=\"text-align: center;\">\u00a0Dimensions:<\/h3>\n<ul style=\"text-align: center;\">\n<li><span style=\"font-size: 10pt;\">\u00a0\u00a0\u00a0\u00a0\u00a0\u00a0\u00a0 overall length: 141 cm<\/span><span style=\"font-size: 10pt;\"><br \/>\n<\/span><\/li>\n<li>skirt length: 84 cm<\/li>\n<li><span style=\"font-size: 10pt;\">\u00a0\u00a0\u00a0\u00a0\u00a0\u00a0\u00a0 width from armpit to armpit: 41-55 cm <\/span><\/li>\n<li><span style=\"font-size: 10pt;\">\u00a0\u00a0\u00a0\u00a0\u00a0\u00a0\u00a0 waist width 31-39 cm<\/span><\/li>\n<li><span style=\"font-size: 10pt;\">\u00a0 \u00a0 <\/span><\/li>\n<\/ul>\n<p style=\"text-align: center;\">Dimensions may vary from the given +\/- 2cm. All dimensions given are measured flat. <strong>X2 dimension<\/strong><\/p>\n<p>&nbsp;<\/p>\n<table>\n<tbody>\n<tr>\n<td width=\"302\"><span style=\"font-size: 10pt;\">Model name<\/span><\/td>\n<td width=\"302\">Lace Maxi Dress on Blanka Straps<\/td>\n<\/tr>\n<tr>\n<td width=\"302\"><span style=\"font-size: 10pt;\">Color<\/span><\/td>\n<td width=\"302\"><span style=\"font-size: 13.3333px;\">White<\/span><\/td>\n<\/tr>\n<tr>\n<td width=\"302\"><span style=\"font-size: 10pt;\">Fashion<\/span><\/td>\n<td width=\"302\"><span style=\"font-size: 10pt;\">Oversize<\/span><\/td>\n<\/tr>\n<tr>\n<td width=\"302\"><span style=\"font-size: 10pt;\">Material<\/span><\/td>\n<td width=\"302\"><span style=\"font-size: 10pt;\">80 % Nylon 20% Cotton<\/span><\/td>\n<\/tr>\n<tr>\n<td width=\"302\"><span style=\"font-size: 10pt;\">Length<\/span><\/td>\n<td width=\"302\"><span style=\"font-size: 10pt;\">To the ground \/ asymmetrical<\/span><\/td>\n<\/tr>\n<\/tbody>\n<\/table>\n<div class=\"tabs tabs-bb clear mb-80\">\n<div class=\"tab-content\">\n<div id=\"tab-description\" class=\"tab-pane fade in woocommerce-Tabs-panel--description active\">\n<div class=\"tabs tabs-bb clear mb-80\">\n<div class=\"tab-content\">\n<div id=\"tab-description\" class=\"tab-pane fade in woocommerce-Tabs-panel--description active\">\n<p style=\"text-align: center;\">\u00a0The model has\u00a0<strong>175<\/strong>\u00a0cm tall, wears a size every day\u00a0<strong>S.<\/strong><\/p>\n<\/div>\n<\/div>\n<\/div>\n<section class=\"related products mb-80\"><\/section>\n<\/div>\n<\/div>\n<\/div>\n<div class=\"additional-details\" style=\"text-align: center;\">\n<p style=\"text-align: center;\">\n<\/div>","protected":false},"excerpt":{"rendered":"<p>Sukienka Koronkowa Maxi Bia\u0142a na Rami\u0105czkach Blanka Fenomenalna sukienka maxi w stylu boho Blanka Bia\u0142a z dekoltem kopertowym oraz rozci\u0119ciem. Sukienka koronkowa na rami\u0105czkach regulowanych z pewno\u015bci\u0105 podbije Wasze serca. Sprawdzi si\u0119 idealnie w bardziej wymagaj\u0105cej stylizacji, ale r\u00f3wnie\u017c na co dzie\u0144. Sukienka koronkowa na regulowanych rami\u0105czkach. Niepowtarzalne po\u0142\u0105czenie sukienki maxi ze sp\u00f3dniczk\u0105. Musisz j\u0105<\/p>\n<div class=\"klb-readmore post-buttons\"><a class=\"button black outline size-sm\" href=\"https:\/\/madelinefashion.pl\/en\/product\/sukienka-koronkowa-maxi-biala-na-ramiaczkach-blanka\/\">Read More <i class=\"klbth-icon-right-arrow\"><\/i><\/a><\/div>","protected":false},"featured_media":12002,"template":"","meta":[],"product_brand":[],"product_cat":[125,395],"product_tag":[219],"class_list":{"0":"post-12014","1":"product","2":"type-product","3":"status-publish","4":"has-post-thumbnail","6":"product_cat-sukienki","7":"product_cat-nowosci","8":"product_tag-sukienka-biala","10":"first","11":"instock","12":"purchasable","13":"product-type-simple"},"_links":{"self":[{"href":"https:\/\/madelinefashion.pl\/en\/wp-json\/wp\/v2\/product\/12014","targetHints":{"allow":["GET"]}}],"collection":[{"href":"https:\/\/madelinefashion.pl\/en\/wp-json\/wp\/v2\/product"}],"about":[{"href":"https:\/\/madelinefashion.pl\/en\/wp-json\/wp\/v2\/types\/product"}],"wp:featuredmedia":[{"embeddable":true,"href":"https:\/\/madelinefashion.pl\/en\/wp-json\/wp\/v2\/media\/12002"}],"wp:attachment":[{"href":"https:\/\/madelinefashion.pl\/en\/wp-json\/wp\/v2\/media?parent=12014"}],"wp:term":[{"taxonomy":"product_brand","embeddable":true,"href":"https:\/\/madelinefashion.pl\/en\/wp-json\/wp\/v2\/product_brand?post=12014"},{"taxonomy":"product_cat","embeddable":true,"href":"https:\/\/madelinefashion.pl\/en\/wp-json\/wp\/v2\/product_cat?post=12014"},{"taxonomy":"product_tag","embeddable":true,"href":"https:\/\/madelinefashion.pl\/en\/wp-json\/wp\/v2\/product_tag?post=12014"}],"curies":[{"name":"wp","href":"https:\/\/api.w.org\/{rel}","templated":true}]}}