{"id":12046,"date":"2021-05-09T14:19:50","date_gmt":"2021-05-09T12:19:50","guid":{"rendered":"https:\/\/madelinefashion.pl\/?post_type=product&#038;p=12046"},"modified":"2026-04-10T14:43:42","modified_gmt":"2026-04-10T12:43:42","slug":"sukienka-maxi-koronkowa-z-pomponami-czarna-california","status":"publish","type":"product","link":"https:\/\/madelinefashion.pl\/en\/product\/sukienka-maxi-koronkowa-z-pomponami-czarna-california\/","title":{"rendered":"Black California Lace Maxi Dress with Pompoms"},"content":{"rendered":"<h3 style=\"text-align: center;\">Black California Lace Maxi Dress with Pompoms<\/h3>\n<p align=\"center\"><strong><span lang=\"pl-pl\" xml:lang=\"pl-pl\">Phenomenal maxi dress in the boho style\u00a0 <\/span><\/strong><span lang=\"pl-pl\" xml:lang=\"pl-pl\">with pompoms adorning the neckline will win the hearts of not one of you. It will be perfect when we need more demanding styling, but also on a daily basis. Lace dress with wide sleeves. You must have it in your wardrobe!<b>. <\/b>The Maxi lace dress has an elastic band at the waist, thanks to which it fits perfectly.<b>\u00a0 A frill and a decorative front will perfectly emphasize the summer styling. This season&#039;s absolute hit! <\/b>Dress in size<strong> universal <\/strong>recommended from<strong> S to XL<\/strong><\/span><\/p>\n<h3 style=\"text-align: center;\">\u00a0Dimensions:<\/h3>\n<ul style=\"text-align: center;\">\n<li><span style=\"font-size: 10pt;\">\u00a0\u00a0\u00a0\u00a0\u00a0\u00a0\u00a0 overall length: 132 cm<\/span><span style=\"font-size: 10pt;\"><br \/>\n<\/span><\/li>\n<li>lining length: 110 cm<\/li>\n<li><span style=\"font-size: 10pt;\">\u00a0\u00a0\u00a0\u00a0\u00a0\u00a0\u00a0 width from armpit to armpit: 43-53 cm <\/span><\/li>\n<li><span style=\"font-size: 10pt;\">shoulder width: 38 cm<\/span><\/li>\n<li><span style=\"font-size: 10pt;\">sleeve length from armpit: 45 cm<\/span><\/li>\n<li><span style=\"font-size: 10pt;\">sleeve length from the shoulder: 62 cm<\/span><\/li>\n<li><span style=\"font-size: 10pt;\">\u00a0\u00a0\u00a0\u00a0\u00a0\u00a0\u00a0 waist width 30-53 cm<\/span><\/li>\n<li><\/li>\n<\/ul>\n<p style=\"text-align: center;\">Dimensions may vary from the given +\/- 2cm. All dimensions given are measured flat. <strong>X2 dimension<\/strong><\/p>\n<h3 style=\"text-align: center;\"><strong><br \/>\n<\/strong>Characteristics:<\/h3>\n<p style=\"text-align: center;\">-lace<br \/>\n-pompons<br \/>\n- V neckline<br \/>\n-maxi<br \/>\n- available in three colors<br \/>\n-original<br \/>\n- universal<br \/>\n- elastic material<\/p>\n<table>\n<tbody>\n<tr>\n<td width=\"302\"><span style=\"font-size: 10pt;\">Model name<\/span><\/td>\n<td width=\"302\">Maxi lace dress with California pompoms<\/td>\n<\/tr>\n<tr>\n<td width=\"302\"><span style=\"font-size: 10pt;\">Color<\/span><\/td>\n<td width=\"302\"><span style=\"font-size: 13.3333px;\">Black<\/span><\/td>\n<\/tr>\n<tr>\n<td width=\"302\"><span style=\"font-size: 10pt;\">Fashion<\/span><\/td>\n<td width=\"302\"><span style=\"font-size: 10pt;\">Oversize<\/span><\/td>\n<\/tr>\n<tr>\n<td width=\"302\"><span style=\"font-size: 10pt;\">Material<\/span><\/td>\n<td width=\"302\"><span style=\"font-size: 10pt;\">100 % Polyester\u00a0\u00a0<\/span><\/td>\n<\/tr>\n<tr>\n<td width=\"302\"><span style=\"font-size: 10pt;\">Length<\/span><\/td>\n<td width=\"302\"><span style=\"font-size: 10pt;\">To the ground \/ asymmetrical<\/span><\/td>\n<\/tr>\n<\/tbody>\n<\/table>\n<div class=\"tabs tabs-bb clear mb-80\">\n<div class=\"tab-content\">\n<div id=\"tab-description\" class=\"tab-pane fade in woocommerce-Tabs-panel--description active\">\n<div class=\"tabs tabs-bb clear mb-80\">\n<div class=\"tab-content\">\n<div id=\"tab-description\" class=\"tab-pane fade in woocommerce-Tabs-panel--description active\">\n<p style=\"text-align: center;\">The model has\u00a0<strong>169<\/strong>\u00a0cm tall, wears a size every day\u00a0<strong>S.<\/strong><\/p>\n<p style=\"text-align: center;\">The width at the bust is 92 cm<\/p>\n<p style=\"text-align: center;\">Waist width 62 cm<\/p>\n<p style=\"text-align: center;\">The width at the hips is 94 cm<\/p>\n<\/div>\n<\/div>\n<\/div>\n<section class=\"related products mb-80\"><\/section>\n<\/div>\n<\/div>\n<\/div>\n<div class=\"additional-details\" style=\"text-align: center;\">\n<p style=\"text-align: center;\">\n<\/div>","protected":false},"excerpt":{"rendered":"<p>Sukienka Maxi Koronkowa z Pomponami Czarna California Fenomenalna sukienka maxi w stylu boho\u00a0 ze zdobi\u0105cym dekolt pomponami podbije serca nie jednej z Was. Sprawdzi si\u0119 idealnie, gdy potrzebujemy bardziej wymagaj\u0105cej stylizacji, ale r\u00f3wnie\u017c na co dzie\u0144. Sukienka koronkowa z szerokim r\u0119kawem. Musisz j\u0105 mie\u0107 w Swojej garderobie!. Sukienka Maxi koronkowa posiada gumk\u0119 w pasie dzi\u0119ki<\/p>\n<div class=\"klb-readmore post-buttons\"><a class=\"button black outline size-sm\" href=\"https:\/\/madelinefashion.pl\/en\/product\/sukienka-maxi-koronkowa-z-pomponami-czarna-california\/\">Read More <i class=\"klbth-icon-right-arrow\"><\/i><\/a><\/div>","protected":false},"featured_media":48993,"template":"","meta":[],"product_brand":[],"product_cat":[125,395],"product_tag":[213],"class_list":{"0":"post-12046","1":"product","2":"type-product","3":"status-publish","4":"has-post-thumbnail","6":"product_cat-sukienki","7":"product_cat-nowosci","8":"product_tag-sukienka-czarna","10":"first","11":"outofstock","12":"purchasable","13":"product-type-simple"},"_links":{"self":[{"href":"https:\/\/madelinefashion.pl\/en\/wp-json\/wp\/v2\/product\/12046","targetHints":{"allow":["GET"]}}],"collection":[{"href":"https:\/\/madelinefashion.pl\/en\/wp-json\/wp\/v2\/product"}],"about":[{"href":"https:\/\/madelinefashion.pl\/en\/wp-json\/wp\/v2\/types\/product"}],"wp:featuredmedia":[{"embeddable":true,"href":"https:\/\/madelinefashion.pl\/en\/wp-json\/wp\/v2\/media\/48993"}],"wp:attachment":[{"href":"https:\/\/madelinefashion.pl\/en\/wp-json\/wp\/v2\/media?parent=12046"}],"wp:term":[{"taxonomy":"product_brand","embeddable":true,"href":"https:\/\/madelinefashion.pl\/en\/wp-json\/wp\/v2\/product_brand?post=12046"},{"taxonomy":"product_cat","embeddable":true,"href":"https:\/\/madelinefashion.pl\/en\/wp-json\/wp\/v2\/product_cat?post=12046"},{"taxonomy":"product_tag","embeddable":true,"href":"https:\/\/madelinefashion.pl\/en\/wp-json\/wp\/v2\/product_tag?post=12046"}],"curies":[{"name":"wp","href":"https:\/\/api.w.org\/{rel}","templated":true}]}}