{"id":1205,"date":"2019-09-13T17:37:53","date_gmt":"2019-09-13T15:37:53","guid":{"rendered":"http:\/\/serwer2078743.home.pl\/?post_type=product&#038;p=1205"},"modified":"2026-02-20T14:59:15","modified_gmt":"2026-02-20T13:59:15","slug":"kardigan-trio-blekitny-z-kapturem","status":"publish","type":"product","link":"https:\/\/madelinefashion.pl\/en\/product\/kardigan-trio-blekitny-z-kapturem\/","title":{"rendered":"Blue Trio Cardigan with Hood"},"content":{"rendered":"<h3 style=\"text-align: center;\">Blue Trio Cardigan with Hood<\/h3>\n<p style=\"text-align: center;\"><strong>Tri-color<\/strong> sweater with a hood and long sleeves finished with welts. Cardigan by Fr. <strong>oversize cut<\/strong> recommended for ladies wearing size\u00a0 <strong>SML XL XXL. <\/strong>Due to the color combinations <strong>Multi cardigan\u00a0<\/strong> can be used for most styles. You can easily match it with your favorite pants and T-shirt. Perfect for school, work, a date or meeting with friends! Cape <strong>Multi<\/strong> available in our e-shop in several color variants, so do not hesitate and choose the one that will be perfect for you.<\/p>\n<h3 style=\"text-align: center;\">Dimensions:<\/h3>\n<ul style=\"text-align: center;\">\n<li>Width from armpit to armpit: 54-68 cm<\/li>\n<li>Waist width: 54-60 cm<\/li>\n<li>Hips width: 54-60cm<\/li>\n<li>Length: 84 cm<\/li>\n<li>Recommended max size in the bust: 120 cm<\/li>\n<\/ul>\n<p style=\"text-align: center;\">Dimensions may slightly differ from the given +\/- 2cm. All dimensions given are measured flat.<\/p>\n<p style=\"text-align: center;\"><strong>\u00a0<\/strong><\/p>\n<table width=\"610\">\n<tbody>\n<tr>\n<td width=\"302\">Model name<\/td>\n<td width=\"302\">Cardigan Trio with Hood<\/td>\n<\/tr>\n<tr>\n<td width=\"302\">Color<\/td>\n<td width=\"302\">Blue<\/td>\n<\/tr>\n<tr>\n<td width=\"302\">Sizes<\/td>\n<td width=\"302\">Universal<\/td>\n<\/tr>\n<tr>\n<td width=\"302\">Fashion<\/td>\n<td width=\"302\">Oversize<\/td>\n<\/tr>\n<tr>\n<td width=\"302\">Hood<\/td>\n<td width=\"302\">Yes<\/td>\n<\/tr>\n<tr>\n<td width=\"302\">Warmed up<\/td>\n<td width=\"302\">Uninsulated<\/td>\n<\/tr>\n<tr>\n<td width=\"302\">Material<\/td>\n<td width=\"302\">64% acrylic, 36% polyamide<\/td>\n<\/tr>\n<\/tbody>\n<\/table>\n<div class=\"additional-details\" style=\"text-align: center;\">\n<p>\u00a0The model has\u00a0<strong>169<\/strong>\u00a0cm tall, wears a size every day\u00a0<strong>S.<\/strong><\/p>\n<p>The width at the bust is 92 cm<\/p>\n<p>Waist width 62 cm<\/p>\n<p>The width at the hips is 94 cm<\/p>\n<\/div>\n<p style=\"text-align: center;\">","protected":false},"excerpt":{"rendered":"<p>Kardigan Trio B\u0142\u0119kitny z Kapturem Tr\u00f3jkolorowy sweterek z kapturem i d\u0142ugimi r\u0119kawami zako\u0144czonymi \u015bci\u0105gaczem. Kardigan o fasonie oversize zalecany dla Pa\u0144 nosz\u0105cych rozmiar\u00a0 S M L XL XXL. Ze wzgl\u0119du na po\u0142\u0105czenia kolorystyczne Kardigan Multi\u00a0 mo\u017cna wykorzysta\u0107 do wi\u0119kszo\u015bci stylizacji. Z \u0142atwo\u015bci\u0105 dopasujesz go do swoich ulubionych spodni\u00a0 i T-shirtu. Idealne do szko\u0142y, do pracy,<\/p>\n<div class=\"klb-readmore post-buttons\"><a class=\"button black outline size-sm\" href=\"https:\/\/madelinefashion.pl\/en\/product\/kardigan-trio-blekitny-z-kapturem\/\">Read More <i class=\"klbth-icon-right-arrow\"><\/i><\/a><\/div>","protected":false},"featured_media":31544,"template":"","meta":[],"product_brand":[],"product_cat":[91],"product_tag":[],"class_list":{"0":"post-1205","1":"product","2":"type-product","3":"status-publish","4":"has-post-thumbnail","6":"product_cat-kardigany-damskie","8":"first","9":"instock","10":"purchasable","11":"product-type-simple"},"_links":{"self":[{"href":"https:\/\/madelinefashion.pl\/en\/wp-json\/wp\/v2\/product\/1205","targetHints":{"allow":["GET"]}}],"collection":[{"href":"https:\/\/madelinefashion.pl\/en\/wp-json\/wp\/v2\/product"}],"about":[{"href":"https:\/\/madelinefashion.pl\/en\/wp-json\/wp\/v2\/types\/product"}],"wp:featuredmedia":[{"embeddable":true,"href":"https:\/\/madelinefashion.pl\/en\/wp-json\/wp\/v2\/media\/31544"}],"wp:attachment":[{"href":"https:\/\/madelinefashion.pl\/en\/wp-json\/wp\/v2\/media?parent=1205"}],"wp:term":[{"taxonomy":"product_brand","embeddable":true,"href":"https:\/\/madelinefashion.pl\/en\/wp-json\/wp\/v2\/product_brand?post=1205"},{"taxonomy":"product_cat","embeddable":true,"href":"https:\/\/madelinefashion.pl\/en\/wp-json\/wp\/v2\/product_cat?post=1205"},{"taxonomy":"product_tag","embeddable":true,"href":"https:\/\/madelinefashion.pl\/en\/wp-json\/wp\/v2\/product_tag?post=1205"}],"curies":[{"name":"wp","href":"https:\/\/api.w.org\/{rel}","templated":true}]}}