{"id":1213,"date":"2019-10-16T12:34:26","date_gmt":"2019-10-16T10:34:26","guid":{"rendered":"http:\/\/serwer2078743.home.pl\/?post_type=product&#038;p=1213"},"modified":"2026-03-20T13:04:08","modified_gmt":"2026-03-20T12:04:08","slug":"plaszcz-ciemno-szary-melanz-plus-size-z-flauszu","status":"publish","type":"product","link":"https:\/\/madelinefashion.pl\/en\/product\/plaszcz-ciemno-szary-melanz-plus-size-z-flauszu\/","title":{"rendered":"Dark Gray Melange Plus Size Coat with Fleece"},"content":{"rendered":"<h2 style=\"text-align: center;\">Dark Gray Melange Plus Size Coat with Fleece<\/h2>\n<p style=\"text-align: center;\">The graphite fleece coat is a real hit. Perfect for spring, autumn and gentle winter. It is a combination of elegance, modernity and functionality - a dark gray coat fits into any outfit. The coat is universal - it is suitable for any occasion, it will be perfect at any time of the year, additionally made of fleece makes it fit perfectly.<\/p>\n<h2 style=\"text-align: center;\">The coat is perfect for any occasion<\/h2>\n<p style=\"text-align: center;\">Successful women in high positions know perfectly well what colors to wear in order to inspire confidence and look professional in any situation. Perfect for school, work, a date or meeting with friends! Size\u00a0<strong>universal Plus Size <\/strong>\u00a0recommended for ladies wearing size\u00a0<strong>44,46,48,50<\/strong> which is a huge advantage of this model. We also offer smaller ones, recommended for SML XL. Available in our e-shop in several color variants, so do not hesitate and choose the one that will be perfect for you. If you cannot decide which color or size is best for you, please contact us via Facebook or by phone.<\/p>\n<h3 style=\"text-align: center;\">Plus Size Coat Dimensions:<\/h3>\n<ul style=\"text-align: center;\">\n<li style=\"text-align: center;\">total length back: 90 cm<\/li>\n<li style=\"text-align: center;\">width from armpit to armpit: 59 cm<\/li>\n<li style=\"text-align: center;\">sleeve length from the shoulder: 62 cm<\/li>\n<li style=\"text-align: center;\">sleeve length from armpit: 47 cm<\/li>\n<li style=\"text-align: center;\">recommended maximum bust circumference: 130-145 cm<\/li>\n<li style=\"text-align: center;\">bicep width: 39 cm<\/li>\n<\/ul>\n<p style=\"text-align: center;\">Dimensions may slightly differ from the given +\/- 2cm. All dimensions given are measured flat.<\/p>\n<p style=\"text-align: center;\"><strong> Product illustrative photo !!!<\/strong><\/p>\n<table class=\"aligncenter\" style=\"height: 226px;\" width=\"616\">\n<tbody>\n<tr>\n<td width=\"302\">Model name<\/td>\n<td width=\"302\">Plus Size Fleece Coat Dark Gray Melange<\/td>\n<\/tr>\n<tr>\n<td width=\"302\">Color<\/td>\n<td width=\"302\">Graphite<\/td>\n<\/tr>\n<tr>\n<td width=\"302\">Collection<\/td>\n<td width=\"302\">Spring \/ Autumn \/ Winter<\/td>\n<\/tr>\n<tr>\n<td width=\"302\">Sizes<\/td>\n<td width=\"302\">Universal (Plus Size)<\/td>\n<\/tr>\n<tr>\n<td width=\"302\">Fashion<\/td>\n<td width=\"302\">Oversize<\/td>\n<\/tr>\n<tr>\n<td width=\"302\">Hood<\/td>\n<td width=\"302\">Without the hood<\/td>\n<\/tr>\n<tr>\n<td width=\"302\">Pickling<\/td>\n<td width=\"302\">Yes<\/td>\n<\/tr>\n<tr>\n<td width=\"302\">Material<\/td>\n<td width=\"302\">Petersham<\/td>\n<\/tr>\n<\/tbody>\n<\/table>\n<p style=\"text-align: center;\"><strong>Recommended<\/strong> for people wearing from <strong>44<\/strong>\u00a0down <strong>50\u00a0<\/strong><\/p>","protected":false},"excerpt":{"rendered":"<p>P\u0142aszcz Ciemno Szary Melan\u017c Plus Size z Flauszu Grafitowy p\u0142aszcz z flauszu to prawdziwy hit. Idealny na wiosn\u0119, jesie\u0144 delikatn\u0105 zim\u0119. Jest to po\u0142\u0105czenie elegancji, nowoczesno\u015bci i funkcjonalno\u015bci \u2013 Ciemno szary \u00a0p\u0142aszczyk wpisuje si\u0119 w ka\u017cd\u0105 stylizacj\u0119. P\u0142aszcz jest uniwersalny \u2013 jest stosowny na ka\u017cd\u0105 okazj\u0119, \u015bwietnie sprawdzi si\u0119 w ka\u017cdej porze roku, dodatkowo wykonanie<\/p>\n<div class=\"klb-readmore post-buttons\"><a class=\"button black outline size-sm\" href=\"https:\/\/madelinefashion.pl\/en\/product\/plaszcz-ciemno-szary-melanz-plus-size-z-flauszu\/\">Read More <i class=\"klbth-icon-right-arrow\"><\/i><\/a><\/div>","protected":false},"featured_media":1214,"template":"","meta":[],"product_brand":[],"product_cat":[102,279],"product_tag":[510],"class_list":{"0":"post-1213","1":"product","2":"type-product","3":"status-publish","4":"has-post-thumbnail","6":"product_cat-plaszcze-plus-size","7":"product_cat-plaszcze-wiosenne","8":"product_tag-plaszcze-flauszowe","10":"first","11":"outofstock","12":"sale","13":"purchasable","14":"product-type-simple"},"_links":{"self":[{"href":"https:\/\/madelinefashion.pl\/en\/wp-json\/wp\/v2\/product\/1213","targetHints":{"allow":["GET"]}}],"collection":[{"href":"https:\/\/madelinefashion.pl\/en\/wp-json\/wp\/v2\/product"}],"about":[{"href":"https:\/\/madelinefashion.pl\/en\/wp-json\/wp\/v2\/types\/product"}],"wp:featuredmedia":[{"embeddable":true,"href":"https:\/\/madelinefashion.pl\/en\/wp-json\/wp\/v2\/media\/1214"}],"wp:attachment":[{"href":"https:\/\/madelinefashion.pl\/en\/wp-json\/wp\/v2\/media?parent=1213"}],"wp:term":[{"taxonomy":"product_brand","embeddable":true,"href":"https:\/\/madelinefashion.pl\/en\/wp-json\/wp\/v2\/product_brand?post=1213"},{"taxonomy":"product_cat","embeddable":true,"href":"https:\/\/madelinefashion.pl\/en\/wp-json\/wp\/v2\/product_cat?post=1213"},{"taxonomy":"product_tag","embeddable":true,"href":"https:\/\/madelinefashion.pl\/en\/wp-json\/wp\/v2\/product_tag?post=1213"}],"curies":[{"name":"wp","href":"https:\/\/api.w.org\/{rel}","templated":true}]}}