{"id":12146,"date":"2021-05-11T17:26:04","date_gmt":"2021-05-11T15:26:04","guid":{"rendered":"https:\/\/madelinefashion.pl\/?post_type=product&#038;p=12146"},"modified":"2024-04-26T17:39:36","modified_gmt":"2024-04-26T15:39:36","slug":"kombinezon-z-krotkim-rekawem-zapinany-na-guziki-wenus-blekitny","status":"publish","type":"product","link":"https:\/\/madelinefashion.pl\/en\/product\/kombinezon-z-krotkim-rekawem-zapinany-na-guziki-wenus-blekitny\/","title":{"rendered":"Jumpsuit with Short Sleeves Fastened with Buttons Venus Blue"},"content":{"rendered":"<h3 style=\"text-align: center;\">Jumpsuit with Short Sleeves Fastened with Buttons Venus Blue<\/h3>\n<p style=\"text-align: center;\"><span style=\"vertical-align: inherit;\"><span style=\"vertical-align: inherit;\"><b>Phenomenal jumpsuit with short sleeves and waist binding<\/b> is a best-selling hit in our store. S.<\/span><span style=\"vertical-align: inherit;\">the rights that no one will pass by you indifferently.<strong> The suit has loose legs.<\/strong> Made of pleasant to the touch material. The high quality of the material will ensure comfort and wearing comfort. This cut is a guarantee of a perfect look. <strong>Dungarees<\/strong> it has a cleavage thanks to which <strong>emphasizes the bust<\/strong>. C.<\/span><\/span>a love creates remarkable <strong>styling<\/strong>, perfect for warm spring and summer days, both during holidays and in the hustle and bustle of the city. <strong>You will be delighted, the perfect cut as an alternative to the dress.<\/strong> Comfortable to wear in a sophisticated style must be in your wardrobe. <strong>Stylish and very feminine jumpsuit ..<\/strong>\u00a0 Recommended for ladies wearing Size <strong>XS SML XL.\u00a0 <\/strong>Available in our<strong> store in several variants <a href=\"https:\/\/madelinefashion.pl\/en\/product-tag\/kombinezony\/\">color<\/a>.\u00a0<\/strong><\/p>\n<p>&nbsp;<\/p>\n<h3 style=\"text-align: center;\"><span style=\"vertical-align: inherit;\">Coverall dimensions:<\/span><\/h3>\n<p align=\"center\">Total length - 129 cm<br \/>\nWidth from armpit to armpit: 47-55 cm<br \/>\nShoulder width: 36 cm<br \/>\nThe width at the waist -37 cm -42 cm<br \/>\nSleeve length from Armpit: 7 cm<br \/>\nSleeve length from the shoulder: 18 cm<\/p>\n<p style=\"text-align: center;\"><span style=\"vertical-align: inherit;\"><span style=\"vertical-align: inherit;\">Dimensions may vary from the given +\/- 2cm. <\/span><span style=\"vertical-align: inherit;\">All dimensions given are measured flat.<\/span><\/span><\/p>\n<h3 style=\"text-align: center;\"><span style=\"vertical-align: inherit;\"><span style=\"vertical-align: inherit;\">Product characteristics:<br \/>\n<\/span><\/span><\/h3>\n<p style=\"text-align: center;\"><span style=\"vertical-align: inherit;\"><span style=\"vertical-align: inherit;\"><br \/>\n- fastened with buttons<br \/>\n-elegant<br \/>\n-collar<br \/>\n-pleasant material<br \/>\n-fashionable cut<br \/>\n- elastic waist<br \/>\n-original<br \/>\n-feminine<br \/>\n- short sleeve\u00a0<\/span><\/span><\/p>\n<p style=\"text-align: center;\"><strong>\u00a0<\/strong><\/p>\n<table style=\"height: 214px;\" width=\"620\">\n<tbody>\n<tr>\n<td width=\"302\">Model name<\/td>\n<td width=\"302\">Jumpsuit with Short Sleeves Fastened with Venus Buttons<\/td>\n<\/tr>\n<tr>\n<td width=\"302\">Color<\/td>\n<td width=\"302\">Blue<\/td>\n<\/tr>\n<tr>\n<td width=\"302\">Collection<\/td>\n<td width=\"302\">Spring Summer \/<\/td>\n<\/tr>\n<tr>\n<td width=\"302\">Sizes<\/td>\n<td width=\"302\">Universal<\/td>\n<\/tr>\n<tr>\n<td width=\"302\">Cleavage<\/td>\n<td width=\"302\">Envelope<\/td>\n<\/tr>\n<tr>\n<td width=\"302\">Length<\/td>\n<td width=\"302\">Maxi<\/td>\n<\/tr>\n<tr>\n<td width=\"302\">Material<\/td>\n<td width=\"302\">95% Polyester 5% Elastane<\/td>\n<\/tr>\n<\/tbody>\n<\/table>\n<div class=\"tabs tabs-bb clear mb-80\">\n<div class=\"tab-content\">\n<div id=\"tab-description\" class=\"tab-pane fade in woocommerce-Tabs-panel--description active\">\n<p>&nbsp;<\/p>\n<p style=\"text-align: center;\">The model has\u00a0<strong>169<\/strong>\u00a0cm tall, wears a size every day\u00a0<strong>S.<\/strong><\/p>\n<p style=\"text-align: center;\">The width at the bust is 92 cm<\/p>\n<p style=\"text-align: center;\">Waist width 62 cm<\/p>\n<p style=\"text-align: center;\">The width at the hips is 94 cm<\/p>\n<\/div>\n<\/div>\n<\/div>","protected":false},"excerpt":{"rendered":"<p>Kombinezon z Kr\u00f3tkim R\u0119kawem Zapinany na Guziki Wenus B\u0142\u0119kitny Fenomenalny kombinezon z kr\u00f3tkim r\u0119kawkiem oraz wi\u0105zaniem w pasie to bestsellerowy hit w naszym sklepie. Spraw, \u017ce nikt nie przejdzie obok Ciebie oboj\u0119tnie. Kombinezon posiada lu\u017ane nogawki. Wykonany z przyjemnego w dotyku materia\u0142u.\u00a0Wysoka jako\u015b\u0107 materia\u0142u zapewni wygod\u0119 i komfort noszenia. Ten fason to gwarancja perfekcyjnego wygl\u0105du.<\/p>\n<div class=\"klb-readmore post-buttons\"><a class=\"button black outline size-sm\" href=\"https:\/\/madelinefashion.pl\/en\/product\/kombinezon-z-krotkim-rekawem-zapinany-na-guziki-wenus-blekitny\/\">Read More <i class=\"klbth-icon-right-arrow\"><\/i><\/a><\/div>","protected":false},"featured_media":50037,"template":"","meta":[],"product_brand":[],"product_cat":[80,395],"product_tag":[297],"class_list":{"0":"post-12146","1":"product","2":"type-product","3":"status-publish","4":"has-post-thumbnail","6":"product_cat-sukienki-i-kombinezony","7":"product_cat-nowosci","8":"product_tag-kombinezony","10":"first","11":"instock","12":"purchasable","13":"product-type-simple"},"_links":{"self":[{"href":"https:\/\/madelinefashion.pl\/en\/wp-json\/wp\/v2\/product\/12146","targetHints":{"allow":["GET"]}}],"collection":[{"href":"https:\/\/madelinefashion.pl\/en\/wp-json\/wp\/v2\/product"}],"about":[{"href":"https:\/\/madelinefashion.pl\/en\/wp-json\/wp\/v2\/types\/product"}],"wp:featuredmedia":[{"embeddable":true,"href":"https:\/\/madelinefashion.pl\/en\/wp-json\/wp\/v2\/media\/50037"}],"wp:attachment":[{"href":"https:\/\/madelinefashion.pl\/en\/wp-json\/wp\/v2\/media?parent=12146"}],"wp:term":[{"taxonomy":"product_brand","embeddable":true,"href":"https:\/\/madelinefashion.pl\/en\/wp-json\/wp\/v2\/product_brand?post=12146"},{"taxonomy":"product_cat","embeddable":true,"href":"https:\/\/madelinefashion.pl\/en\/wp-json\/wp\/v2\/product_cat?post=12146"},{"taxonomy":"product_tag","embeddable":true,"href":"https:\/\/madelinefashion.pl\/en\/wp-json\/wp\/v2\/product_tag?post=12146"}],"curies":[{"name":"wp","href":"https:\/\/api.w.org\/{rel}","templated":true}]}}