{"id":12188,"date":"2021-05-11T19:13:57","date_gmt":"2021-05-11T17:13:57","guid":{"rendered":"https:\/\/madelinefashion.pl\/?post_type=product&#038;p=12188"},"modified":"2024-08-29T17:19:29","modified_gmt":"2024-08-29T15:19:29","slug":"body-koronkowe-na-ramiaczkach-corsage-biale","status":"publish","type":"product","link":"https:\/\/madelinefashion.pl\/en\/product\/body-koronkowe-na-ramiaczkach-corsage-biale\/","title":{"rendered":"Lace Body on Corsage Straps White"},"content":{"rendered":"<h3 style=\"text-align: center;\">Lace Body on Corsage Straps White<\/h3>\n<p style=\"text-align: center;\"><strong>Lace Body on Straps<\/strong> Corsage <strong>in white<\/strong> - phenomenal, <strong>openwork bodysuit<\/strong> made of delicate lace is the perfect proposition for <strong>brave women<\/strong>. It will fit perfectly with a jacket or <a href=\"https:\/\/madelinefashion.pl\/en\/product-tag\/ramoneski\/\">Ramones jacket<\/a>. The body is fitted, thanks to which it will beautifully emphasize the figure. This fashion is <strong>the hottest trend<\/strong> this year !! Lace bodysuit with thin straps made of a delicate lace that adds <strong>charm and class<\/strong>. The V-neckline is incredibly feminine, it exposes the bust sensationally. Thanks to its cut, it perfectly emphasizes feminine shapes. <strong>This season&#039;s absolute hit<\/strong>. We highly recommend !!! One size fits all, recommended from XS to L.<\/p>\n<h3 style=\"text-align: center;\">Dimensions:<\/h3>\n<p style=\"text-align: center;\">Total length - 74 cm<br \/>\nThe width from armpit to armpit - 36-43 cm<br \/>\nWaist width -33-40 cm<\/p>\n<p style=\"text-align: center;\">Dimensions may slightly differ from the given +\/- 2cm. All dimensions given are measured flat. <strong>X2 dimension<\/strong><\/p>\n<h3 style=\"text-align: center;\">Characteristics:<\/h3>\n<p style=\"text-align: center;\">-body<br \/>\n- lace<br \/>\n-Original<br \/>\n-women<br \/>\n-fashionable cut<br \/>\n- matched<br \/>\n-sexy<\/p>\n<table class=\"table\" width=\"618\">\n<tbody>\n<tr>\n<td width=\"302\">Model name<\/td>\n<td width=\"302\">Lace Body on Corsage Straps<\/td>\n<\/tr>\n<tr>\n<td width=\"302\">Color<\/td>\n<td width=\"302\">White<\/td>\n<\/tr>\n<tr>\n<td width=\"302\">Sizes<\/td>\n<td width=\"302\">Universal<\/td>\n<\/tr>\n<tr>\n<td width=\"302\">Composition<\/td>\n<td width=\"302\">100% Polyester<\/td>\n<\/tr>\n<\/tbody>\n<\/table>\n<div class=\"tabs tabs-bb clear mb-80\">\n<div class=\"tab-content\">\n<div id=\"tab-description\" class=\"tab-pane fade in woocommerce-Tabs-panel--description active\">\n<p>&nbsp;<\/p>\n<p>&nbsp;<\/p>\n<p style=\"text-align: center;\">The model has\u00a0<strong>169<\/strong>\u00a0cm tall, wears a size every day\u00a0<strong>S.<\/strong><\/p>\n<p style=\"text-align: center;\">The width at the bust is 92 cm<\/p>\n<p style=\"text-align: center;\">Waist width 62 cm<\/p>\n<p style=\"text-align: center;\">The width at the hips is 94 cm<\/p>\n<\/div>\n<\/div>\n<\/div>","protected":false},"excerpt":{"rendered":"<p>Body Koronkowe na Rami\u0105czkach Corsage Bia\u0142e Body Koronkowe na Rami\u0105czkach Corsage w kolorze bia\u0142ym &#8211;\u00a0 zjawiskowe, a\u017curowe body wykonane z delikatnej koronki to idealna propozycja dla odwa\u017cnych kobiet. Doskonale b\u0119dzie pasowa\u0107 z marynark\u0105 lub ramonesk\u0105. Body jest dopasowane, dzi\u0119ki czemu pi\u0119knie podkre\u015bli figur\u0119. Ten fason to najgor\u0119tszy trend tego roku !!\u00a0 Body koronkowe na \u00a0cienkich<\/p>\n<div class=\"klb-readmore post-buttons\"><a class=\"button black outline size-sm\" href=\"https:\/\/madelinefashion.pl\/en\/product\/body-koronkowe-na-ramiaczkach-corsage-biale\/\">Read More <i class=\"klbth-icon-right-arrow\"><\/i><\/a><\/div>","protected":false},"featured_media":49611,"template":"","meta":[],"product_brand":[],"product_cat":[84,395],"product_tag":[],"class_list":{"0":"post-12188","1":"product","2":"type-product","3":"status-publish","4":"has-post-thumbnail","6":"product_cat-body","7":"product_cat-nowosci","9":"first","10":"instock","11":"purchasable","12":"product-type-simple"},"_links":{"self":[{"href":"https:\/\/madelinefashion.pl\/en\/wp-json\/wp\/v2\/product\/12188","targetHints":{"allow":["GET"]}}],"collection":[{"href":"https:\/\/madelinefashion.pl\/en\/wp-json\/wp\/v2\/product"}],"about":[{"href":"https:\/\/madelinefashion.pl\/en\/wp-json\/wp\/v2\/types\/product"}],"wp:featuredmedia":[{"embeddable":true,"href":"https:\/\/madelinefashion.pl\/en\/wp-json\/wp\/v2\/media\/49611"}],"wp:attachment":[{"href":"https:\/\/madelinefashion.pl\/en\/wp-json\/wp\/v2\/media?parent=12188"}],"wp:term":[{"taxonomy":"product_brand","embeddable":true,"href":"https:\/\/madelinefashion.pl\/en\/wp-json\/wp\/v2\/product_brand?post=12188"},{"taxonomy":"product_cat","embeddable":true,"href":"https:\/\/madelinefashion.pl\/en\/wp-json\/wp\/v2\/product_cat?post=12188"},{"taxonomy":"product_tag","embeddable":true,"href":"https:\/\/madelinefashion.pl\/en\/wp-json\/wp\/v2\/product_tag?post=12188"}],"curies":[{"name":"wp","href":"https:\/\/api.w.org\/{rel}","templated":true}]}}