{"id":1219,"date":"2019-11-05T11:39:16","date_gmt":"2019-11-05T10:39:16","guid":{"rendered":"http:\/\/serwer2078743.home.pl\/?post_type=product&#038;p=1219"},"modified":"2026-03-26T12:40:52","modified_gmt":"2026-03-26T11:40:52","slug":"kamizelka-dluga-futrzana-z-kapturem-karmelowa","status":"publish","type":"product","link":"https:\/\/madelinefashion.pl\/en\/product\/kamizelka-dluga-futrzana-z-kapturem-karmelowa\/","title":{"rendered":"Long Fur Vest With Caramel Hood"},"content":{"rendered":"<h3 style=\"text-align: center;\">Long Fur Vest With Caramel Hood<\/h3>\n<p style=\"text-align: center;\"><strong>Fur vest<\/strong>\u00a0this <strong>the most fashionable cut this season<\/strong>. Vest with a hood made of artificial fur. Unusually <strong>warm and pleasant to the touch<\/strong>. Vest z <strong>fur coats<\/strong> suitable for both <a href=\"https:\/\/madelinefashion.pl\/en\/spodnie\/\">pants<\/a>, <a href=\"https:\/\/madelinefashion.pl\/en\/spodnice\/\">skirts<\/a> if <a href=\"https:\/\/madelinefashion.pl\/en\/sukienki-i-kombinezony\/\">dresses<\/a>. The fur vest will also perfectly match with <a href=\"https:\/\/madelinefashion.pl\/en\/swetry\/swetry-damskie\/\"><strong>sweaters<\/strong><\/a>, <a href=\"https:\/\/madelinefashion.pl\/en\/swetry\/kardigany-damskie\/\">cardigans<\/a> and most of all, it is a perfect proposition to wear on all kinds <strong><a href=\"https:\/\/madelinefashion.pl\/en\/kurtki-i-plaszcze\/kurtki\/\">jackets<\/a><\/strong>. It will blend in perfectly with ours <strong>Ramones<\/strong> e.g. a model <strong><a href=\"https:\/\/madelinefashion.pl\/en\/ramoneska-biker-czarna\/\">Biker<\/a><\/strong>which also is <strong>best seller<\/strong>. Is it <strong>the most fashionable cut this season<\/strong> - you just need one of our vests in your wardrobe for you to create <strong>timeless stylizations<\/strong>. You will use it both for going out with friends to the city and for evening styling for a party. It is a bestseller <strong>a proposal for any occasion<\/strong>. Perfect for everyday use and for a party when you want to look great and feel great at the same time. The most fashionable hit of the season and an absolute <strong>must have in your wardrobe<\/strong>to help you create <strong>casual look<\/strong> and will complete many impressive styles for the fall and early spring ones. Decide to buy\u00a0<strong>fur maxi vest<\/strong>and you won&#039;t regret it. You will surely see how much such one thing in your wardrobe can do. Available in our <a href=\"https:\/\/madelinefashion.pl\/en\/kamizelki\/\">e-shop<\/a> in few <strong>color variants and different lengths<\/strong> so don&#039;t hesitate and choose the one that&#039;s for <strong>Perfect for you<\/strong>. If you can&#039;t decide which color, the size is <strong>for<\/strong> <strong>You the best<\/strong>contact us through <strong><a href=\"https:\/\/www.facebook.com\/madelinefashionbutik\/\" target=\"_blank\" rel=\"noopener\">Facebook<\/a><\/strong> or <a href=\"https:\/\/madelinefashion.pl\/en\/kontakt\/\">phone<\/a>. Superb quality at the best price! The fur vest will be perfect as a fashionable accessory that you can use in yours<strong> styling<\/strong> ! The vests have mini hooks thanks to which you can fasten the vest.<strong>\u00a0 One size fits all recommended SML XL<\/strong><\/p>\n<h2 style=\"text-align: center;\">Dimensions<\/h2>\n<p style=\"text-align: center;\">Total length - 100 cm<br \/>\nWidth from armpit to armpit 53 -55 cm<br \/>\nMax bust - 105-110 cm<br \/>\nWaist width - 53-55 cm<\/p>\n<p style=\"text-align: center;\">Dimensions may slightly differ from the given +\/- 2cm. All dimensions given are measured flat.<\/p>\n<table width=\"437\">\n<tbody>\n<tr>\n<td width=\"302\">Model name<\/td>\n<td width=\"302\">Long Fur Vest With Hood<\/td>\n<\/tr>\n<tr>\n<td width=\"302\">Color<\/td>\n<td width=\"302\">caramel<\/td>\n<\/tr>\n<tr>\n<td width=\"302\">Collection<\/td>\n<td width=\"302\">\u00a0SPRING \/ AUTUMN \/ WINTER<\/td>\n<\/tr>\n<tr>\n<td width=\"302\">Size<\/td>\n<td width=\"302\">Universal<\/td>\n<\/tr>\n<tr>\n<td width=\"302\">Fashion<\/td>\n<td width=\"302\">Oversize<\/td>\n<\/tr>\n<tr>\n<td width=\"302\">Hood<\/td>\n<td width=\"302\">Yes<\/td>\n<\/tr>\n<tr>\n<td width=\"302\">Warming<\/td>\n<td width=\"302\">Lining<\/td>\n<\/tr>\n<tr>\n<td width=\"302\">Material<\/td>\n<td width=\"302\">100% polyester \/ leather stitching<\/td>\n<\/tr>\n<\/tbody>\n<\/table>","protected":false},"excerpt":{"rendered":"<p>Kamizelka D\u0142uga Futrzana Z Kapturem Karmelowa Kamizelka Futrzana\u00a0to najmodniejszy fason w tym sezonie. Kamizelka z kapturem wykonana ze sztucznego futerka. Niezwykle ciep\u0142a i przyjemna w dotyku. Kamizelka z futra nadaje si\u0119 zar\u00f3wno do spodni, sp\u00f3dnic czy sukienek. Bezr\u0119kawnik z futerka idealnie b\u0119dzie komponowa\u0107 si\u0119 r\u00f3wnie\u017c ze swetrami, kardiganami a przede wszystkim jest to idealna propozycja<\/p>\n<div class=\"klb-readmore post-buttons\"><a class=\"button black outline size-sm\" href=\"https:\/\/madelinefashion.pl\/en\/product\/kamizelka-dluga-futrzana-z-kapturem-karmelowa\/\">Read More <i class=\"klbth-icon-right-arrow\"><\/i><\/a><\/div>","protected":false},"featured_media":25580,"template":"","meta":[],"product_brand":[],"product_cat":[79,380],"product_tag":[160],"class_list":{"0":"post-1219","1":"product","2":"type-product","3":"status-publish","4":"has-post-thumbnail","6":"product_cat-kamizelki","7":"product_cat-wyprzedaz","8":"product_tag-kamizelki-futrzane","9":"pa_rozmiar-m-38","10":"pa_rozmiar-l-40","12":"first","13":"instock","14":"sale","15":"purchasable","16":"product-type-simple"},"_links":{"self":[{"href":"https:\/\/madelinefashion.pl\/en\/wp-json\/wp\/v2\/product\/1219","targetHints":{"allow":["GET"]}}],"collection":[{"href":"https:\/\/madelinefashion.pl\/en\/wp-json\/wp\/v2\/product"}],"about":[{"href":"https:\/\/madelinefashion.pl\/en\/wp-json\/wp\/v2\/types\/product"}],"wp:featuredmedia":[{"embeddable":true,"href":"https:\/\/madelinefashion.pl\/en\/wp-json\/wp\/v2\/media\/25580"}],"wp:attachment":[{"href":"https:\/\/madelinefashion.pl\/en\/wp-json\/wp\/v2\/media?parent=1219"}],"wp:term":[{"taxonomy":"product_brand","embeddable":true,"href":"https:\/\/madelinefashion.pl\/en\/wp-json\/wp\/v2\/product_brand?post=1219"},{"taxonomy":"product_cat","embeddable":true,"href":"https:\/\/madelinefashion.pl\/en\/wp-json\/wp\/v2\/product_cat?post=1219"},{"taxonomy":"product_tag","embeddable":true,"href":"https:\/\/madelinefashion.pl\/en\/wp-json\/wp\/v2\/product_tag?post=1219"}],"curies":[{"name":"wp","href":"https:\/\/api.w.org\/{rel}","templated":true}]}}