{"id":12287,"date":"2021-05-14T19:10:48","date_gmt":"2021-05-14T17:10:48","guid":{"rendered":"https:\/\/madelinefashion.pl\/?post_type=product&#038;p=12287"},"modified":"2026-04-10T14:43:42","modified_gmt":"2026-04-10T12:43:42","slug":"sukienka-koronkowa-z-tiulem-cordoba-maxi-czarna","status":"publish","type":"product","link":"https:\/\/madelinefashion.pl\/en\/product\/sukienka-koronkowa-z-tiulem-cordoba-maxi-czarna\/","title":{"rendered":"Black Cordoba Maxi Lace Dress with Tulle"},"content":{"rendered":"<h3 style=\"text-align: center;\">Black Cordoba Maxi Lace Dress with Tulle<\/h3>\n<p style=\"text-align: center;\"><span style=\"font-size: 10pt;\">Are you looking for a comfortable and\u00a0<strong>stylish dresses<\/strong>where you stand out from the crowd? Lace dress with tulle hem made of high quality material. A Maxi lace dress is a perfect everyday proposition, <strong>baptism, communion, wedding and other family celebrations. <\/strong>The dress has a bottom finished with a tulle, the top of the dress is lace, the dress underneath has a lining. A beautiful, stylish, very feminine dress will work as the basis for many styles. Dress <strong>Maxi Cordoba<\/strong> perfectly exposes the legs. <strong>Available in many color variants<\/strong>. <strong>Recommended for ladies in size XS SML<\/strong> <strong>XL <\/strong>if you wear a larger size, please check the dimensions carefully.\u00a0<\/span><\/p>\n<h3 style=\"text-align: center;\">\u00a0 \u00a0 \u00a0Dimensions<\/h3>\n<ul>\n<li style=\"text-align: center;\">Total length front - 117 cm<\/li>\n<li style=\"text-align: center;\">Shoulder width - 37 cm<\/li>\n<li style=\"text-align: center;\">The width from armpit to armpit - 35-48 cm<\/li>\n<li style=\"text-align: center;\">Waist width - 31-46 cm<\/li>\n<li style=\"text-align: center;\"><\/li>\n<\/ul>\n<p style=\"text-align: center;\">Dimensions may slightly differ from the given +\/- 2cm. All dimensions given are measured flat.<\/p>\n<h3 style=\"text-align: center;\">Characteristics:<\/h3>\n<p align=\"center\">-dress<br \/>\n- universal<br \/>\n- Made of high quality material<br \/>\n-fashionable<br \/>\n-woman<br \/>\n-lace<br \/>\n-tulle<\/p>\n<table>\n<tbody>\n<tr>\n<td width=\"302\">Model name<\/td>\n<td width=\"302\">Cordoba Maxi Lace Dress with Tulle<\/td>\n<\/tr>\n<tr>\n<td width=\"302\">Color<\/td>\n<td width=\"302\">Black<\/td>\n<\/tr>\n<tr>\n<td width=\"302\">Sizes<\/td>\n<td width=\"302\">Universal<\/td>\n<\/tr>\n<tr>\n<td width=\"302\">Fashion<\/td>\n<td width=\"302\">Oversize<\/td>\n<\/tr>\n<tr>\n<td width=\"302\">Material<\/td>\n<td width=\"302\">100 % Polyester<\/td>\n<\/tr>\n<\/tbody>\n<\/table>\n<p style=\"text-align: center;\">\u00a0The model has\u00a0<strong>165<\/strong>\u00a0cm tall, wears a size every day\u00a0<strong>S.<\/strong><\/p>\n<p style=\"text-align: center;\">","protected":false},"excerpt":{"rendered":"<p>Sukienka Koronkowa z Tiulem Cordoba Maxi Czarna Szukasz wygodnej i\u00a0stylowej Sukienki, w kt\u00f3rej wyr\u00f3\u017cnisz si\u0119 z t\u0142umu? Sukienka koronkowa z tiulowym do\u0142em wykonana z wysokiej jako\u015bci materia\u0142u. Sukienka o d\u0142ugo\u015bci Maxi koronkowa to idealna propozycja na co dzie\u0144, chrzest, komuni\u0119, wesele i inne rodzinne uroczysto\u015bci. Sukienka zawiera d\u00f3\u0142 zako\u0144czony tiulem, g\u00f3ra sukienki jest koronkowa, sukienka<\/p>\n<div class=\"klb-readmore post-buttons\"><a class=\"button black outline size-sm\" href=\"https:\/\/madelinefashion.pl\/en\/product\/sukienka-koronkowa-z-tiulem-cordoba-maxi-czarna\/\">Read More <i class=\"klbth-icon-right-arrow\"><\/i><\/a><\/div>","protected":false},"featured_media":12258,"template":"","meta":[],"product_brand":[],"product_cat":[125,395],"product_tag":[213],"class_list":{"0":"post-12287","1":"product","2":"type-product","3":"status-publish","4":"has-post-thumbnail","6":"product_cat-sukienki","7":"product_cat-nowosci","8":"product_tag-sukienka-czarna","10":"first","11":"instock","12":"purchasable","13":"product-type-simple"},"_links":{"self":[{"href":"https:\/\/madelinefashion.pl\/en\/wp-json\/wp\/v2\/product\/12287","targetHints":{"allow":["GET"]}}],"collection":[{"href":"https:\/\/madelinefashion.pl\/en\/wp-json\/wp\/v2\/product"}],"about":[{"href":"https:\/\/madelinefashion.pl\/en\/wp-json\/wp\/v2\/types\/product"}],"wp:featuredmedia":[{"embeddable":true,"href":"https:\/\/madelinefashion.pl\/en\/wp-json\/wp\/v2\/media\/12258"}],"wp:attachment":[{"href":"https:\/\/madelinefashion.pl\/en\/wp-json\/wp\/v2\/media?parent=12287"}],"wp:term":[{"taxonomy":"product_brand","embeddable":true,"href":"https:\/\/madelinefashion.pl\/en\/wp-json\/wp\/v2\/product_brand?post=12287"},{"taxonomy":"product_cat","embeddable":true,"href":"https:\/\/madelinefashion.pl\/en\/wp-json\/wp\/v2\/product_cat?post=12287"},{"taxonomy":"product_tag","embeddable":true,"href":"https:\/\/madelinefashion.pl\/en\/wp-json\/wp\/v2\/product_tag?post=12287"}],"curies":[{"name":"wp","href":"https:\/\/api.w.org\/{rel}","templated":true}]}}