{"id":12792,"date":"2021-05-27T16:06:14","date_gmt":"2021-05-27T14:06:14","guid":{"rendered":"https:\/\/madelinefashion.pl\/?post_type=product&#038;p=12792"},"modified":"2026-03-13T20:50:44","modified_gmt":"2026-03-13T19:50:44","slug":"tunika-not-your-bitch-czarna","status":"publish","type":"product","link":"https:\/\/madelinefashion.pl\/en\/product\/tunika-not-your-bitch-czarna\/","title":{"rendered":"Tunic Not Your Bitch Black"},"content":{"rendered":"<h3 style=\"text-align: center;\">Tunic Not Your Bitch Black<\/h3>\n<p style=\"text-align: center;\"><strong>Loose-cut tunic with gold inscription Not Your Bitch on the front.\u00a0 <\/strong>A comfortable, loose cut will make you feel comfortable in it. You can easily combine it with sports footwear or elegant high heels or sandals. <strong>Longer blouse <\/strong>with a classic, straight cut<strong> which you can wear as a tunic. <\/strong>\u00a0The tunic is made of high-quality material, very pleasant to the touch. A tunic with a rather loose, oversized cut. It has short sleeves. It will work for <strong>spring and summer warm days and in autumn stylizations under a jacket.<\/strong>\u00a0You can create many fashionable, everyday stylizations with it! One size fits all, recommended from S to XXL.<\/p>\n<p style=\"text-align: center;\"><span style=\"font-size: 10pt;\">\u00a0<\/span><\/p>\n<h3 style=\"text-align: center;\">Dimensions<\/h3>\n<ul style=\"text-align: center;\">\n<li><span style=\"font-size: 10pt;\">\u00a0 \u00a0 \u00a0 \u00a0 Total length front: 79 cm\u00a0<\/span><\/li>\n<li>Total length back: 82 cm<\/li>\n<li><span style=\"font-size: 10pt;\">\u00a0\u00a0\u00a0\u00a0\u00a0\u00a0\u00a0 Width from armpit to armpit: 57 cm -61 cm<br \/>\nSleeve length from armpit: 16 cm<\/span><span style=\"font-size: 10pt;\">\u00a0 \u00a0\u00a0<\/span><\/li>\n<\/ul>\n<h3 style=\"text-align: center;\"><span style=\"font-size: 10pt;\">\u00a0Dimensions may slightly differ from the given +\/- 2cm. All dimensions given are measured flat. <strong>X2 dimension<\/strong><\/span><\/h3>\n<h3 style=\"text-align: center;\">Characteristics:<\/h3>\n<p style=\"text-align: center;\"><span style=\"font-size: 10pt;\"><br \/>\n- loose cut<br \/>\n-print on the front<br \/>\n-fashionable<br \/>\n-oversize<\/span><\/p>\n<p>&nbsp;<\/p>\n<table>\n<tbody>\n<tr>\n<td width=\"302\">Model name<\/td>\n<td width=\"302\">Tunic Not Your Bitch<\/td>\n<\/tr>\n<tr>\n<td width=\"302\">Color<\/td>\n<td width=\"302\">Black<\/td>\n<\/tr>\n<tr>\n<td width=\"302\">Sizes<\/td>\n<td width=\"302\">Universal<\/td>\n<\/tr>\n<tr>\n<td width=\"302\">Fashion<\/td>\n<td width=\"302\">Oversize<\/td>\n<\/tr>\n<tr>\n<td width=\"302\">Length<\/td>\n<td width=\"302\">Above the knee<\/td>\n<\/tr>\n<tr>\n<td width=\"302\">Material<\/td>\n<td width=\"302\">95 % Cotton 5% Elastane<\/td>\n<\/tr>\n<\/tbody>\n<\/table>\n<div class=\"tabs tabs-bb clear mb-80\">\n<div class=\"tab-content\">\n<div id=\"tab-description\" class=\"tab-pane fade in woocommerce-Tabs-panel--description active\">\n<p style=\"text-align: center;\">The model has\u00a0<strong>169<\/strong>\u00a0cm tall, wears a size every day\u00a0<strong>S.<\/strong><\/p>\n<p style=\"text-align: center;\">The width at the bust is 92 cm<\/p>\n<p style=\"text-align: center;\">Waist width 62 cm<\/p>\n<p style=\"text-align: center;\">The width at the hips is 94 cm<\/p>\n<\/div>\n<\/div>\n<\/div>","protected":false},"excerpt":{"rendered":"<p>Tunika Not Your Bitch Czarna Tunika o lu\u017anym kroju ze z\u0142otym napisem na przodzie Not Your Bitch.\u00a0 Wygodny, lu\u017any fason sprawi \u017ce b\u0119dziesz czu\u0142a si\u0119 w niej komfortowo. Z \u0142atwo\u015bci\u0105 zestawisz j\u0105 ze sportowym obuwiem czy eleganckimi szpilkami, sanda\u0142kami. D\u0142u\u017csza bluzka o klasycznym, prostym kroju kt\u00f3r\u0105 mo\u017cesz nosi\u0107 jako tunik\u0119. \u00a0Tunika wykonana jest z wysokiej<\/p>\n<div class=\"klb-readmore post-buttons\"><a class=\"button black outline size-sm\" href=\"https:\/\/madelinefashion.pl\/en\/product\/tunika-not-your-bitch-czarna\/\">Read More <i class=\"klbth-icon-right-arrow\"><\/i><\/a><\/div>","protected":false},"featured_media":38722,"template":"","meta":[],"product_brand":[],"product_cat":[395,77,125],"product_tag":[252,296],"class_list":{"0":"post-12792","1":"product","2":"type-product","3":"status-publish","4":"has-post-thumbnail","6":"product_cat-nowosci","7":"product_cat-bluzki","8":"product_cat-sukienki","9":"product_tag-bluzka-czarna","10":"product_tag-tuniki","12":"first","13":"instock","14":"sale","15":"purchasable","16":"product-type-simple"},"_links":{"self":[{"href":"https:\/\/madelinefashion.pl\/en\/wp-json\/wp\/v2\/product\/12792","targetHints":{"allow":["GET"]}}],"collection":[{"href":"https:\/\/madelinefashion.pl\/en\/wp-json\/wp\/v2\/product"}],"about":[{"href":"https:\/\/madelinefashion.pl\/en\/wp-json\/wp\/v2\/types\/product"}],"wp:featuredmedia":[{"embeddable":true,"href":"https:\/\/madelinefashion.pl\/en\/wp-json\/wp\/v2\/media\/38722"}],"wp:attachment":[{"href":"https:\/\/madelinefashion.pl\/en\/wp-json\/wp\/v2\/media?parent=12792"}],"wp:term":[{"taxonomy":"product_brand","embeddable":true,"href":"https:\/\/madelinefashion.pl\/en\/wp-json\/wp\/v2\/product_brand?post=12792"},{"taxonomy":"product_cat","embeddable":true,"href":"https:\/\/madelinefashion.pl\/en\/wp-json\/wp\/v2\/product_cat?post=12792"},{"taxonomy":"product_tag","embeddable":true,"href":"https:\/\/madelinefashion.pl\/en\/wp-json\/wp\/v2\/product_tag?post=12792"}],"curies":[{"name":"wp","href":"https:\/\/api.w.org\/{rel}","templated":true}]}}