{"id":12800,"date":"2021-05-27T16:28:19","date_gmt":"2021-05-27T14:28:19","guid":{"rendered":"https:\/\/madelinefashion.pl\/?post_type=product&#038;p=12800"},"modified":"2026-01-20T10:34:23","modified_gmt":"2026-01-20T09:34:23","slug":"sukienka-tunika-mc-go-pudrowy-roz","status":"publish","type":"product","link":"https:\/\/madelinefashion.pl\/en\/product\/sukienka-tunika-mc-go-pudrowy-roz\/","title":{"rendered":"MC GO Tunic Dress Powder Pink"},"content":{"rendered":"<h3 style=\"text-align: center;\">MC GO Tunic Dress Powder Pink<\/h3>\n<p style=\"text-align: center;\"><strong>Blouse with a loose cut with an inscription on the front.<\/strong> The tunic is fashionable<strong> cut on the sides <\/strong>and<strong> longer you, <\/strong>who broadcasts<strong> character.\u00a0<\/strong><br \/>\nA comfortable, loose cut will make you feel comfortable in it. You can easily combine it with sports footwear or elegant high heels or sandals. It has a GO inscription on the front, smooth on the back. <strong>Longer blouse <\/strong>with a classic, straight cut<strong> which you can wear as a tunic. <\/strong>\u00a0The dress is made of high-quality material, very pleasant to the touch. A tunic with a rather loose, oversized cut. It has short sleeves. It will work for <strong>spring and summer warm days<\/strong>. You can create many fashionable, everyday stylizations with it! One size fits all, recommended from S to XXL.<\/p>\n<p style=\"text-align: center;\"><span style=\"font-size: 10pt;\">\u00a0<\/span><\/p>\n<h3 style=\"text-align: center;\">Dimensions<\/h3>\n<ul style=\"text-align: center;\">\n<li><span style=\"font-size: 10pt;\">\u00a0\u00a0\u00a0\u00a0\u00a0\u00a0\u00a0 total length at the front: 88 cm\u00a0<\/span><\/li>\n<li>total length back: 98 cm<\/li>\n<li><span style=\"font-size: 10pt;\">\u00a0\u00a0\u00a0\u00a0\u00a0\u00a0\u00a0 width from armpit to armpit: 49 cm -60 cm<\/span><\/li>\n<li><span style=\"font-size: 10pt;\">\u00a0\u00a0\u00a0\u00a0\u00a0\u00a0\u00a0 <\/span><\/li>\n<li><span style=\"font-size: 10pt;\">\u00a0 \u00a0 \u00a0\u00a0<\/span><\/li>\n<\/ul>\n<h3 style=\"text-align: center;\"><span style=\"font-size: 10pt;\">\u00a0Dimensions may slightly differ from the given +\/- 2cm. All dimensions given are measured flat. <strong>X2 dimension<\/strong><\/span><\/h3>\n<h3 style=\"text-align: center;\">Characteristics:<\/h3>\n<p style=\"text-align: center;\"><span style=\"font-size: 10pt;\"><br \/>\n- loose cut<br \/>\n-print on the front<br \/>\n-section on the sides<br \/>\n-fashionable<br \/>\n-oversize<\/span><\/p>\n<p>&nbsp;<\/p>\n<table>\n<tbody>\n<tr>\n<td width=\"302\">Model name<\/td>\n<td width=\"302\">MC GO Tunic Dress<\/td>\n<\/tr>\n<tr>\n<td width=\"302\">Color<\/td>\n<td width=\"302\">Powder Pink<\/td>\n<\/tr>\n<tr>\n<td width=\"302\">Sizes<\/td>\n<td width=\"302\">Universal<\/td>\n<\/tr>\n<tr>\n<td width=\"302\">Fashion<\/td>\n<td width=\"302\">Oversize<\/td>\n<\/tr>\n<tr>\n<td width=\"302\">Length<\/td>\n<td width=\"302\">Above the knee<\/td>\n<\/tr>\n<tr>\n<td width=\"302\">Material<\/td>\n<td width=\"302\">95 % Cotton 5% Elastane<\/td>\n<\/tr>\n<\/tbody>\n<\/table>\n<div class=\"tabs tabs-bb clear mb-80\">\n<div class=\"tab-content\">\n<div id=\"tab-description\" class=\"tab-pane fade in woocommerce-Tabs-panel--description active\">\n<p style=\"text-align: center;\">The model has\u00a0<strong>169<\/strong>\u00a0cm tall, wears a size every day\u00a0<strong>S.<\/strong><\/p>\n<p style=\"text-align: center;\">The width at the bust is 92 cm<\/p>\n<p style=\"text-align: center;\">Waist width 62 cm<\/p>\n<p style=\"text-align: center;\">The width at the hips is 94 cm<\/p>\n<\/div>\n<\/div>\n<\/div>","protected":false},"excerpt":{"rendered":"<p>Sukienka Tunika MC GO Pudrowy R\u00f3\u017c Bluzka o lu\u017anym kroju z napisem na przodzie. Tunika posiada modne wyci\u0119cie po bokach oraz d\u0142u\u017cszy ty, kt\u00f3ry nadaje charakteru.\u00a0 Wygodny, lu\u017any fason sprawi \u017ce b\u0119dziesz czu\u0142a si\u0119 w niej komfortowo. Z \u0142atwo\u015bci\u0105 zestawisz j\u0105 ze sportowym obuwiem czy eleganckimi szpilkami, sanda\u0142kami. Na przodzie posiada\u00a0 napis GO, ty\u0142 g\u0142adki.<\/p>\n<div class=\"klb-readmore post-buttons\"><a class=\"button black outline size-sm\" href=\"https:\/\/madelinefashion.pl\/en\/product\/sukienka-tunika-mc-go-pudrowy-roz\/\">Read More <i class=\"klbth-icon-right-arrow\"><\/i><\/a><\/div>","protected":false},"featured_media":49273,"template":"","meta":[],"product_brand":[],"product_cat":[395,77,125],"product_tag":[],"class_list":{"0":"post-12800","1":"product","2":"type-product","3":"status-publish","4":"has-post-thumbnail","6":"product_cat-nowosci","7":"product_cat-bluzki","8":"product_cat-sukienki","10":"first","11":"instock","12":"sale","13":"purchasable","14":"product-type-simple"},"_links":{"self":[{"href":"https:\/\/madelinefashion.pl\/en\/wp-json\/wp\/v2\/product\/12800","targetHints":{"allow":["GET"]}}],"collection":[{"href":"https:\/\/madelinefashion.pl\/en\/wp-json\/wp\/v2\/product"}],"about":[{"href":"https:\/\/madelinefashion.pl\/en\/wp-json\/wp\/v2\/types\/product"}],"wp:featuredmedia":[{"embeddable":true,"href":"https:\/\/madelinefashion.pl\/en\/wp-json\/wp\/v2\/media\/49273"}],"wp:attachment":[{"href":"https:\/\/madelinefashion.pl\/en\/wp-json\/wp\/v2\/media?parent=12800"}],"wp:term":[{"taxonomy":"product_brand","embeddable":true,"href":"https:\/\/madelinefashion.pl\/en\/wp-json\/wp\/v2\/product_brand?post=12800"},{"taxonomy":"product_cat","embeddable":true,"href":"https:\/\/madelinefashion.pl\/en\/wp-json\/wp\/v2\/product_cat?post=12800"},{"taxonomy":"product_tag","embeddable":true,"href":"https:\/\/madelinefashion.pl\/en\/wp-json\/wp\/v2\/product_tag?post=12800"}],"curies":[{"name":"wp","href":"https:\/\/api.w.org\/{rel}","templated":true}]}}