{"id":12831,"date":"2021-05-27T20:11:45","date_gmt":"2021-05-27T18:11:45","guid":{"rendered":"https:\/\/madelinefashion.pl\/?post_type=product&#038;p=12831"},"modified":"2025-09-09T10:34:16","modified_gmt":"2025-09-09T08:34:16","slug":"sukienka-w-paski-na-ramiaczkach-tajlandia-mini-granatowa","status":"publish","type":"product","link":"https:\/\/madelinefashion.pl\/en\/product\/sukienka-w-paski-na-ramiaczkach-tajlandia-mini-granatowa\/","title":{"rendered":"Stripe Dress Thailand Mini Navy Blue"},"content":{"rendered":"<h3 style=\"text-align: center;\">Stripe Dress Thailand Mini Navy Blue<\/h3>\n<p style=\"text-align: center;\">Very comfortable and pleasant to the touch knitted fabric <strong>sailor dress<\/strong> it will be perfect for everyday use when you want to look perfect and feel great at the same time. A stylish dress with straps on the straps is perfect <strong>offer for spring and summer<\/strong>which is why many women choose this theme. Perfect for <strong>everyday styling,<\/strong> however, with the right additions, you will be able to go to a party there. Dress with a striped motif and perfectly emphasizes the figure, but at the same time provides maximum wearing comfort. <strong>The dress is beautifully arranged on the body<\/strong>while the material from which it is made ensures air permeability. Therefore, it can be worn even on a very hot day. One size recommended for ladies in size <strong>SML XL<\/strong>\u00a0.<\/p>\n<h3 style=\"text-align: center;\">Dress dimensions:<\/h3>\n<ul style=\"text-align: center;\">\n<li>\u00a0\u00a0\u00a0\u00a0\u00a0\u00a0\u00a0 overall length: 85 cm<\/li>\n<li>width from armpit to armpit: 40-47 cm<\/li>\n<li>waist width: 34-44 cm<\/li>\n<li>hip width: 40 - 52 cm<\/li>\n<\/ul>\n<p style=\"text-align: center;\">Dimensions may slightly differ from the given +\/- 2cm. All dimensions given are measured flat. <strong>X2 dimension<\/strong><\/p>\n<h3 style=\"text-align: center;\"><strong><br \/>\n<\/strong>Characteristics:<\/h3>\n<p style=\"text-align: center;\"><strong><br \/>\n<\/strong>-fashionable<br \/>\n-mini<br \/>\n- knitwear<br \/>\n- on shoulder straps<br \/>\n- striped<br \/>\n-woman<br \/>\n-elastic<br \/>\n- fitted<\/p>\n<table style=\"height: 250px;\" width=\"510\">\n<tbody>\n<tr>\n<td width=\"302\">Model name<\/td>\n<td width=\"302\">Thailand Mini Stripe Dress<\/td>\n<\/tr>\n<tr>\n<td width=\"302\">Color<\/td>\n<td width=\"302\">Navy<\/td>\n<\/tr>\n<tr>\n<td width=\"302\">Collection<\/td>\n<td width=\"302\">Spring Summer<\/td>\n<\/tr>\n<tr>\n<td width=\"302\">Sizes<\/td>\n<td width=\"302\">Universal<\/td>\n<\/tr>\n<tr>\n<td width=\"302\">Composition<\/td>\n<td width=\"302\">95 % Cotton 5% Elastane<\/td>\n<\/tr>\n<tr>\n<td width=\"302\">Length<\/td>\n<td width=\"302\">Midi<\/td>\n<\/tr>\n<tr>\n<td width=\"302\">Print<\/td>\n<td width=\"302\">Striped<\/td>\n<\/tr>\n<\/tbody>\n<\/table>\n<p>&nbsp;<\/p>\n<section class=\"page-product-box\">\n<div class=\"rte\">\n<p style=\"text-align: center;\">The model has\u00a0<strong>169<\/strong>\u00a0cm tall, wears a size every day\u00a0<strong>S.<\/strong><\/p>\n<p style=\"text-align: center;\">The width at the bust is 92 cm<\/p>\n<p style=\"text-align: center;\">Waist width 62 cm<\/p>\n<p style=\"text-align: center;\">The width at the hips is 94 cm<\/p>\n<p style=\"text-align: center;\">\n<\/div>\n<\/section>","protected":false},"excerpt":{"rendered":"<p>Sukienka w Paski na Rami\u0105czkach Tajlandia Mini Granatowa Bardzo wygodna i przyjemna w dotyku dzianinowa sukienka marynarska \u015bwietnie sprawdzi si\u0119 na co dzie\u0144, gdy chcesz wygl\u0105da\u0107 idealnie i jednocze\u015bnie \u015bwietnie si\u0119 czu\u0107. Stylowa sukienka w paski na rami\u0105czkach to idealna propozycja na wiosn\u0119 i lato, dlatego wiele kobiet decyduje si\u0119 na ten motyw. \u015awietnie sprawdzi<\/p>\n<div class=\"klb-readmore post-buttons\"><a class=\"button black outline size-sm\" href=\"https:\/\/madelinefashion.pl\/en\/product\/sukienka-w-paski-na-ramiaczkach-tajlandia-mini-granatowa\/\">Read More <i class=\"klbth-icon-right-arrow\"><\/i><\/a><\/div>","protected":false},"featured_media":49191,"template":"","meta":[],"product_brand":[],"product_cat":[125,395],"product_tag":[],"class_list":{"0":"post-12831","1":"product","2":"type-product","3":"status-publish","4":"has-post-thumbnail","6":"product_cat-sukienki","7":"product_cat-nowosci","9":"first","10":"instock","11":"purchasable","12":"product-type-simple"},"_links":{"self":[{"href":"https:\/\/madelinefashion.pl\/en\/wp-json\/wp\/v2\/product\/12831","targetHints":{"allow":["GET"]}}],"collection":[{"href":"https:\/\/madelinefashion.pl\/en\/wp-json\/wp\/v2\/product"}],"about":[{"href":"https:\/\/madelinefashion.pl\/en\/wp-json\/wp\/v2\/types\/product"}],"wp:featuredmedia":[{"embeddable":true,"href":"https:\/\/madelinefashion.pl\/en\/wp-json\/wp\/v2\/media\/49191"}],"wp:attachment":[{"href":"https:\/\/madelinefashion.pl\/en\/wp-json\/wp\/v2\/media?parent=12831"}],"wp:term":[{"taxonomy":"product_brand","embeddable":true,"href":"https:\/\/madelinefashion.pl\/en\/wp-json\/wp\/v2\/product_brand?post=12831"},{"taxonomy":"product_cat","embeddable":true,"href":"https:\/\/madelinefashion.pl\/en\/wp-json\/wp\/v2\/product_cat?post=12831"},{"taxonomy":"product_tag","embeddable":true,"href":"https:\/\/madelinefashion.pl\/en\/wp-json\/wp\/v2\/product_tag?post=12831"}],"curies":[{"name":"wp","href":"https:\/\/api.w.org\/{rel}","templated":true}]}}