{"id":12853,"date":"2021-05-27T20:42:22","date_gmt":"2021-05-27T18:42:22","guid":{"rendered":"https:\/\/madelinefashion.pl\/?post_type=product&#038;p=12853"},"modified":"2025-09-09T10:34:16","modified_gmt":"2025-09-09T08:34:16","slug":"sukienka-koronkowa-azurowa-guziki-sisi","status":"publish","type":"product","link":"https:\/\/madelinefashion.pl\/en\/product\/sukienka-koronkowa-azurowa-guziki-sisi\/","title":{"rendered":"Openwork lace dress with buttons Sisi"},"content":{"rendered":"<h3 style=\"text-align: center;\">Openwork lace dress with buttons Sisi<\/h3>\n<p style=\"text-align: center;\"><strong>Openwork Lace Dress fastened with Sisi Buttons in white <\/strong>it is a perfect proposition for both everyday and evening outings! The dress is made of the highest quality, pleasant to the touch material that looks very <strong>feminine<\/strong>. Airy\u00a0<a href=\"https:\/\/madelinefashion.pl\/en\/sukienki-i-kombinezony\/sukienki\/\">dress<\/a> it will be perfect during holidays, meetings with friends and even during celebrations. The lace dress has an elastic band at the waist, thanks to which it will perfectly emphasize the feminine shapes.<strong> Boho style dress<\/strong> fastened with 4 buttons on the straps with a delightful fascination adds charm to every woman. Openwork summer dress d<span lang=\"pl-pl\" xml:lang=\"pl-pl\">it will perfectly enliven any of your stylizations. A flared dress will help you create a girly look for various occasions. It will perfectly match both sports shoes and high heels. In combination with <a href=\"https:\/\/madelinefashion.pl\/en\/product-tag\/ramoneski\/\">Ramones jacket<\/a>\u00a0or\u00a0<a href=\"https:\/\/madelinefashion.pl\/en\/?s=marynarka&amp;post_type=product\">jacket<\/a>\u00a0you will create a stylish look for every day!\u00a0<\/span>Our dress is the perfect proposition for\u00a0<strong>warm spring and summer days<\/strong>.\u00a0<strong>Recommended<\/strong>\u00a0for ladies in size\u00a0<strong>XS SML<\/strong>\u00a0in case of wearing a larger size, please refer to the table below.<\/p>\n<h3 style=\"text-align: center;\">Dress dimensions:<\/h3>\n<ul style=\"text-align: center;\">\n<li>total length 86 cm<\/li>\n<li>width from armpit to armpit: 34-52 cm<\/li>\n<li>waist width: 28-46 cm<\/li>\n<\/ul>\n<p>&nbsp;<\/p>\n<p>&nbsp;<\/p>\n<p style=\"text-align: center;\">Dimensions may slightly differ from the given +\/- 2cm. All dimensions given are measured flat. <strong>X2 dimension<\/strong><\/p>\n<table style=\"height: 257px;\" width=\"689\">\n<tbody>\n<tr>\n<td width=\"302\">Model name<\/td>\n<td width=\"302\">Openwork lace dress with buttons Sisi<\/td>\n<\/tr>\n<tr>\n<td width=\"302\">Color<\/td>\n<td width=\"302\">White<\/td>\n<\/tr>\n<tr>\n<td width=\"302\">Collection<\/td>\n<td width=\"302\">Spring Summer<\/td>\n<\/tr>\n<tr>\n<td width=\"302\">Sizes<\/td>\n<td width=\"302\">Universal<\/td>\n<\/tr>\n<tr>\n<td width=\"302\">Composition<\/td>\n<td width=\"302\">95 % Cotton 5% Elastane<\/td>\n<\/tr>\n<tr>\n<td width=\"302\">Length<\/td>\n<td width=\"302\">Above the knee<\/td>\n<\/tr>\n<tr>\n<td width=\"302\">Cleavage<\/td>\n<td width=\"302\">Straight<\/td>\n<\/tr>\n<\/tbody>\n<\/table>\n<p>&nbsp;<\/p>\n<section class=\"page-product-box\">\n<div class=\"rte\">\n<p style=\"text-align: center;\">The model has\u00a0<strong>169<\/strong>\u00a0cm tall, wears a size every day\u00a0<strong>S.<\/strong><\/p>\n<p style=\"text-align: center;\">The width at the bust is 92 cm<\/p>\n<p style=\"text-align: center;\">Waist width 62 cm<\/p>\n<p style=\"text-align: center;\">The width at the hips is 94 cm<\/p>\n<p style=\"text-align: center;\">\n<\/div>\n<\/section>","protected":false},"excerpt":{"rendered":"<p>Sukienka Koronkowa A\u017curowa Guziki Sisi Sukienka Koronkowa A\u017curowa zapinana na Guziki Sisi w kolorze bia\u0142ym to idealna propozycja zar\u00f3wno na co dzie\u0144 jak i na wieczorne wyj\u015bcie! Sukienka wykonana jest z najwy\u017cszej jako\u015bci, przyjemnego w dotyku materia\u0142u, kt\u00f3ry wygl\u0105da bardzo kobieco. Zwiewna\u00a0sukienka sprawdzi si\u0119 podczas urlopu, spotka\u0144 ze znajomymi a nawet podczas uroczysto\u015bci. Sukienka koronkowa<\/p>\n<div class=\"klb-readmore post-buttons\"><a class=\"button black outline size-sm\" href=\"https:\/\/madelinefashion.pl\/en\/product\/sukienka-koronkowa-azurowa-guziki-sisi\/\">Read More <i class=\"klbth-icon-right-arrow\"><\/i><\/a><\/div>","protected":false},"featured_media":49396,"template":"","meta":[],"product_brand":[],"product_cat":[125,395],"product_tag":[219],"class_list":{"0":"post-12853","1":"product","2":"type-product","3":"status-publish","4":"has-post-thumbnail","6":"product_cat-sukienki","7":"product_cat-nowosci","8":"product_tag-sukienka-biala","10":"first","11":"instock","12":"purchasable","13":"product-type-simple"},"_links":{"self":[{"href":"https:\/\/madelinefashion.pl\/en\/wp-json\/wp\/v2\/product\/12853","targetHints":{"allow":["GET"]}}],"collection":[{"href":"https:\/\/madelinefashion.pl\/en\/wp-json\/wp\/v2\/product"}],"about":[{"href":"https:\/\/madelinefashion.pl\/en\/wp-json\/wp\/v2\/types\/product"}],"wp:featuredmedia":[{"embeddable":true,"href":"https:\/\/madelinefashion.pl\/en\/wp-json\/wp\/v2\/media\/49396"}],"wp:attachment":[{"href":"https:\/\/madelinefashion.pl\/en\/wp-json\/wp\/v2\/media?parent=12853"}],"wp:term":[{"taxonomy":"product_brand","embeddable":true,"href":"https:\/\/madelinefashion.pl\/en\/wp-json\/wp\/v2\/product_brand?post=12853"},{"taxonomy":"product_cat","embeddable":true,"href":"https:\/\/madelinefashion.pl\/en\/wp-json\/wp\/v2\/product_cat?post=12853"},{"taxonomy":"product_tag","embeddable":true,"href":"https:\/\/madelinefashion.pl\/en\/wp-json\/wp\/v2\/product_tag?post=12853"}],"curies":[{"name":"wp","href":"https:\/\/api.w.org\/{rel}","templated":true}]}}