{"id":12952,"date":"2021-06-01T14:09:31","date_gmt":"2021-06-01T12:09:31","guid":{"rendered":"https:\/\/madelinefashion.pl\/?post_type=product&#038;p=12952"},"modified":"2025-09-09T10:34:06","modified_gmt":"2025-09-09T08:34:06","slug":"sukienka-mini-kopertowa-pamela-blekitna","status":"publish","type":"product","link":"https:\/\/madelinefashion.pl\/en\/product\/sukienka-mini-kopertowa-pamela-blekitna\/","title":{"rendered":"Pamela Blue Mini Envelope Dress"},"content":{"rendered":"<h3 style=\"text-align: center;\">Pamela Blue Mini Envelope Dress<\/h3>\n<p style=\"text-align: center;\">Mini Envelope dress in a blue color made of a pleasant-to-touch material. A sensual and subtle cut will work in the wardrobe of every woman who likes it <strong>stand out from the crowd. Dress with short sleeves\u00a0<\/strong>ze \u015bci\u0105gaczem w pasie dzi\u0119ki czemu perfekcyjnie podkre\u015bla kobiece kszta\u0142ty \u2013 idealnie dopasowuje si\u0119 do sylwetki. Sukienka z kr\u00f3tkim r\u0119kawem zako\u0144czonym ozdobn\u0105 <strong>frill and neckline<\/strong> <strong>envelope<\/strong>who in<strong>emphasizes the bust<\/strong> \u2013 ca\u0142o\u015b\u0107 dodaje lekko\u015bci i dziewcz\u0119cego look-u. Idealna zar\u00f3wno na co dzie\u0144 jak i na imprezy. Idealnie dopasowuje si\u0119 do sylwetki. Idealne do szko\u0142y, do pracy, na randk\u0119 czy spotkanie z przyjaci\u00f3\u0142mi! <strong>Perfect for any time and occasion! Incredibly feminine, elegant dress in a universal size recommended from XS to L.<\/strong> Available in several colors. We recommend combining it with our black ones <a href=\"https:\/\/madelinefashion.pl\/en\/product-tag\/ramoneski\/\">Ramones.<\/a>It works well on holidays, dates, casual meetings with friends, as well as at weddings and family circumstances<\/p>\n<h3 style=\"text-align: center;\">Dimensions:<span style=\"font-size: 10pt;\">\u00a0 \u00a0<\/span><\/h3>\n<ul style=\"text-align: center;\">\n<li style=\"text-align: center;\"><span style=\"font-size: 10pt;\">total length at the front: 94 cm<br \/>\n<\/span><\/li>\n<li>shoulder width: 29 cm<\/li>\n<li style=\"text-align: center;\"><span style=\"font-size: 10pt;\">\u00a0\u00a0\u00a0\u00a0\u00a0\u00a0\u00a0 width from armpit to armpit: 34-44 cm<\/span><span style=\"font-size: 10pt;\"><br \/>\n<\/span><\/li>\n<li style=\"text-align: center;\"><span style=\"font-size: 10pt;\">\u00a0\u00a0\u00a0\u00a0\u00a0\u00a0\u00a0 waist width: 36-cm<\/span><\/li>\n<\/ul>\n<p>\u00a0<\/p>\n<p style=\"text-align: center;\"><span style=\"font-size: 10pt;\">Dimensions may be slightly different from the given +\/- 2cm. All given <strong>dimensions are measured flat. Dimension x2<\/strong><\/span><\/p>\n<p>\u00a0<\/p>\n<h3 style=\"text-align: center;\">Characteristics:<\/h3>\n<p style=\"text-align: center;\"><span style=\"font-size: 10pt;\">\u2013 drawstring waist;<br \/>\n\u2013 short sleeves;<br \/>\n\u2013 flared dress;<br \/>\n\u2013 midi length;<br \/>\n\u2013 deep neckline;<br \/>\n\u2013 falbanki przy r\u0119kawie<br \/>\n<\/span><\/p>\n<table width=\"621\">\n<tbody>\n<tr>\n<td width=\"302\">Model name<\/td>\n<td width=\"302\">Pamela Mini Envelope Dress<\/td>\n<\/tr>\n<tr>\n<td width=\"302\">Color<\/td>\n<td width=\"302\">Blue<\/td>\n<\/tr>\n<tr>\n<td width=\"302\">Fashion<\/td>\n<td width=\"302\">Oversize<\/td>\n<\/tr>\n<tr>\n<td width=\"302\">Material<\/td>\n<td width=\"302\">60 % Polyester 35% Viscose 5% Elastane<\/td>\n<\/tr>\n<tr>\n<td width=\"302\">Length<\/td>\n<td width=\"302\">Before the Knee<\/td>\n<\/tr>\n<\/tbody>\n<\/table>\n<p>\u00a0<\/p>\n<p style=\"text-align: center;\">\u00a0The model has <strong>165<\/strong> cm tall, wears a size every day\u00a0<strong>S.<\/strong><span style=\"font-size: 10pt;\">\u00a0<\/span><\/p>","protected":false},"excerpt":{"rendered":"<p>Sukienka Mini Kopertowa Pamela B\u0142\u0119kitna Sukienka Mini Kopertowa w kolorze b\u0142\u0119kitnym\u00a0 wykonana z przyjemnego w dotyku materia\u0142u. Zmys\u0142owy i subtelny kr\u00f3j sprawdzi si\u0119 w szafie ka\u017cdej kobiety, kt\u00f3ra lubi wyr\u00f3\u017cni\u0107 si\u0119 z t\u0142umu. Sukienka na kr\u00f3tki r\u0119kaw\u00a0ze \u015bci\u0105gaczem w pasie dzi\u0119ki czemu perfekcyjnie podkre\u015bla kobiece kszta\u0142ty \u2013 idealnie dopasowuje si\u0119 do sylwetki. Sukienka z kr\u00f3tkim<\/p>\n<div class=\"klb-readmore post-buttons\"><a class=\"button black outline size-sm\" href=\"https:\/\/madelinefashion.pl\/en\/product\/sukienka-mini-kopertowa-pamela-blekitna\/\">Read More <i class=\"klbth-icon-right-arrow\"><\/i><\/a><\/div>","protected":false},"featured_media":0,"template":"","meta":[],"product_brand":[],"product_cat":[125,395],"product_tag":[],"class_list":{"0":"post-12952","1":"product","2":"type-product","3":"status-publish","5":"product_cat-sukienki","6":"product_cat-nowosci","8":"first","9":"outofstock","10":"purchasable","11":"product-type-simple"},"_links":{"self":[{"href":"https:\/\/madelinefashion.pl\/en\/wp-json\/wp\/v2\/product\/12952","targetHints":{"allow":["GET"]}}],"collection":[{"href":"https:\/\/madelinefashion.pl\/en\/wp-json\/wp\/v2\/product"}],"about":[{"href":"https:\/\/madelinefashion.pl\/en\/wp-json\/wp\/v2\/types\/product"}],"wp:attachment":[{"href":"https:\/\/madelinefashion.pl\/en\/wp-json\/wp\/v2\/media?parent=12952"}],"wp:term":[{"taxonomy":"product_brand","embeddable":true,"href":"https:\/\/madelinefashion.pl\/en\/wp-json\/wp\/v2\/product_brand?post=12952"},{"taxonomy":"product_cat","embeddable":true,"href":"https:\/\/madelinefashion.pl\/en\/wp-json\/wp\/v2\/product_cat?post=12952"},{"taxonomy":"product_tag","embeddable":true,"href":"https:\/\/madelinefashion.pl\/en\/wp-json\/wp\/v2\/product_tag?post=12952"}],"curies":[{"name":"wp","href":"https:\/\/api.w.org\/{rel}","templated":true}]}}