{"id":1300,"date":"2019-11-22T18:13:26","date_gmt":"2019-11-22T18:13:26","guid":{"rendered":"http:\/\/serwer2078743.home.pl\/?post_type=product&#038;p=1300"},"modified":"2026-03-07T13:47:27","modified_gmt":"2026-03-07T12:47:27","slug":"sukienka-cekinowa-daren-srebrna","status":"publish","type":"product","link":"https:\/\/madelinefashion.pl\/en\/product\/sukienka-cekinowa-daren-srebrna\/","title":{"rendered":"Sequin dress Daren Srebrna"},"content":{"rendered":"<h3 style=\"text-align: center;\">Sequin dress Daren Srebrna<\/h3>\n<p style=\"text-align: center;\">Beautiful sequin dress, fitted to the body. Put it on for a special occasion and make sure that no one will pass by you indifferently. \u00a0<strong>The size is UNIVERSAL\u00a0<\/strong>\u00a0recommended for ladies wearing XS, S, M, L\u00a0<strong>,<\/strong>\u00a0but we recommend\u00a0<strong>accurate measurement\u00a0<\/strong>according to the dimension table below. Available in our e-shop in several color variants, so do not hesitate and choose the one that is perfect for you.<\/p>\n<h3 style=\"text-align: center;\">Dress dimensions<\/h3>\n<ul style=\"text-align: center;\">\n<li>total length 88 cm<\/li>\n<li>width from armpit to armpit: 45-55 cm<\/li>\n<li>sleeve length from shoulder: 65 cm<\/li>\n<li>sleeve length from the armpit 45 cm<\/li>\n<li>recommended maximum bust circumference: 110 cm<\/li>\n<li><\/li>\n<\/ul>\n<p style=\"text-align: center;\">Dimensions may slightly differ from the given +\/- 2cm. All dimensions given are measured flat.<\/p>\n<p style=\"text-align: center;\">X2 dimension<\/p>\n<p style=\"text-align: center;\"><strong>\u00a0<\/strong><\/p>\n<table width=\"622\">\n<tbody>\n<tr>\n<td width=\"302\">Model name<\/td>\n<td width=\"302\">Daren sequin dress<\/td>\n<\/tr>\n<tr>\n<td width=\"302\">Color<\/td>\n<td width=\"302\">Silver<\/td>\n<\/tr>\n<tr>\n<td width=\"302\">Collection<\/td>\n<td width=\"302\">Autumn winter<\/td>\n<\/tr>\n<tr>\n<td width=\"302\">Sizes<\/td>\n<td width=\"302\">Universal<\/td>\n<\/tr>\n<tr>\n<td width=\"302\">Fashion<\/td>\n<td width=\"302\">Fitted \/ Flexible<\/td>\n<\/tr>\n<tr>\n<td width=\"302\">Material<\/td>\n<td width=\"302\">100 % Polyester<\/td>\n<\/tr>\n<\/tbody>\n<\/table>\n<p style=\"text-align: center;\">The model has\u00a0<strong>169<\/strong>\u00a0cm tall, wears a size every day\u00a0<strong>S.<\/strong><\/p>\n<p style=\"text-align: center;\">The width at the bust is 92 cm<\/p>\n<p style=\"text-align: center;\">Waist width 62 cm<\/p>\n<p style=\"text-align: center;\">The width at the hips is 94 cm<\/p>","protected":false},"excerpt":{"rendered":"<p>Sukienka Cekinowa\u00a0Daren\u00a0Srebrna Pi\u0119kna cekinowa sukienka, dopasowana do cia\u0142a. Za\u0142\u00f3\u017c j\u0105 na wyj\u0105tkow\u0105 okazj\u0119 i spraw, \u017ce nikt nie przejdzie obok Ciebie oboj\u0119tnie. \u00a0Rozmiar jest UNIWERSALNY\u00a0\u00a0zalecany dla Pa\u0144 nosz\u0105cych XS,S,M,L\u00a0,\u00a0ale zalecamy\u00a0dok\u0142adne zmierzenie\u00a0zgodnie z tabel\u0105 wymiar\u00f3w poni\u017cej. Dost\u0119pna w naszym e-sklepie w kilku wariantach kolorystycznych, wi\u0119c nie wahaj si\u0119 i wybierz ten, kt\u00f3ry jest dla Ciebie idealny.<\/p>\n<div class=\"klb-readmore post-buttons\"><a class=\"button black outline size-sm\" href=\"https:\/\/madelinefashion.pl\/en\/product\/sukienka-cekinowa-daren-srebrna\/\">Read More <i class=\"klbth-icon-right-arrow\"><\/i><\/a><\/div>","protected":false},"featured_media":63638,"template":"","meta":[],"product_brand":[],"product_cat":[125,80,558],"product_tag":[],"class_list":{"0":"post-1300","1":"product","2":"type-product","3":"status-publish","4":"has-post-thumbnail","6":"product_cat-sukienki","7":"product_cat-sukienki-i-kombinezony","8":"product_cat-sukienki-cekinowe","10":"first","11":"instock","12":"sale","13":"purchasable","14":"product-type-simple"},"_links":{"self":[{"href":"https:\/\/madelinefashion.pl\/en\/wp-json\/wp\/v2\/product\/1300","targetHints":{"allow":["GET"]}}],"collection":[{"href":"https:\/\/madelinefashion.pl\/en\/wp-json\/wp\/v2\/product"}],"about":[{"href":"https:\/\/madelinefashion.pl\/en\/wp-json\/wp\/v2\/types\/product"}],"wp:featuredmedia":[{"embeddable":true,"href":"https:\/\/madelinefashion.pl\/en\/wp-json\/wp\/v2\/media\/63638"}],"wp:attachment":[{"href":"https:\/\/madelinefashion.pl\/en\/wp-json\/wp\/v2\/media?parent=1300"}],"wp:term":[{"taxonomy":"product_brand","embeddable":true,"href":"https:\/\/madelinefashion.pl\/en\/wp-json\/wp\/v2\/product_brand?post=1300"},{"taxonomy":"product_cat","embeddable":true,"href":"https:\/\/madelinefashion.pl\/en\/wp-json\/wp\/v2\/product_cat?post=1300"},{"taxonomy":"product_tag","embeddable":true,"href":"https:\/\/madelinefashion.pl\/en\/wp-json\/wp\/v2\/product_tag?post=1300"}],"curies":[{"name":"wp","href":"https:\/\/api.w.org\/{rel}","templated":true}]}}