{"id":13104,"date":"2021-06-08T20:29:27","date_gmt":"2021-06-08T18:29:27","guid":{"rendered":"https:\/\/madelinefashion.pl\/?post_type=product&#038;p=13104"},"modified":"2026-04-10T14:43:42","modified_gmt":"2026-04-10T12:43:42","slug":"sukienka-koronkowa-na-ramiaczkach-czarna-leowia","status":"publish","type":"product","link":"https:\/\/madelinefashion.pl\/en\/product\/sukienka-koronkowa-na-ramiaczkach-czarna-leowia\/","title":{"rendered":"Black Leowia Lace Dress On Straps"},"content":{"rendered":"<h3 style=\"text-align: center;\">Black Leowia Lace Dress On Straps<\/h3>\n<p style=\"text-align: center;\"><span style=\"font-size: 10pt;\">Are you looking for a comfortable and\u00a0<strong>stylish dresses<\/strong>where you stand out from the crowd? Lace dress on the straps made of high quality material. A midi lace dress is a perfect everyday proposition, <strong>baptism, communion, wedding and other family celebrations. Lined dress - <\/strong>\u00a0A beautiful, stylish, very feminine dress will work as the basis for many styles. A dress with an envelope neckline will gently emphasize the bust. <strong>Available in many color variants<\/strong>. <strong>Recommended for ladies in size XS SML<\/strong> <strong>\u00a0<\/strong>if you wear a larger size, please check the dimensions carefully.\u00a0<\/span><\/p>\n<h3 style=\"text-align: center;\">\u00a0 \u00a0 \u00a0Dimensions<\/h3>\n<ul>\n<li style=\"text-align: center;\">Total front length - 100 cm<\/li>\n<li style=\"text-align: center;\">Total length to the lining - 90 cm<\/li>\n<li style=\"text-align: center;\">The width from armpit to armpit - 28-47 cm <strong>x2<\/strong><\/li>\n<li style=\"text-align: center;\">Waist width -28-47 cm <strong>x2<\/strong><\/li>\n<li style=\"text-align: center;\"><\/li>\n<\/ul>\n<p style=\"text-align: center;\">Dimensions may slightly differ from the given +\/- 2cm. All dimensions given are measured flat. <strong>X2 dimension<\/strong><\/p>\n<h3 style=\"text-align: center;\">Characteristics:<\/h3>\n<p align=\"center\">- universal<br \/>\n- Made of high quality material<br \/>\n-fashionable<br \/>\n-woman<br \/>\n-lace<br \/>\n-on straps<br \/>\n- neckline style v<\/p>\n<table>\n<tbody>\n<tr>\n<td width=\"302\">Model name<\/td>\n<td width=\"302\">Lace Dress On Straps Leowia<\/td>\n<\/tr>\n<tr>\n<td width=\"302\">Color<\/td>\n<td width=\"302\">Black<\/td>\n<\/tr>\n<tr>\n<td width=\"302\">Sizes<\/td>\n<td width=\"302\">Universal<\/td>\n<\/tr>\n<tr>\n<td width=\"302\">Fashion<\/td>\n<td width=\"302\">Oversize<\/td>\n<\/tr>\n<tr>\n<td width=\"302\">Material<\/td>\n<td width=\"302\">50 % Polyester 45% Viscose 5% Elastane<\/td>\n<\/tr>\n<\/tbody>\n<\/table>\n<p style=\"text-align: center;\">The model has\u00a0<strong>169<\/strong>\u00a0cm tall, wears a size every day\u00a0<strong>S.<\/strong><\/p>\n<p style=\"text-align: center;\">The width at the bust is 92 cm<\/p>\n<p style=\"text-align: center;\">Waist width 62 cm<\/p>\n<p style=\"text-align: center;\">The width at the hips is 94 cm<\/p>\n<p style=\"text-align: center;\">","protected":false},"excerpt":{"rendered":"<p>Sukienka Koronkowa Na Rami\u0105czkach Czarna Leowia Szukasz wygodnej i\u00a0stylowej Sukienki, w kt\u00f3rej wyr\u00f3\u017cnisz si\u0119 z t\u0142umu? Sukienka koronkowa na rami\u0105czkach wykonana z wysokiej jako\u015bci materia\u0142u. Sukienka o d\u0142ugo\u015bci midi\u00a0 koronkowa to idealna propozycja na co dzie\u0144, chrzest, komuni\u0119, wesele i inne rodzinne uroczysto\u015bci. Sukienka z podszewk\u0105 &#8211; \u00a0Pi\u0119kna, szykowna bardzo kobieca sukienka sprawdzi si\u0119 jako<\/p>\n<div class=\"klb-readmore post-buttons\"><a class=\"button black outline size-sm\" href=\"https:\/\/madelinefashion.pl\/en\/product\/sukienka-koronkowa-na-ramiaczkach-czarna-leowia\/\">Read More <i class=\"klbth-icon-right-arrow\"><\/i><\/a><\/div>","protected":false},"featured_media":48546,"template":"","meta":[],"product_brand":[],"product_cat":[125,395],"product_tag":[213],"class_list":{"0":"post-13104","1":"product","2":"type-product","3":"status-publish","4":"has-post-thumbnail","6":"product_cat-sukienki","7":"product_cat-nowosci","8":"product_tag-sukienka-czarna","10":"first","11":"instock","12":"purchasable","13":"product-type-simple"},"_links":{"self":[{"href":"https:\/\/madelinefashion.pl\/en\/wp-json\/wp\/v2\/product\/13104","targetHints":{"allow":["GET"]}}],"collection":[{"href":"https:\/\/madelinefashion.pl\/en\/wp-json\/wp\/v2\/product"}],"about":[{"href":"https:\/\/madelinefashion.pl\/en\/wp-json\/wp\/v2\/types\/product"}],"wp:featuredmedia":[{"embeddable":true,"href":"https:\/\/madelinefashion.pl\/en\/wp-json\/wp\/v2\/media\/48546"}],"wp:attachment":[{"href":"https:\/\/madelinefashion.pl\/en\/wp-json\/wp\/v2\/media?parent=13104"}],"wp:term":[{"taxonomy":"product_brand","embeddable":true,"href":"https:\/\/madelinefashion.pl\/en\/wp-json\/wp\/v2\/product_brand?post=13104"},{"taxonomy":"product_cat","embeddable":true,"href":"https:\/\/madelinefashion.pl\/en\/wp-json\/wp\/v2\/product_cat?post=13104"},{"taxonomy":"product_tag","embeddable":true,"href":"https:\/\/madelinefashion.pl\/en\/wp-json\/wp\/v2\/product_tag?post=13104"}],"curies":[{"name":"wp","href":"https:\/\/api.w.org\/{rel}","templated":true}]}}