{"id":13171,"date":"2021-06-08T22:23:49","date_gmt":"2021-06-08T20:23:49","guid":{"rendered":"https:\/\/madelinefashion.pl\/?post_type=product&#038;p=13171"},"modified":"2026-03-26T12:40:34","modified_gmt":"2026-03-26T11:40:34","slug":"sukienka-asymetryczna-lezka-esperanca-musztardowa","status":"publish","type":"product","link":"https:\/\/madelinefashion.pl\/en\/product\/sukienka-asymetryczna-lezka-esperanca-musztardowa\/","title":{"rendered":"Asymmetric Dress Tear Esperanca Mustard"},"content":{"rendered":"<h3 style=\"text-align: center;\">Asymmetric Dress Tear Esperanca Mustard<\/h3>\n<p style=\"text-align: center;\"><span style=\"font-size: 10pt;\">Beautiful long dress<b> Asymmetrical<\/b> tied at the waist. It beautifully displays feminine shapes - the bottom of the dress is flared. Narrowed at the waist <strong>great emphasizes the waist<\/strong>.\u00a0 <\/span>Asymmetrical dress with a teardrop pattern on the neckline. Fastened with a zipper. Styling designed for women who appreciate <strong>sexy and unique look<\/strong>. A dress with a shorter asymmetrical side with a high slit - a skirt underneath was used in the dress, which also adds originality. <span style=\"font-size: 10pt;\"><strong>The dress is wonderfully spread and looks wonderful when dancing as well as walking.<\/strong> It is a model that cannot be ignored by it.<strong> Dress in maxi version to the ground. Manufactured and sewn in Poland - <\/strong>made of the highest quality materials. Perfect for any occasion. <strong>Must Have<\/strong> every elegant woman!\u00a0 <\/span><span style=\"font-size: 10pt;\">See our offer <strong><a href=\"https:\/\/madelinefashion.pl\/en\/sukienki-i-kombinezony\/sukienki-okolicznosciowe\/\">evening dresses<\/a>\u00a0and select a model, <\/strong>in which you will be <strong>look like a star and you will stand out from the crowd.\u00a0 <\/strong>The latest designs of this season! <\/span><span style=\"font-size: 10pt;\">Available in our e-shop in <strong>several color variants<\/strong>so don&#039;t hesitate and choose the one that&#039;s perfect for you. If you can&#039;t decide which color, <strong>size<\/strong> is the best for you, <strong>contact us<\/strong> through <a href=\"https:\/\/www.facebook.com\/madelinefashionbutik\" target=\"_blank\" rel=\"noopener\">Facebook<\/a> or <a href=\"https:\/\/madelinefashion.pl\/en\/kontakt\/\">phone<\/a>. If the size is not available on the website, please contact us.\u00a0<\/span><\/p>\n<p>&nbsp;<\/p>\n<h3 style=\"text-align: center;\">Dimensions:<\/h3>\n<p style=\"text-align: center;\"><strong>34 \/ xs<\/strong><br \/>\nTotal length - 145 cm<br \/>\nTotal side length - 80 cm<br \/>\nWidth from armpit to armpit - 43-46 cm<br \/>\nWidth in hips - 42-44 cm<br \/>\nWidth in the waist - 32-34 cm<\/p>\n<p style=\"text-align: center;\"><strong>36 \/ s<\/strong><br \/>\nTotal length - 150 cm<br \/>\nTotal side length - 83 cm<br \/>\nWidth from armpit to armpit - 45-48 cm<br \/>\nWidth in hips - 47-49 cm<br \/>\nWidth in the waist - 34-36 cm<\/p>\n<p style=\"text-align: center;\"><strong>38 \/ m<\/strong><br \/>\nTotal length - 150 cm<br \/>\nTotal side length - 84 cm<br \/>\nWidth from armpit to armpit - 47-50 cm<br \/>\nWidth in hips - 47-50 cm<br \/>\nWidth in the waist - 37-39 cm<\/p>\n<p style=\"text-align: center;\"><strong>40 \/ l<\/strong><br \/>\nTotal length - 150 cm<br \/>\nTotal side length - 86 cm<br \/>\nWidth from armpit to armpit - 49-52 cm<br \/>\nHips width - 50-52 cm<br \/>\nWidth in the waist - 39-41 cm<\/p>\n<p style=\"text-align: center;\"><strong>42 \/ xl<\/strong><br \/>\nTotal length - 150 cm<br \/>\nTotal side length - 89 cm<br \/>\nWidth from armpit to armpit - 51-54 cm<br \/>\nHips width - 52-55 cm<br \/>\nWidth in the waist - 41-43 cm<\/p>\n<p style=\"text-align: center;\">Dimensions may slightly differ from the given +\/- 2cm. <strong>Dimension given Flat x2\u00a0<\/strong><\/p>\n<p style=\"text-align: center;\"><strong>\u00a0<\/strong><\/p>\n<table width=\"591\">\n<tbody>\n<tr>\n<td width=\"302\">Model name<\/td>\n<td width=\"302\">Asymmetrical Dress Tear Esperanca<\/td>\n<\/tr>\n<tr>\n<td width=\"302\">Color<\/td>\n<td width=\"302\">Mustard<\/td>\n<\/tr>\n<tr>\n<td width=\"302\">Mark<\/td>\n<td width=\"302\">A&amp;A<\/td>\n<\/tr>\n<tr>\n<td width=\"302\">Sizes<\/td>\n<td width=\"302\">34 36 38 40 42<\/td>\n<\/tr>\n<tr>\n<td width=\"302\">Fashion<\/td>\n<td width=\"302\">Matched<\/td>\n<\/tr>\n<tr>\n<td width=\"302\">Material<\/td>\n<td width=\"302\">Viscose, Polyester, Cotton<\/td>\n<\/tr>\n<tr>\n<td width=\"302\">Length<\/td>\n<td width=\"302\">To the ground<\/td>\n<\/tr>\n<\/tbody>\n<\/table>\n<p>&nbsp;<\/p>\n<p>&nbsp;<\/p>\n<p style=\"text-align: center;\">In order to match\u00a0<strong>perfect dresses<\/strong>\u00a0we invite you to contact us by phone or contact us <a href=\"https:\/\/www.facebook.com\/madelinefashionbutik\" target=\"_blank\" rel=\"noopener\">facebook<\/a> .<br \/>\nOur team will help\u00a0<strong>Choose the right one<\/strong>\u00a0.\u00a0<strong>We can make each dress at the request of the buyer\u00a0<\/strong><strong>measure carefully.\u00a0<\/strong><\/p>\n<div class=\"additional-details\">\n<p style=\"text-align: center;\">\n<\/div>","protected":false},"excerpt":{"rendered":"<p>Sukienka Asymetryczna \u0141ezka Esperanca Musztardowa Pi\u0119kna d\u0142uga suknia Asymetryczna wi\u0105zana w pasie. Pi\u0119knie eksponuje kobiece kszta\u0142ty- d\u00f3\u0142 sukienki rozkloszowany. Zw\u0119\u017cana na wysoko\u015bci pasa wspaniale podkre\u015bla tali\u0119.\u00a0 Sukienka asymetryczna, posiada wz\u00f3r \u0142ezki na dekolcie Zapinana na suwak. Stylizacja przeznaczona dla kobiet ceni\u0105cych seksowny i niepowtarzalny look. Suknia z kr\u00f3tszym asymetrycznym bokiem z wysokim rozci\u0119ciem &#8211; zastosowano<\/p>\n<div class=\"klb-readmore post-buttons\"><a class=\"button black outline size-sm\" href=\"https:\/\/madelinefashion.pl\/en\/product\/sukienka-asymetryczna-lezka-esperanca-musztardowa\/\">Read More <i class=\"klbth-icon-right-arrow\"><\/i><\/a><\/div>","protected":false},"featured_media":13156,"template":"","meta":[],"product_brand":[],"product_cat":[124,395,380],"product_tag":[],"class_list":{"0":"post-13171","1":"product","2":"type-product","3":"status-publish","4":"has-post-thumbnail","6":"product_cat-sukienki-okolicznosciowe","7":"product_cat-nowosci","8":"product_cat-wyprzedaz","10":"first","11":"instock","12":"sale","13":"purchasable","14":"product-type-variable"},"_links":{"self":[{"href":"https:\/\/madelinefashion.pl\/en\/wp-json\/wp\/v2\/product\/13171","targetHints":{"allow":["GET"]}}],"collection":[{"href":"https:\/\/madelinefashion.pl\/en\/wp-json\/wp\/v2\/product"}],"about":[{"href":"https:\/\/madelinefashion.pl\/en\/wp-json\/wp\/v2\/types\/product"}],"wp:featuredmedia":[{"embeddable":true,"href":"https:\/\/madelinefashion.pl\/en\/wp-json\/wp\/v2\/media\/13156"}],"wp:attachment":[{"href":"https:\/\/madelinefashion.pl\/en\/wp-json\/wp\/v2\/media?parent=13171"}],"wp:term":[{"taxonomy":"product_brand","embeddable":true,"href":"https:\/\/madelinefashion.pl\/en\/wp-json\/wp\/v2\/product_brand?post=13171"},{"taxonomy":"product_cat","embeddable":true,"href":"https:\/\/madelinefashion.pl\/en\/wp-json\/wp\/v2\/product_cat?post=13171"},{"taxonomy":"product_tag","embeddable":true,"href":"https:\/\/madelinefashion.pl\/en\/wp-json\/wp\/v2\/product_tag?post=13171"}],"curies":[{"name":"wp","href":"https:\/\/api.w.org\/{rel}","templated":true}]}}