{"id":13654,"date":"2021-06-11T19:25:29","date_gmt":"2021-06-11T17:25:29","guid":{"rendered":"https:\/\/madelinefashion.pl\/?post_type=product&#038;p=13654"},"modified":"2025-10-14T12:11:50","modified_gmt":"2025-10-14T10:11:50","slug":"spodnica-tiulowa-z-koronka-majorka-karmelowa","status":"publish","type":"product","link":"https:\/\/madelinefashion.pl\/en\/product\/spodnica-tiulowa-z-koronka-majorka-karmelowa\/","title":{"rendered":"Tulle skirt with lace Majorca Caramel"},"content":{"rendered":"<h3 style=\"text-align: center;\">Tulle skirt with lace Majorca Caramel<\/h3>\n<p style=\"text-align: center;\"><strong>Tulle skirt with lace Majorca Caramel<\/strong> it is a perfect proposition for a disco, a city and a date. Light, airy, it will give you freedom in any situation. <strong>Universal<\/strong>and at the same time very stylish and feminine. <strong>Tulle skirt<\/strong> with lace perfectly<strong>\u00a0<\/strong>it will work all year round. It can be both an element of spring stylizations and a part of autumn wardrobe.<br \/>\nThe skirt is made of light, tulle material. Elastic at the waist makes it perfect to arrange. The tulle dress with delicate dots has a lining. We recommend combining this model with a plain top and a biker jacket. <strong>Elastic at the waist<\/strong> nicely emphasizes the waist and keeps the skirt well in place. One universal size recommended for ladies from S to XL<\/p>\n<h3 style=\"text-align: center;\">Dimensions:<\/h3>\n<ul style=\"text-align: center;\">\n<li><span style=\"font-size: 10pt;\">\u00a0\u00a0\u00a0\u00a0\u00a0\u00a0\u00a0 overall length: 81 cm\u00a0<\/span><\/li>\n<li><span style=\"font-size: 10pt;\">\u00a0\u00a0\u00a0\u00a0\u00a0\u00a0\u00a0 waist width 32-48 cm\u00a0<\/span><\/li>\n<li><span style=\"font-size: 10pt;\">\u00a0\u00a0\u00a0\u00a0\u00a0\u00a0\u00a0 lining length 61 cm<\/span><\/li>\n<\/ul>\n<p style=\"text-align: center;\"><span style=\"font-size: 10pt;\">Dimensions may slightly differ from the given +\/- 2cm. All dimensions given are measured flat. <strong>X2 dimension<\/strong><\/span><\/p>\n<p style=\"text-align: center;\"><span style=\"font-size: 10pt;\">\u00a0<\/span><\/p>\n<p style=\"text-align: center;\"><span style=\"font-size: 10pt;\">\u00a0<\/span><\/p>\n<table>\n<tbody>\n<tr>\n<td width=\"302\">Model name<\/td>\n<td width=\"302\">Tulle skirt with lace Majorca<\/td>\n<\/tr>\n<tr>\n<td width=\"302\">Color<\/td>\n<td width=\"302\">Caramel<\/td>\n<\/tr>\n<tr>\n<td width=\"302\">Sizes<\/td>\n<td width=\"302\">Universal<\/td>\n<\/tr>\n<tr>\n<td width=\"302\">Fashion<\/td>\n<td width=\"302\">Oversize<\/td>\n<\/tr>\n<tr>\n<td width=\"302\">Material<\/td>\n<td width=\"302\">65% Viscose 35% Polyester<\/td>\n<\/tr>\n<\/tbody>\n<\/table>\n<p style=\"text-align: center;\"><span style=\"font-size: 10pt;\">\u00a0<\/span><\/p>\n<p style=\"text-align: center;\">\u00a0The model has\u00a0<strong>169<\/strong>\u00a0cm tall, wears a size every day\u00a0<strong>S.<\/strong><\/p>\n<p style=\"text-align: center;\">The width at the bust is 92 cm<\/p>\n<p style=\"text-align: center;\">Waist width 62 cm<\/p>\n<p style=\"text-align: center;\">The width at the hips is 94 cm<\/p>\n<p style=\"text-align: center;\"><span style=\"font-size: 10pt;\">\u00a0<\/span><\/p>","protected":false},"excerpt":{"rendered":"<p>Sp\u00f3dnica Tiulowa z Koronk\u0105 Majorka Karmelowa Sp\u00f3dnica Tiulowa z Koronk\u0105 Majorka Karmelowa to idealna propozycja na dyskotek\u0119, na miasto i na randk\u0119. Lekka, zwiewna, zapewni ci swobod\u0119 w ka\u017cdej sytuacji. Uniwersalna, a jednocze\u015bnie bardzo stylowa i kobieca. Tiulowa sp\u00f3dnica z koronk\u0105 idealnie\u00a0sprawdzi si\u0119\u00a0 przez ca\u0142y rok. Mo\u017ce by\u0107 zar\u00f3wno elementem wiosennych stylizacji, jak i cz\u0119\u015bci\u0105<\/p>\n<div class=\"klb-readmore post-buttons\"><a class=\"button black outline size-sm\" href=\"https:\/\/madelinefashion.pl\/en\/product\/spodnica-tiulowa-z-koronka-majorka-karmelowa\/\">Read More <i class=\"klbth-icon-right-arrow\"><\/i><\/a><\/div>","protected":false},"featured_media":32953,"template":"","meta":[],"product_brand":[],"product_cat":[107,395],"product_tag":[],"class_list":{"0":"post-13654","1":"product","2":"type-product","3":"status-publish","4":"has-post-thumbnail","6":"product_cat-spodnice-i-spodniczki","7":"product_cat-nowosci","9":"first","10":"instock","11":"purchasable","12":"product-type-simple"},"_links":{"self":[{"href":"https:\/\/madelinefashion.pl\/en\/wp-json\/wp\/v2\/product\/13654","targetHints":{"allow":["GET"]}}],"collection":[{"href":"https:\/\/madelinefashion.pl\/en\/wp-json\/wp\/v2\/product"}],"about":[{"href":"https:\/\/madelinefashion.pl\/en\/wp-json\/wp\/v2\/types\/product"}],"wp:featuredmedia":[{"embeddable":true,"href":"https:\/\/madelinefashion.pl\/en\/wp-json\/wp\/v2\/media\/32953"}],"wp:attachment":[{"href":"https:\/\/madelinefashion.pl\/en\/wp-json\/wp\/v2\/media?parent=13654"}],"wp:term":[{"taxonomy":"product_brand","embeddable":true,"href":"https:\/\/madelinefashion.pl\/en\/wp-json\/wp\/v2\/product_brand?post=13654"},{"taxonomy":"product_cat","embeddable":true,"href":"https:\/\/madelinefashion.pl\/en\/wp-json\/wp\/v2\/product_cat?post=13654"},{"taxonomy":"product_tag","embeddable":true,"href":"https:\/\/madelinefashion.pl\/en\/wp-json\/wp\/v2\/product_tag?post=13654"}],"curies":[{"name":"wp","href":"https:\/\/api.w.org\/{rel}","templated":true}]}}