{"id":13882,"date":"2021-06-15T21:38:52","date_gmt":"2021-06-15T19:38:52","guid":{"rendered":"https:\/\/madelinefashion.pl\/?post_type=product&#038;p=13882"},"modified":"2025-10-01T07:35:00","modified_gmt":"2025-10-01T05:35:00","slug":"krotkie-spodenki-sznurowane-miami-brzoskwiniowe","status":"publish","type":"product","link":"https:\/\/madelinefashion.pl\/en\/product\/krotkie-spodenki-sznurowane-miami-brzoskwiniowe\/","title":{"rendered":"Miami Peach Lace-Up Shorts"},"content":{"rendered":"<h3 style=\"text-align: center;\">Miami Peach Lace-Up Shorts<\/h3>\n<p style=\"text-align: center;\"><span style=\"vertical-align: inherit;\"><span style=\"vertical-align: inherit;\"><b>Lace-up shorts are this season&#039;s bestseller <\/b>. <\/span><span style=\"vertical-align: inherit;\">Shorts made of <\/span><\/span><strong><span style=\"vertical-align: inherit;\"><span style=\"vertical-align: inherit;\">high-quality material with a high waist,<\/span><\/span><\/strong><span style=\"vertical-align: inherit;\"><span style=\"vertical-align: inherit;\"> \u00a0which perfectly shape the body. Extremely sexy proposition for spring and summer, which without a doubt <strong>he will add<\/strong>\u00a0unique <strong>character<\/strong>. <\/span><span style=\"vertical-align: inherit;\">Are very comfortable<\/span><\/span><span style=\"vertical-align: inherit;\"><span style=\"vertical-align: inherit;\"> and easy to combine, they can be easily combined with our blouses, shirts or light sweaters - which you will also find in our <a href=\"https:\/\/madelinefashion.pl\/en\/swetry\/\">e-shop.<\/a>\u00a0 <strong>Shorts with a higher waist<\/strong> with decorative pearls, they will steal the heart of every woman. Incredibly comfortable, perfect for everyday wear and evening styling. The shorts are extremely comfortable, perfect <strong>emphasize the figure<\/strong>. An absolute hit that cannot be missing in your wardrobe. Short legs will emphasize and <strong>optically lengthen the legs<\/strong>. Soft and flexible jeans hugs the buttocks. We offer<\/span><\/span><span style=\"vertical-align: inherit;\"><span style=\"vertical-align: inherit;\"> them in sizes <strong>XS<\/strong>, <strong>S, M, L, XL, <\/strong><\/span><\/span><span style=\"vertical-align: inherit;\"><span style=\"vertical-align: inherit;\">\u00a0we also recommend <\/span><\/span><span style=\"vertical-align: inherit;\"><span style=\"vertical-align: inherit;\"><b>exactly\u00a0<\/b><\/span><\/span><strong><span style=\"vertical-align: inherit;\"><span style=\"vertical-align: inherit;\">to measure<\/span><\/span><\/strong><span style=\"vertical-align: inherit;\"><span style=\"vertical-align: inherit;\"> according to the Dimension Chart below. <\/span><span style=\"vertical-align: inherit;\">Complete your wardrobe with this best-selling model. <\/span><\/span><span style=\"vertical-align: inherit;\"><span style=\"vertical-align: inherit;\">If you have any further questions about this product, please do not hesitate to contact us by phone or Facebook. Follow the new trends with\u00a0<strong>Madelinefashion.<\/strong><\/span><\/span><\/p>\n<p>&nbsp;<\/p>\n<h3 style=\"text-align: center;\"><span style=\"vertical-align: inherit;\"><span style=\"vertical-align: inherit;\">Pants dimensions:<\/span><\/span><\/h3>\n<p style=\"text-align: center;\"><strong>SIZE XS 34 <\/strong><\/p>\n<ul style=\"text-align: center;\">\n<li>Overall length: 25 cm<\/li>\n<li>Inside leg length: 5 cm<\/li>\n<li>Waist width: 32-37 cm<\/li>\n<li>Waist: 25 cm<\/li>\n<li>Hip width: 37-44 cm<\/li>\n<li><\/li>\n<\/ul>\n<p style=\"text-align: center;\"><strong>SIZE S 36\u00a0<\/strong><\/p>\n<ul style=\"text-align: center;\">\n<li>Overall length: 25 cm<\/li>\n<li>Inside leg length: 6 cm<\/li>\n<li>Waist width: 34-40 cm<\/li>\n<li>Waist: 26 cm<\/li>\n<li>Hip width: 40-46 cm<\/li>\n<li><\/li>\n<li><\/li>\n<\/ul>\n<p style=\"text-align: center;\"><strong>SIZE M 38\u00a0<\/strong><\/p>\n<ul style=\"text-align: center;\">\n<li>Overall length: 26 cm<\/li>\n<li>Inside leg length: 6 cm<\/li>\n<li>Waist width: 36-43 cm<\/li>\n<li>Waist: 27 cm<\/li>\n<li>Hip width: 42-50 cm<\/li>\n<li><\/li>\n<\/ul>\n<p style=\"text-align: center;\"><strong>SIZE L 40\u00a0<\/strong><\/p>\n<ul style=\"text-align: center;\">\n<li>Overall length: 26 cm<\/li>\n<li>Inside leg length: 6 cm<\/li>\n<li>Waist width: 37-45 cm<\/li>\n<li>Waist: 27 cm<\/li>\n<li>Hip width: 45-54 cm<\/li>\n<li><\/li>\n<li><\/li>\n<\/ul>\n<p style=\"text-align: center;\"><strong>SIZE XL 42\u00a0<\/strong><\/p>\n<ul style=\"text-align: center;\">\n<li>Overall length: 27 cm<\/li>\n<li>Inside leg length: 6 cm<\/li>\n<li>Waist width: 40-48 cm<\/li>\n<li>Waist: 27 cm<\/li>\n<li>Hip width: 46-55 cm<\/li>\n<li><\/li>\n<li><\/li>\n<\/ul>\n<p style=\"text-align: center;\"><span style=\"vertical-align: inherit;\"><span style=\"vertical-align: inherit;\">Dimensions may vary from the given +\/- 2cm. <\/span><span style=\"vertical-align: inherit;\">All dimensions given are measured flat.<\/span><\/span><\/p>\n<p style=\"text-align: center;\"><strong><span style=\"vertical-align: inherit;\"><span style=\"vertical-align: inherit;\">They fit perfectly to every figure<\/span><\/span><\/strong><\/p>\n<p style=\"text-align: center;\">\u00a0The model has\u00a0<strong>165<\/strong>\u00a0cm tall, wears a size every day\u00a0<strong>S.<\/strong><\/p>","protected":false},"excerpt":{"rendered":"<p>Kr\u00f3tkie Spodenki Sznurowane Miami Brzoskwiniowe Kr\u00f3tkie spodenki sznurowane to bestseler tego sezonu . Spodenki wykonane z wysokiej jako\u015bci materia\u0142u z wysokim stanem, \u00a0kt\u00f3re doskonale modeluj\u0105 sylwetk\u0119.\u00a0 Niezwykle seksowna propozycja na wiosn\u0119 i lato, kt\u00f3re bez w\u0105tpienia doda\u00a0niepowtarzalnego charakteru. S\u0105 bardzo wygodne oraz \u0142atwe w \u0142\u0105czeniu, bez problemu mo\u017cna je po\u0142\u0105czy\u0107 z naszymi bluzkami, koszulami czy<\/p>\n<div class=\"klb-readmore post-buttons\"><a class=\"button black outline size-sm\" href=\"https:\/\/madelinefashion.pl\/en\/product\/krotkie-spodenki-sznurowane-miami-brzoskwiniowe\/\">Read More <i class=\"klbth-icon-right-arrow\"><\/i><\/a><\/div>","protected":false},"featured_media":13879,"template":"","meta":[],"product_brand":[],"product_cat":[83,395],"product_tag":[425],"class_list":{"0":"post-13882","1":"product","2":"type-product","3":"status-publish","4":"has-post-thumbnail","6":"product_cat-spodnie","7":"product_cat-nowosci","8":"product_tag-spodenki","9":"pa_rozmiar-34-42-142","10":"pa_rozmiar-34-42-36-2","11":"pa_rozmiar-34-42-38-2","12":"pa_rozmiar-34-42-40-2","13":"pa_rozmiar-34-42-42-2","15":"first","16":"instock","17":"product-type-variable"},"_links":{"self":[{"href":"https:\/\/madelinefashion.pl\/en\/wp-json\/wp\/v2\/product\/13882","targetHints":{"allow":["GET"]}}],"collection":[{"href":"https:\/\/madelinefashion.pl\/en\/wp-json\/wp\/v2\/product"}],"about":[{"href":"https:\/\/madelinefashion.pl\/en\/wp-json\/wp\/v2\/types\/product"}],"wp:featuredmedia":[{"embeddable":true,"href":"https:\/\/madelinefashion.pl\/en\/wp-json\/wp\/v2\/media\/13879"}],"wp:attachment":[{"href":"https:\/\/madelinefashion.pl\/en\/wp-json\/wp\/v2\/media?parent=13882"}],"wp:term":[{"taxonomy":"product_brand","embeddable":true,"href":"https:\/\/madelinefashion.pl\/en\/wp-json\/wp\/v2\/product_brand?post=13882"},{"taxonomy":"product_cat","embeddable":true,"href":"https:\/\/madelinefashion.pl\/en\/wp-json\/wp\/v2\/product_cat?post=13882"},{"taxonomy":"product_tag","embeddable":true,"href":"https:\/\/madelinefashion.pl\/en\/wp-json\/wp\/v2\/product_tag?post=13882"}],"curies":[{"name":"wp","href":"https:\/\/api.w.org\/{rel}","templated":true}]}}