{"id":13906,"date":"2021-06-15T22:33:05","date_gmt":"2021-06-15T20:33:05","guid":{"rendered":"https:\/\/madelinefashion.pl\/?post_type=product&#038;p=13906"},"modified":"2026-04-20T12:28:22","modified_gmt":"2026-04-20T10:28:22","slug":"szorty-poszarpane-czarne-monday","status":"publish","type":"product","link":"https:\/\/madelinefashion.pl\/en\/product\/szorty-poszarpane-czarne-monday\/","title":{"rendered":"Black Monday Torn Shorts"},"content":{"rendered":"<h3 style=\"text-align: center;\">Black Monday Torn Shorts<\/h3>\n<p style=\"text-align: center;\"><span style=\"vertical-align: inherit;\"><span style=\"vertical-align: inherit;\"><b>Shorts frayed in black<\/b> is a timeless model that does not go out of fashion - a model that cannot be missing in your wardrobe. <\/span><span style=\"vertical-align: inherit;\">Shorts made of <\/span><\/span><strong><span style=\"vertical-align: inherit;\"><span style=\"vertical-align: inherit;\">high-quality material with a high waist,<\/span><\/span><\/strong><span style=\"vertical-align: inherit;\"><span style=\"vertical-align: inherit;\"> \u00a0which perfectly shape the body. Extremely sexy proposition for spring and summer, which without a doubt <strong>he will add<\/strong>\u00a0unique <strong>character<\/strong>. <\/span><span style=\"vertical-align: inherit;\">Are very comfortable<\/span><\/span><span style=\"vertical-align: inherit;\"><span style=\"vertical-align: inherit;\"> and easy to combine, they can be easily combined with our blouses, shirts or light sweaters - which you will also find in our <a href=\"https:\/\/madelinefashion.pl\/en\/swetry\/\">e-shop.<\/a>\u00a0 Short legs will emphasize and <strong>optically lengthen the legs<\/strong>. Soft and flexible denim hugs the buttocks. The shorts have abrasions on the front, which together with fraying on the legs give them a rock character.<strong> A model for self-confident women, no one will pass by you indifferently.<\/strong> we offer<\/span><\/span><span style=\"vertical-align: inherit;\"><span style=\"vertical-align: inherit;\"> them in sizes <strong>XS,<\/strong>\u00a0 <strong>S, M,\u00a0 <\/strong><\/span><\/span><span style=\"vertical-align: inherit;\"><span style=\"vertical-align: inherit;\">\u00a0we also recommend <\/span><\/span><span style=\"vertical-align: inherit;\"><span style=\"vertical-align: inherit;\"><b>exactly\u00a0<\/b><\/span><\/span><strong><span style=\"vertical-align: inherit;\"><span style=\"vertical-align: inherit;\">to measure<\/span><\/span><\/strong><span style=\"vertical-align: inherit;\"><span style=\"vertical-align: inherit;\"> according to the Dimension Chart below. <\/span><span style=\"vertical-align: inherit;\">Complete your wardrobe with this best-selling model. <\/span><\/span><span style=\"vertical-align: inherit;\"><span style=\"vertical-align: inherit;\">If you have any further questions about this product, please do not hesitate to contact us by phone or Facebook. Follow the new trends with\u00a0<strong>Madelinefashion.\u00a0<\/strong>In the information after the purchase, you can send your measurements, we will choose the perfect pants for you.<br \/>\n<\/span><\/span><\/p>\n<p style=\"text-align: center;\"><span style=\"vertical-align: inherit;\"><span style=\"vertical-align: inherit;\">\u00a0<\/span><\/span><\/p>\n<p>&nbsp;<\/p>\n<h3 style=\"text-align: center;\"><span style=\"vertical-align: inherit;\"><span style=\"vertical-align: inherit;\">Pants dimensions:<\/span><\/span><\/h3>\n<p style=\"text-align: center;\"><strong>SIZE XS 34 <\/strong><\/p>\n<ul style=\"text-align: center;\">\n<li>Overall length: 33 cm<\/li>\n<li>Inside leg length: 7 cm<\/li>\n<li>Waist width: 32-36 cm<\/li>\n<li>Waist: 30 cm<\/li>\n<li>Hip width: 44-48 cm<\/li>\n<li><\/li>\n<\/ul>\n<p style=\"text-align: center;\"><strong>SIZE S 36\u00a0<\/strong><\/p>\n<ul style=\"text-align: center;\">\n<li>Overall length: 33 cm<\/li>\n<li>Inside leg length: 7 cm<\/li>\n<li>Waist width: 34-36 cm<\/li>\n<li>Waist: 31 cm<\/li>\n<li>Hip width: 46-48 cm<\/li>\n<li><\/li>\n<\/ul>\n<p style=\"text-align: center;\"><strong>SIZE M 38\u00a0<\/strong><\/p>\n<ul style=\"text-align: center;\">\n<li>Overall length: 33 cm<\/li>\n<li>Inside leg length: 7 cm<\/li>\n<li>Waist width: 36-38 cm<\/li>\n<li>Waist: 32 cm<\/li>\n<li>Hip width: 48-50 cm<\/li>\n<li><\/li>\n<li><\/li>\n<\/ul>\n<ul style=\"text-align: center;\">\n<li><\/li>\n<li><\/li>\n<\/ul>\n<p style=\"text-align: center;\"><span style=\"vertical-align: inherit;\"><span style=\"vertical-align: inherit;\">Dimensions may vary from the given +\/- 2cm. <\/span><span style=\"vertical-align: inherit;\">All dimensions given are measured flat.<strong> X2 dimension<\/strong><\/span><\/span><\/p>\n<p style=\"text-align: center;\"><strong><span style=\"vertical-align: inherit;\"><span style=\"vertical-align: inherit;\">They fit perfectly to every figure<\/span><\/span><\/strong><\/p>\n<p style=\"text-align: center;\">\u00a0The model has\u00a0<strong>165<\/strong>\u00a0cm tall, wears a size every day\u00a0<strong>S.<\/strong><\/p>","protected":false},"excerpt":{"rendered":"<p>Szorty Poszarpane Czarne Monday Kr\u00f3tkie spodenki strz\u0119pione w kolorze czarnym to ponadczasowy model, kt\u00f3ry nie wychodzi z mody &#8211; model kt\u00f3rego nie mo\u017ce zabrakn\u0105\u0107 w Twojej garderobie. Spodenki wykonane z wysokiej jako\u015bci materia\u0142u z wysokim stanem, \u00a0kt\u00f3re doskonale modeluj\u0105 sylwetk\u0119.\u00a0 Niezwykle seksowna propozycja na wiosn\u0119 i lato, kt\u00f3re bez w\u0105tpienia doda\u00a0niepowtarzalnego charakteru. S\u0105 bardzo wygodne<\/p>\n<div class=\"klb-readmore post-buttons\"><a class=\"button black outline size-sm\" href=\"https:\/\/madelinefashion.pl\/en\/product\/szorty-poszarpane-czarne-monday\/\">Read More <i class=\"klbth-icon-right-arrow\"><\/i><\/a><\/div>","protected":false},"featured_media":13900,"template":"","meta":[],"product_brand":[],"product_cat":[83,380],"product_tag":[425],"class_list":{"0":"post-13906","1":"product","2":"type-product","3":"status-publish","4":"has-post-thumbnail","6":"product_cat-spodnie","7":"product_cat-wyprzedaz","8":"product_tag-spodenki","9":"pa_rozmiar-34-42-142","10":"pa_rozmiar-34-42-36-2","11":"pa_rozmiar-34-42-38-2","12":"pa_rozmiar-34-42-40-2","13":"pa_rozmiar-34-42-42-2","15":"first","16":"instock","17":"product-type-variable"},"_links":{"self":[{"href":"https:\/\/madelinefashion.pl\/en\/wp-json\/wp\/v2\/product\/13906","targetHints":{"allow":["GET"]}}],"collection":[{"href":"https:\/\/madelinefashion.pl\/en\/wp-json\/wp\/v2\/product"}],"about":[{"href":"https:\/\/madelinefashion.pl\/en\/wp-json\/wp\/v2\/types\/product"}],"wp:featuredmedia":[{"embeddable":true,"href":"https:\/\/madelinefashion.pl\/en\/wp-json\/wp\/v2\/media\/13900"}],"wp:attachment":[{"href":"https:\/\/madelinefashion.pl\/en\/wp-json\/wp\/v2\/media?parent=13906"}],"wp:term":[{"taxonomy":"product_brand","embeddable":true,"href":"https:\/\/madelinefashion.pl\/en\/wp-json\/wp\/v2\/product_brand?post=13906"},{"taxonomy":"product_cat","embeddable":true,"href":"https:\/\/madelinefashion.pl\/en\/wp-json\/wp\/v2\/product_cat?post=13906"},{"taxonomy":"product_tag","embeddable":true,"href":"https:\/\/madelinefashion.pl\/en\/wp-json\/wp\/v2\/product_tag?post=13906"}],"curies":[{"name":"wp","href":"https:\/\/api.w.org\/{rel}","templated":true}]}}