{"id":13945,"date":"2021-06-15T23:31:49","date_gmt":"2021-06-15T21:31:49","guid":{"rendered":"https:\/\/madelinefashion.pl\/?post_type=product&#038;p=13945"},"modified":"2025-10-14T12:11:49","modified_gmt":"2025-10-14T10:11:49","slug":"spodnica-maxi-plisowana-casmi-bezowa","status":"publish","type":"product","link":"https:\/\/madelinefashion.pl\/en\/product\/spodnica-maxi-plisowana-casmi-bezowa\/","title":{"rendered":"Pleated Maxi Skirt Casmi Beige"},"content":{"rendered":"<h3 style=\"text-align: center;\">Pleated Maxi Skirt Casmi Beige<\/h3>\n<p>&nbsp;<\/p>\n<p style=\"text-align: center;\"><strong>Pleated Maxi Skirt Casmi Beige.<\/strong> Perfect for spring and summer days. Beautiful cut and light material will make you feel very comfortable and feminine. Wide <strong>belt with an elastic band<\/strong> allows for a perfect fit and provides exceptional comfort of use. Skirt w <strong>universal size<\/strong> adapts to the figure and provides a perfect look. The model is perfect for various types of silhouettes thanks to the classic A-line and the small amount of material around the waist. In our store you will find <strong>a wide range of colors<\/strong> these gorgeous skirts. <strong>Maxi cotton pleated skirt<\/strong>. Fashionable pleated skirt with maxi length adorned at the waist with elastic rubber to <strong>must have<\/strong> season. A universal model that can be worn at any time of the year. Pleats add lightness to the styling, they are stylish and feminine. It can be combined with many things, e.g. for everyday use with sports shoes and a t-shirt, and for special occasions - with an elegant shirt or top and high heels. In our e-shop you will find <strong>a wide range of colors<\/strong>\u00a0the wonderful ones <a href=\"https:\/\/madelinefashion.pl\/en\/spodnice\/\">skirts<\/a>. Recommended for women in size XS SML XL XXL<\/p>\n<h3 style=\"text-align: center;\">Skirt dimensions:<\/h3>\n<p style=\"text-align: center;\">Overall length: 92 cm<br \/>\nWaist width (elastic band): 34 cm -58 cm<\/p>\n<p style=\"text-align: center;\">Dimensions may slightly differ from the given +\/- 2cm. All dimensions given are measured flat. <strong>X2 dimension<\/strong><\/p>\n<h3 style=\"text-align: center;\">\u00a0Product characteristics:<\/h3>\n<p style=\"text-align: center;\">- Type: maxi skirt<br \/>\n- Casual style<br \/>\n- Flared<br \/>\n- Solid colors<br \/>\n- Elastic at the waist<\/p>\n<p>&nbsp;<\/p>\n<p>&nbsp;<\/p>\n<div class=\"tabs tabs-bb clear mb-80\">\n<div class=\"tab-content\">\n<div id=\"tab-description\" class=\"tab-pane fade in woocommerce-Tabs-panel--description active\">\n<p style=\"text-align: center;\">\u00a0The model has\u00a0<strong>165<\/strong>\u00a0cm tall, wears a size every day\u00a0<strong>S.<\/strong><\/p>\n<\/div>\n<\/div>\n<\/div>\n<section class=\"up-sells upsells products mb-80\"><\/section>","protected":false},"excerpt":{"rendered":"<p>Sp\u00f3dnica Maxi Plisowana Casmi Be\u017cowa &nbsp; Sp\u00f3dnica Maxi Plisowana Casmi Be\u017cowa. Idealna na wiosenne i letnie dni. Pi\u0119kny kr\u00f3j i lekki materia\u0142 sprawi\u0105, \u017ce poczujesz si\u0119 bardzo wygodnie i kobieco. Szeroki pas z gumk\u0105 pozwala na idealne dopasowanie oraz zapewnia wyj\u0105tkowy komfort u\u017cytkowania.\u00a0 Sp\u00f3dnica w rozmiarze uniwersalnym dopasowuje si\u0119 do sylwetki i zapewnia doskona\u0142y wygl\u0105d.\u00a0<\/p>\n<div class=\"klb-readmore post-buttons\"><a class=\"button black outline size-sm\" href=\"https:\/\/madelinefashion.pl\/en\/product\/spodnica-maxi-plisowana-casmi-bezowa\/\">Read More <i class=\"klbth-icon-right-arrow\"><\/i><\/a><\/div>","protected":false},"featured_media":13927,"template":"","meta":[],"product_brand":[],"product_cat":[106,81],"product_tag":[],"class_list":{"0":"post-13945","1":"product","2":"type-product","3":"status-publish","4":"has-post-thumbnail","6":"product_cat-spodnice-rozkloszowane-maxi","7":"product_cat-spodnice","8":"pa_rozmiar-34-42-142","9":"pa_rozmiar-34-42-36-2","10":"pa_rozmiar-34-42-38-2","11":"pa_rozmiar-34-42-40-2","12":"pa_rozmiar-34-42-42-2","14":"first","15":"instock","16":"purchasable","17":"product-type-simple"},"_links":{"self":[{"href":"https:\/\/madelinefashion.pl\/en\/wp-json\/wp\/v2\/product\/13945","targetHints":{"allow":["GET"]}}],"collection":[{"href":"https:\/\/madelinefashion.pl\/en\/wp-json\/wp\/v2\/product"}],"about":[{"href":"https:\/\/madelinefashion.pl\/en\/wp-json\/wp\/v2\/types\/product"}],"wp:featuredmedia":[{"embeddable":true,"href":"https:\/\/madelinefashion.pl\/en\/wp-json\/wp\/v2\/media\/13927"}],"wp:attachment":[{"href":"https:\/\/madelinefashion.pl\/en\/wp-json\/wp\/v2\/media?parent=13945"}],"wp:term":[{"taxonomy":"product_brand","embeddable":true,"href":"https:\/\/madelinefashion.pl\/en\/wp-json\/wp\/v2\/product_brand?post=13945"},{"taxonomy":"product_cat","embeddable":true,"href":"https:\/\/madelinefashion.pl\/en\/wp-json\/wp\/v2\/product_cat?post=13945"},{"taxonomy":"product_tag","embeddable":true,"href":"https:\/\/madelinefashion.pl\/en\/wp-json\/wp\/v2\/product_tag?post=13945"}],"curies":[{"name":"wp","href":"https:\/\/api.w.org\/{rel}","templated":true}]}}