{"id":14021,"date":"2021-06-16T15:30:55","date_gmt":"2021-06-16T13:30:55","guid":{"rendered":"https:\/\/madelinefashion.pl\/?post_type=product&#038;p=14021"},"modified":"2026-01-20T10:34:19","modified_gmt":"2026-01-20T09:34:19","slug":"koszula-wiazana-gg-tailla-bezowa","status":"publish","type":"product","link":"https:\/\/madelinefashion.pl\/en\/product\/koszula-wiazana-gg-tailla-bezowa\/","title":{"rendered":"Shirt Tied GG Tailla Beige"},"content":{"rendered":"<h3 style=\"text-align: center;\">Shirt Tied GG Tailla Beige<\/h3>\n<p style=\"text-align: center;\"><strong>GG Tailla Tied Shirt in running color.<\/strong>\u00a0 An elegant sleeveless shirt with a looser oversize cut that will work in most styles. Our GG shirt can be the basis for many elegant and timeless stylizations. It will definitely work with pencil skirts, classic jeans or shorts. The shirt is an ideal proposition for work, every day, family gatherings and many other occasions. Recommended for ladies wearing size <strong>S, M, L, XL<\/strong><\/p>\n<h3 style=\"text-align: center;\">\u00a0 \u00a0 \u00a0Dimensions:<\/h3>\n<ul style=\"text-align: center;\">\n<li>width from armpit to armpit 51-55 cm<\/li>\n<li>overall length: 62 cm<\/li>\n<li>shoulder width: 39 cm<\/li>\n<\/ul>\n<p style=\"text-align: center;\">Dimensions may slightly differ from the given +\/- 2cm. All dimensions given are measured flat. X2 dimension<\/p>\n<p>&nbsp;<\/p>\n<table style=\"height: 288px;\" width=\"433\">\n<tbody>\n<tr>\n<td>Model Name<\/td>\n<td>GG Tailla Tied Shirt<\/td>\n<\/tr>\n<tr>\n<td>Color<\/td>\n<td>Beige<\/td>\n<\/tr>\n<tr>\n<td>Collection<\/td>\n<td>Spring Summer Autumn Winter<\/td>\n<\/tr>\n<tr>\n<td>Size<\/td>\n<td>Universal<\/td>\n<\/tr>\n<tr>\n<td>Fashion<\/td>\n<td>Ethereal<\/td>\n<\/tr>\n<tr>\n<td>Cleavage<\/td>\n<td>Style V<\/td>\n<\/tr>\n<tr>\n<td>composition of materials<\/td>\n<td>100% Polyester<\/td>\n<\/tr>\n<\/tbody>\n<\/table>\n<div class=\"tabs tabs-bb clear mb-80\">\n<div class=\"tab-content\">\n<div id=\"tab-description\" class=\"tab-pane fade in woocommerce-Tabs-panel--description active\">\n<div class=\"tabs tabs-bb clear mb-80\">\n<div class=\"tab-content\">\n<div id=\"tab-description\" class=\"tab-pane fade in woocommerce-Tabs-panel--description active\">\n<p>&nbsp;<\/p>\n<p style=\"text-align: center;\">The model has\u00a0<strong>169<\/strong>\u00a0cm tall, wears a size every day\u00a0<strong>S.<\/strong><\/p>\n<p style=\"text-align: center;\">The width at the bust is 92 cm<\/p>\n<p style=\"text-align: center;\">Waist width 62 cm<\/p>\n<p style=\"text-align: center;\">The width at the hips is 94 cm<\/p>\n<\/div>\n<\/div>\n<\/div>\n<section class=\"related products mb-80\"><\/section>\n<section class=\"page-product-box\">\n<div class=\"rte\">\n<p>&nbsp;<\/p>\n<\/div>\n<\/section>\n<\/div>\n<\/div>\n<\/div>\n<section class=\"up-sells upsells products mb-80\"><\/section>\n<p>&nbsp;<\/p>\n<p style=\"text-align: center;\"><strong>\u00a0<\/strong><\/p>","protected":false},"excerpt":{"rendered":"<p>Koszula Wi\u0105zana GG Tailla Be\u017cowa Koszula Wi\u0105zana GG Tailla w kolorze bie\u017cowym.\u00a0 Elegancka koszula bez r\u0119kawk\u00f3w \u00a0o lu\u017aniejszym\u00a0 oversizowy fasonie, kt\u00f3ry sprawdzi si\u0119 w wi\u0119kszo\u015bci stylizacjach.\u00a0 Nasza koszula GG mo\u017ce stanowi\u0107 baz\u0119 do wielu eleganckich i ponadczasowych stylizacji\u00a0 Z pewno\u015bci\u0105 sprawdzi si\u0119 przy o\u0142\u00f3wkowych sp\u00f3dnicach, klasycznych jeansach czy szortach. Koszula jest idealn\u0105 propozycj\u0105 do pracy,<\/p>\n<div class=\"klb-readmore post-buttons\"><a class=\"button black outline size-sm\" href=\"https:\/\/madelinefashion.pl\/en\/product\/koszula-wiazana-gg-tailla-bezowa\/\">Read More <i class=\"klbth-icon-right-arrow\"><\/i><\/a><\/div>","protected":false},"featured_media":49767,"template":"","meta":[],"product_brand":[],"product_cat":[92,395],"product_tag":[],"class_list":{"0":"post-14021","1":"product","2":"type-product","3":"status-publish","4":"has-post-thumbnail","6":"product_cat-koszule","7":"product_cat-nowosci","9":"first","10":"instock","11":"sale","12":"purchasable","13":"product-type-simple"},"_links":{"self":[{"href":"https:\/\/madelinefashion.pl\/en\/wp-json\/wp\/v2\/product\/14021","targetHints":{"allow":["GET"]}}],"collection":[{"href":"https:\/\/madelinefashion.pl\/en\/wp-json\/wp\/v2\/product"}],"about":[{"href":"https:\/\/madelinefashion.pl\/en\/wp-json\/wp\/v2\/types\/product"}],"wp:featuredmedia":[{"embeddable":true,"href":"https:\/\/madelinefashion.pl\/en\/wp-json\/wp\/v2\/media\/49767"}],"wp:attachment":[{"href":"https:\/\/madelinefashion.pl\/en\/wp-json\/wp\/v2\/media?parent=14021"}],"wp:term":[{"taxonomy":"product_brand","embeddable":true,"href":"https:\/\/madelinefashion.pl\/en\/wp-json\/wp\/v2\/product_brand?post=14021"},{"taxonomy":"product_cat","embeddable":true,"href":"https:\/\/madelinefashion.pl\/en\/wp-json\/wp\/v2\/product_cat?post=14021"},{"taxonomy":"product_tag","embeddable":true,"href":"https:\/\/madelinefashion.pl\/en\/wp-json\/wp\/v2\/product_tag?post=14021"}],"curies":[{"name":"wp","href":"https:\/\/api.w.org\/{rel}","templated":true}]}}