{"id":14029,"date":"2021-06-16T16:27:07","date_gmt":"2021-06-16T14:27:07","guid":{"rendered":"https:\/\/madelinefashion.pl\/?post_type=product&#038;p=14029"},"modified":"2026-03-26T12:40:33","modified_gmt":"2026-03-26T11:40:33","slug":"sukienka-krotka-z-falbankami-na-ramiaczka-zanet-malinowa","status":"publish","type":"product","link":"https:\/\/madelinefashion.pl\/en\/product\/sukienka-krotka-z-falbankami-na-ramiaczka-zanet-malinowa\/","title":{"rendered":"Short Dress With Frills On The Straps \u017banet Raspberry"},"content":{"rendered":"<h3 style=\"text-align: center;\">Short Dress With Frills On The Straps \u017banet Raspberry<\/h3>\n<p style=\"text-align: center;\"><span style=\"font-size: 10pt;\"><strong>Beautiful short Dress with Frills on \u017banet Straps in Raspberry color <\/strong>. <strong>The top of the dress is fitted<\/strong> perfectly emphasizes feminine shapes. The dress is decorated with frills at the bottom - delicately flared. Short dress with frills, tied with a string.<strong>\u00a0<\/strong>See our offer <strong><a href=\"https:\/\/madelinefashion.pl\/en\/sukienki-i-kombinezony\/sukienki-okolicznosciowe\/\">evening dresses<\/a>\u00a0and select a model, <\/strong>in which you will be <strong>look like a star and you will stand out from the crowd. In our dresses you will stand out from the crowd!\u00a0 <\/strong>One cannot be indifferent to her. <\/span><span style=\"font-size: 10pt;\">Made and sewn in Poland. Short dress available in our e-shop <\/span><span style=\"font-size: 10pt;\">\u00a0in sizes\u00a0 \u00a0<strong>36, 38, 40<\/strong>\u00a0 . A dress with frills is an excellent choice for a wedding, prom, New Year&#039;s Eve and other elegant special events. Available in our e-shop in several color variants, so do not hesitate and choose the one that is perfect for you. If you can&#039;t decide which color, <strong>size<\/strong> is the best for you, <strong>contact us<\/strong> through <a href=\"https:\/\/www.facebook.com\/madelinefashionbutik\" target=\"_blank\" rel=\"noopener\">Facebook<\/a> or <a href=\"https:\/\/madelinefashion.pl\/en\/kontakt\/\">phone<\/a>. If the size is not available on the website, please contact us.\u00a0 <strong>In the information after purchase, you can enter your dimensions<\/strong> Waist and Bust we will choose the right size for you !!\u00a0<\/span><\/p>\n<h3 style=\"text-align: center;\">DRESS DIMENSIONS:<\/h3>\n<p style=\"text-align: center;\"><strong>S \/ 36<\/strong><\/p>\n<ul>\n<li style=\"text-align: center;\">\u00a0 \u00a0 \u00a0 \u00a0overall length: 88 cm<\/li>\n<li style=\"text-align: center;\">\u00a0\u00a0\u00a0\u00a0\u00a0\u00a0\u00a0 width from armpit to armpit: 46 cm -50 cm<\/li>\n<li style=\"text-align: center;\">\u00a0\u00a0\u00a0\u00a0\u00a0\u00a0\u00a0 waist width 40-43 cm<\/li>\n<li style=\"text-align: center;\">\u00a0\u00a0\u00a0\u00a0\u00a0\u00a0\u00a0 hip width: 45-50 cm<\/li>\n<\/ul>\n<p style=\"text-align: center;\"><strong>M \/ 38<\/strong><\/p>\n<ul>\n<li style=\"text-align: center;\">\u00a0 \u00a0 \u00a0 \u00a0overall length: 88 cm<\/li>\n<li style=\"text-align: center;\">\u00a0\u00a0\u00a0\u00a0\u00a0\u00a0\u00a0 width from armpit to armpit: 49 cm -54 cm<\/li>\n<li style=\"text-align: center;\">\u00a0\u00a0\u00a0\u00a0\u00a0\u00a0\u00a0 waist width 42-46 cm<\/li>\n<li style=\"text-align: center;\">\u00a0 \u00a0 \u00a0 \u00a0 hip width: 48-52 cm<\/li>\n<\/ul>\n<p style=\"text-align: center;\"><strong>L \/ 40<\/strong><\/p>\n<ul>\n<li style=\"text-align: center;\">\u00a0 \u00a0 \u00a0 \u00a0overall length: 88 cm<\/li>\n<li style=\"text-align: center;\">\u00a0\u00a0\u00a0\u00a0\u00a0\u00a0\u00a0 width from armpit to armpit: 50 cm -54 cm<\/li>\n<li style=\"text-align: center;\">\u00a0\u00a0\u00a0\u00a0\u00a0\u00a0\u00a0 waist width 44-47 cm<\/li>\n<li style=\"text-align: center;\">\u00a0 \u00a0 \u00a0 \u00a0 hip width: 51-54 cm<\/li>\n<\/ul>\n<p>&nbsp;<\/p>\n<p style=\"text-align: center;\">The dress is also available in other colors - see our other products.<\/p>\n<p style=\"text-align: center;\">Dimensions may slightly differ from the given +\/- 2cm.<\/p>\n<p style=\"text-align: center;\"><strong>\u00a0<\/strong><\/p>\n<p>&nbsp;<\/p>\n<table>\n<tbody>\n<tr>\n<td width=\"302\">Model name<\/td>\n<td width=\"302\">Short Dress With Frills On The Straps \u017banet<\/td>\n<\/tr>\n<tr>\n<td width=\"302\">Color<\/td>\n<td width=\"302\"><span style=\"font-size: 10pt;\">Raspberry\u00a0<\/span><\/td>\n<\/tr>\n<tr>\n<td width=\"302\">Mark<\/td>\n<td width=\"302\">D&amp;D<\/td>\n<\/tr>\n<tr>\n<td width=\"302\">Sizes<\/td>\n<td width=\"302\">\u00a036 38 40<\/td>\n<\/tr>\n<tr>\n<td width=\"302\">Fashion<\/td>\n<td width=\"302\">Matched<\/td>\n<\/tr>\n<tr>\n<td width=\"302\">Material<\/td>\n<td width=\"302\">73% Cotton 24% Polyester 3% Elastane<\/td>\n<\/tr>\n<tr>\n<td width=\"302\">Length<\/td>\n<td width=\"302\">Above the knee<\/td>\n<\/tr>\n<\/tbody>\n<\/table>\n<p>&nbsp;<\/p>\n<p style=\"text-align: center;\">In order to match\u00a0<strong>perfect dresses<\/strong>\u00a0we invite you to contact us by phone or contact us <a href=\"https:\/\/www.facebook.com\/madelinefashionbutik\" target=\"_blank\" rel=\"noopener\">facebook<\/a> .<br \/>\nOur team will help\u00a0<strong>Choose the right one<\/strong>\u00a0.\u00a0<strong>We can make each dress at the request of the buyer\u00a0<\/strong><strong>measure carefully.\u00a0<\/strong><\/p>\n<div class=\"additional-details\">\n<p style=\"text-align: center;\">\n<\/div>","protected":false},"excerpt":{"rendered":"<p>Sukienka Kr\u00f3tka Z Falbankami Na Rami\u0105czka \u017banet Malinowa Pi\u0119kna kr\u00f3tka Sukienka z Falbankami na Rami\u0105czka \u017banet\u00a0 w kolorze Malinowym . G\u00f3ra sukienki dopasowana idealnie podkre\u015bla kobiece kszta\u0142ty. Sukienka ozdobiona jest na dole\u00a0 falbankami &#8211; delikatnie rozkloszowana. Sukienka kr\u00f3tka z falbankami zawi\u0105zywana sznureczkiem.\u00a0Zapoznaj si\u0119 z nasz\u0105 ofert\u0105 sukni wieczorowych\u00a0i wybierz model, w kt\u00f3rej b\u0119dziesz wygl\u0105da\u0107 jak<\/p>\n<div class=\"klb-readmore post-buttons\"><a class=\"button black outline size-sm\" href=\"https:\/\/madelinefashion.pl\/en\/product\/sukienka-krotka-z-falbankami-na-ramiaczka-zanet-malinowa\/\">Read More <i class=\"klbth-icon-right-arrow\"><\/i><\/a><\/div>","protected":false},"featured_media":14007,"template":"","meta":[],"product_brand":[],"product_cat":[124,380],"product_tag":[],"class_list":{"0":"post-14029","1":"product","2":"type-product","3":"status-publish","4":"has-post-thumbnail","6":"product_cat-sukienki-okolicznosciowe","7":"product_cat-wyprzedaz","9":"first","10":"instock","11":"sale","12":"purchasable","13":"product-type-variable"},"_links":{"self":[{"href":"https:\/\/madelinefashion.pl\/en\/wp-json\/wp\/v2\/product\/14029","targetHints":{"allow":["GET"]}}],"collection":[{"href":"https:\/\/madelinefashion.pl\/en\/wp-json\/wp\/v2\/product"}],"about":[{"href":"https:\/\/madelinefashion.pl\/en\/wp-json\/wp\/v2\/types\/product"}],"wp:featuredmedia":[{"embeddable":true,"href":"https:\/\/madelinefashion.pl\/en\/wp-json\/wp\/v2\/media\/14007"}],"wp:attachment":[{"href":"https:\/\/madelinefashion.pl\/en\/wp-json\/wp\/v2\/media?parent=14029"}],"wp:term":[{"taxonomy":"product_brand","embeddable":true,"href":"https:\/\/madelinefashion.pl\/en\/wp-json\/wp\/v2\/product_brand?post=14029"},{"taxonomy":"product_cat","embeddable":true,"href":"https:\/\/madelinefashion.pl\/en\/wp-json\/wp\/v2\/product_cat?post=14029"},{"taxonomy":"product_tag","embeddable":true,"href":"https:\/\/madelinefashion.pl\/en\/wp-json\/wp\/v2\/product_tag?post=14029"}],"curies":[{"name":"wp","href":"https:\/\/api.w.org\/{rel}","templated":true}]}}