{"id":1431,"date":"2020-04-17T06:02:26","date_gmt":"2020-04-17T04:02:26","guid":{"rendered":"http:\/\/serwer2078743.home.pl\/?post_type=product&#038;p=1431"},"modified":"2026-01-15T12:43:40","modified_gmt":"2026-01-15T11:43:40","slug":"plaszcz-pudrowy-roz-plus-size-z-flauszu","status":"publish","type":"product","link":"https:\/\/madelinefashion.pl\/en\/product\/plaszcz-pudrowy-roz-plus-size-z-flauszu\/","title":{"rendered":"Plus Size Powder Pink Coat with Fleece"},"content":{"rendered":"<h3 style=\"text-align: center;\">Plus Size Powder Pink Coat with Fleece<\/h3>\n<p style=\"text-align: center;\">Fleece coat<strong> tied <\/strong>powder pink in color is real <strong>bestseller<\/strong> in every woman&#039;s closet. Powder pink clothes dominate the catwalks. This model is perfect for\u00a0<strong>spring, autumn and cooler summer days.<\/strong> Thanks to carefully selected accessories, you can easily create unique stylizations for social events or celebrations. Stand out from the crowd with our classic coat. It will be perfect at any time of the year, in addition, the fact that it is made of fleece makes it perfectly arranged. Size <strong>universal Plus Size <\/strong>\u00a0recommended for\u00a0 <strong>Mr<\/strong> wearing<strong> size<\/strong> <strong>44,46,48,50.<\/strong>\u00a0In the offer <strong>we have<\/strong> also smaller<strong> tied coats\u00a0<\/strong> recommended for SML XL. In our online store you will find this product in a variety of colors for unbeatable <strong>low price<\/strong>. If you cannot decide which color \/ size is best for you, please feel free to contact us through <strong>Facebook<\/strong> or phone<\/p>\n<h3 style=\"text-align: center;\">Plus Size Coat Dimensions:<\/h3>\n<ul style=\"text-align: center;\">\n<li>total length back: 90 cm<\/li>\n<li>width from armpit to armpit: 59 cm<\/li>\n<li>sleeve length from the shoulder: 62 cm<\/li>\n<li>sleeve length from armpit: 47 cm<\/li>\n<li>recommended maximum bust circumference: 130-145 cm<\/li>\n<li>bicep width: 39 cm<\/li>\n<\/ul>\n<p style=\"text-align: center;\">Dimensions may slightly differ from the given +\/- 2cm. All dimensions given are measured flat.<\/p>\n<p style=\"text-align: center;\"><strong>\u00a0<\/strong><\/p>\n<table width=\"616\">\n<tbody>\n<tr>\n<td width=\"302\">Model name<\/td>\n<td width=\"302\">Plus Size fleece coat<\/td>\n<\/tr>\n<tr>\n<td width=\"302\">Color<\/td>\n<td width=\"302\">Powder Pink<\/td>\n<\/tr>\n<tr>\n<td width=\"302\">Collection<\/td>\n<td width=\"302\">Spring \/ Autumn \/ Winter<\/td>\n<\/tr>\n<tr>\n<td width=\"302\">Sizes<\/td>\n<td width=\"302\">Universal (Plus Size)<\/td>\n<\/tr>\n<tr>\n<td width=\"302\">Fashion<\/td>\n<td width=\"302\">Oversize<\/td>\n<\/tr>\n<tr>\n<td width=\"302\">Hood<\/td>\n<td width=\"302\">Without the hood<\/td>\n<\/tr>\n<tr>\n<td width=\"302\">Warmed up<\/td>\n<td width=\"302\">Uninsulated<\/td>\n<\/tr>\n<tr>\n<td width=\"302\">Material<\/td>\n<td width=\"302\">Petersham<\/td>\n<\/tr>\n<\/tbody>\n<\/table>\n<div class=\"additional-details\" style=\"text-align: center;\">\n<p>\u00a0The model has\u00a0<strong>173<\/strong>\u00a0cm tall in size <strong>Plus Size<\/strong><\/p>\n<p>&nbsp;<\/p>\n<\/div>\n<div class=\"overview-buttons\" style=\"text-align: center;\"><\/div>","protected":false},"excerpt":{"rendered":"<p>P\u0142aszcz Pudrowy R\u00f3\u017c Plus Size z Flauszu P\u0142aszcz flauszowy wi\u0105zany w kolorze pudrowego r\u00f3\u017cu jest prawdziwym bestselerem w szafie ka\u017cdej kobiety. Ubrania w kolorach pudrowego r\u00f3\u017cu\u00a0 kr\u00f3luj\u0105 na wybiegach.\u00a0 Ten model jest idealny na\u00a0wiosn\u0119, jesie\u0144 i na ch\u0142odniejsze dni letnie . Dzi\u0119ki odpowiednio dobranym dodatkom z \u0142atwo\u015bci\u0105 stworzysz niepowtarzalne stylizacje na imprezy towarzyskie czy uroczysto\u015bci.<\/p>\n<div class=\"klb-readmore post-buttons\"><a class=\"button black outline size-sm\" href=\"https:\/\/madelinefashion.pl\/en\/product\/plaszcz-pudrowy-roz-plus-size-z-flauszu\/\">Read More <i class=\"klbth-icon-right-arrow\"><\/i><\/a><\/div>","protected":false},"featured_media":6663,"template":"","meta":[],"product_brand":[],"product_cat":[102,279],"product_tag":[510],"class_list":{"0":"post-1431","1":"product","2":"type-product","3":"status-publish","4":"has-post-thumbnail","6":"product_cat-plaszcze-plus-size","7":"product_cat-plaszcze-wiosenne","8":"product_tag-plaszcze-flauszowe","10":"first","11":"instock","12":"sale","13":"purchasable","14":"product-type-simple"},"_links":{"self":[{"href":"https:\/\/madelinefashion.pl\/en\/wp-json\/wp\/v2\/product\/1431","targetHints":{"allow":["GET"]}}],"collection":[{"href":"https:\/\/madelinefashion.pl\/en\/wp-json\/wp\/v2\/product"}],"about":[{"href":"https:\/\/madelinefashion.pl\/en\/wp-json\/wp\/v2\/types\/product"}],"wp:featuredmedia":[{"embeddable":true,"href":"https:\/\/madelinefashion.pl\/en\/wp-json\/wp\/v2\/media\/6663"}],"wp:attachment":[{"href":"https:\/\/madelinefashion.pl\/en\/wp-json\/wp\/v2\/media?parent=1431"}],"wp:term":[{"taxonomy":"product_brand","embeddable":true,"href":"https:\/\/madelinefashion.pl\/en\/wp-json\/wp\/v2\/product_brand?post=1431"},{"taxonomy":"product_cat","embeddable":true,"href":"https:\/\/madelinefashion.pl\/en\/wp-json\/wp\/v2\/product_cat?post=1431"},{"taxonomy":"product_tag","embeddable":true,"href":"https:\/\/madelinefashion.pl\/en\/wp-json\/wp\/v2\/product_tag?post=1431"}],"curies":[{"name":"wp","href":"https:\/\/api.w.org\/{rel}","templated":true}]}}