{"id":14383,"date":"2021-06-30T21:02:18","date_gmt":"2021-06-30T19:02:18","guid":{"rendered":"https:\/\/madelinefashion.pl\/?post_type=product&#038;p=14383"},"modified":"2026-01-20T10:34:18","modified_gmt":"2026-01-20T09:34:18","slug":"bluzka-z-fredzlami-street-biala","status":"publish","type":"product","link":"https:\/\/madelinefashion.pl\/en\/product\/bluzka-z-fredzlami-street-biala\/","title":{"rendered":"Fringed Blouse Street White"},"content":{"rendered":"<h3 style=\"text-align: center;\">Fringed Blouse Street White<\/h3>\n<p style=\"text-align: center;\"><strong>Fringed Blouse Street White\u00a0<\/strong> printed on the front. A comfortable, loose cut will make you feel comfortable in it. It has an inscription on the front - in addition, the bottom of the blouse is finished <strong>decorative tassels<\/strong> . <strong>Longer blouse <\/strong>with a classic, straight cut<strong> which you can wear as a tunic. <\/strong>\u00a0The blouse is made of high-quality material, very pleasant to the touch. A tunic with a rather loose, oversized cut. It has short sleeves. Perfect for spring and summer warm days. You can create many fashionable, everyday stylizations with it! One universal size is recommended from S to XXXL.<\/p>\n<p style=\"text-align: center;\"><span style=\"font-size: 10pt;\">\u00a0<\/span><\/p>\n<h3 style=\"text-align: center;\">Dimensions<\/h3>\n<ul style=\"text-align: center;\">\n<li><span style=\"font-size: 10pt;\">\u00a0\u00a0\u00a0\u00a0\u00a0\u00a0\u00a0 overall length: 75 cm<br \/>\n<\/span><\/li>\n<li>total length to the fringe: 60 cm<\/li>\n<li><span style=\"font-size: 10pt;\">\u00a0\u00a0\u00a0\u00a0\u00a0\u00a0\u00a0 width from armpit to armpit: 70cm<\/span><\/li>\n<li><span style=\"font-size: 10pt;\">\u00a0\u00a0\u00a0\u00a0\u00a0\u00a0\u00a0<\/span><span style=\"font-size: 10pt;\">\u00a0 \u00a0 \u00a0<\/span><\/li>\n<\/ul>\n<h3 style=\"text-align: center;\"><span style=\"font-size: 10pt;\">\u00a0Dimensions may slightly differ from the given +\/- 2cm. All dimensions given are measured flat. <strong>X2 dimension<\/strong><\/span><\/h3>\n<h3 style=\"text-align: center;\">Characteristics:<\/h3>\n<p style=\"text-align: center;\"><span style=\"font-size: 10pt;\"><br \/>\n- loose cut<br \/>\n-print on the front<br \/>\n-fringe<br \/>\n-fashionable<br \/>\n-oversize<\/span><\/p>\n<p>&nbsp;<\/p>\n<table>\n<tbody>\n<tr>\n<td width=\"302\">Model name<\/td>\n<td width=\"302\">Blouse with Fr\u0119dzlami Street<\/td>\n<\/tr>\n<tr>\n<td width=\"302\">Color<\/td>\n<td width=\"302\">White<\/td>\n<\/tr>\n<tr>\n<td width=\"302\">Sizes<\/td>\n<td width=\"302\">Universal<\/td>\n<\/tr>\n<tr>\n<td width=\"302\">Fashion<\/td>\n<td width=\"302\">Oversize<\/td>\n<\/tr>\n<tr>\n<td width=\"302\">Length<\/td>\n<td width=\"302\">Above the knee<\/td>\n<\/tr>\n<tr>\n<td width=\"302\">Material<\/td>\n<td width=\"302\">95 % Cotton 5% Elastane<\/td>\n<\/tr>\n<\/tbody>\n<\/table>\n<div class=\"tabs tabs-bb clear mb-80\">\n<div class=\"tab-content\">\n<div id=\"tab-description\" class=\"tab-pane fade in woocommerce-Tabs-panel--description active\">\n<p style=\"text-align: center;\">The model has\u00a0<strong>169<\/strong>\u00a0cm tall, wears a size every day\u00a0<strong>S.<\/strong><\/p>\n<p style=\"text-align: center;\">Bust width 91 cm<\/p>\n<p style=\"text-align: center;\">Waist width 71 cm<\/p>\n<p style=\"text-align: center;\">Hip width 96 cm<\/p>\n<\/div>\n<\/div>\n<\/div>","protected":false},"excerpt":{"rendered":"<p>Bluzka z Fr\u0119dzlami Street Bia\u0142a Bluzka z Fr\u0119dzlami Street Bia\u0142a\u00a0 z nadrukiem na przodzie. Wygodny, lu\u017any fason sprawi \u017ce b\u0119dziesz czu\u0142a si\u0119 w niej komfortowo.\u00a0 Na przodzie posiada\u00a0 napis &#8211; dodatkowo d\u00f3\u0142 bluzki zako\u0144czony jest ozdobnymi fr\u0119dzelkami . D\u0142u\u017csza bluzka o klasycznym, prostym kroju kt\u00f3r\u0105 mo\u017cesz nosi\u0107 jako tunik\u0119. \u00a0Bluzka wykonana jest z wysokiej jako\u015bci<\/p>\n<div class=\"klb-readmore post-buttons\"><a class=\"button black outline size-sm\" href=\"https:\/\/madelinefashion.pl\/en\/product\/bluzka-z-fredzlami-street-biala\/\">Read More <i class=\"klbth-icon-right-arrow\"><\/i><\/a><\/div>","protected":false},"featured_media":112663,"template":"","meta":[],"product_brand":[],"product_cat":[395,77],"product_tag":[251,296],"class_list":{"0":"post-14383","1":"product","2":"type-product","3":"status-publish","4":"has-post-thumbnail","6":"product_cat-nowosci","7":"product_cat-bluzki","8":"product_tag-bluzka-biala","9":"product_tag-tuniki","11":"first","12":"outofstock","13":"sale","14":"purchasable","15":"product-type-simple"},"_links":{"self":[{"href":"https:\/\/madelinefashion.pl\/en\/wp-json\/wp\/v2\/product\/14383","targetHints":{"allow":["GET"]}}],"collection":[{"href":"https:\/\/madelinefashion.pl\/en\/wp-json\/wp\/v2\/product"}],"about":[{"href":"https:\/\/madelinefashion.pl\/en\/wp-json\/wp\/v2\/types\/product"}],"wp:featuredmedia":[{"embeddable":true,"href":"https:\/\/madelinefashion.pl\/en\/wp-json\/wp\/v2\/media\/112663"}],"wp:attachment":[{"href":"https:\/\/madelinefashion.pl\/en\/wp-json\/wp\/v2\/media?parent=14383"}],"wp:term":[{"taxonomy":"product_brand","embeddable":true,"href":"https:\/\/madelinefashion.pl\/en\/wp-json\/wp\/v2\/product_brand?post=14383"},{"taxonomy":"product_cat","embeddable":true,"href":"https:\/\/madelinefashion.pl\/en\/wp-json\/wp\/v2\/product_cat?post=14383"},{"taxonomy":"product_tag","embeddable":true,"href":"https:\/\/madelinefashion.pl\/en\/wp-json\/wp\/v2\/product_tag?post=14383"}],"curies":[{"name":"wp","href":"https:\/\/api.w.org\/{rel}","templated":true}]}}