{"id":14870,"date":"2021-07-09T18:13:15","date_gmt":"2021-07-09T16:13:15","guid":{"rendered":"https:\/\/madelinefashion.pl\/?post_type=product&#038;p=14870"},"modified":"2026-03-26T12:40:32","modified_gmt":"2026-03-26T11:40:32","slug":"sukienka-krotka-z-falbankami-na-ramiaczka-nadia-malinowa","status":"publish","type":"product","link":"https:\/\/madelinefashion.pl\/en\/product\/sukienka-krotka-z-falbankami-na-ramiaczka-nadia-malinowa\/","title":{"rendered":"Short Dress With Ruffles On Straps Nadia Raspberry"},"content":{"rendered":"<h3 style=\"text-align: center;\">Short Dress With Ruffles On Straps Nadia Raspberry<\/h3>\n<p style=\"text-align: center;\"><span style=\"font-size: 10pt;\"><strong>Short Dress With Frills On Straps Nadia Raspberry.<\/strong> <strong>The top of the dress is fitted<\/strong> perfectly emphasizes feminine shapes. The dress is decorated with frills at the bottom - flared. Short dress with frills - fastened at the back with a zipper.<strong>\u00a0<\/strong>See our offer <strong><a href=\"https:\/\/madelinefashion.pl\/en\/sukienki-i-kombinezony\/sukienki-okolicznosciowe\/\">evening dresses<\/a>\u00a0and select a model, <\/strong>in which you will be <strong>look like a star and you will stand out from the crowd. In our dresses you will stand out from the crowd!\u00a0 <\/strong>One cannot be indifferent to her. <\/span><span style=\"font-size: 10pt;\">Made and sewn in Poland. Short dress available in our e-shop <\/span><span style=\"font-size: 10pt;\">\u00a0in sizes\u00a0 \u00a0<strong>34,<\/strong> <strong>36, 38, 40<\/strong>\u00a0 . A dress with frills is an excellent choice for a wedding, prom, New Year&#039;s Eve and other elegant special events. Available in our e-shop in several color variants, so do not hesitate and choose the one that is perfect for you. If you can&#039;t decide which color, <strong>size<\/strong> is the best for you, <strong>contact us<\/strong> through <a href=\"https:\/\/www.facebook.com\/madelinefashionbutik\" target=\"_blank\" rel=\"noopener\">Facebook<\/a> or <a href=\"https:\/\/madelinefashion.pl\/en\/kontakt\/\">phone<\/a>. If the size is not available on the website, please contact us.\u00a0 <strong>In the information after purchase, you can enter your dimensions<\/strong> Waist and Bust we will choose the right size for you !!\u00a0<\/span><\/p>\n<h3 style=\"text-align: center;\">DRESS DIMENSIONS:<\/h3>\n<p>&nbsp;<\/p>\n<p style=\"text-align: center;\"><strong>XS \/ 34<\/strong><\/p>\n<ul>\n<li style=\"text-align: center;\">\u00a0 \u00a0 \u00a0 \u00a0overall length: 82 cm<\/li>\n<li style=\"text-align: center;\">\u00a0\u00a0\u00a0\u00a0\u00a0\u00a0\u00a0 width from armpit to armpit: 41 cm -45 cm<\/li>\n<li style=\"text-align: center;\">\u00a0\u00a0\u00a0\u00a0\u00a0\u00a0\u00a0 waist width 34-36 cm<\/li>\n<li style=\"text-align: center;\">\u00a0\u00a0\u00a0\u00a0\u00a0\u00a0\u00a0 shoulder width: 34 cm<\/li>\n<\/ul>\n<p style=\"text-align: center;\"><strong>S \/ 36<\/strong><\/p>\n<ul>\n<li style=\"text-align: center;\">\u00a0 \u00a0 \u00a0overall length: 85 cm<\/li>\n<li style=\"text-align: center;\">\u00a0\u00a0\u00a0\u00a0\u00a0\u00a0\u00a0 width from armpit to armpit: 45 cm -49 cm<\/li>\n<li style=\"text-align: center;\">\u00a0\u00a0\u00a0\u00a0\u00a0\u00a0\u00a0 waist width 35-37 cm<\/li>\n<li style=\"text-align: center;\">\u00a0\u00a0\u00a0\u00a0\u00a0\u00a0\u00a0 shoulder width: 36 cm<\/li>\n<li style=\"text-align: center;\"><\/li>\n<\/ul>\n<p style=\"text-align: center;\"><strong>M \/ 38<\/strong><\/p>\n<ul>\n<li style=\"text-align: center;\">\u00a0 \u00a0overall length: 85 cm<\/li>\n<li style=\"text-align: center;\">\u00a0\u00a0\u00a0\u00a0\u00a0\u00a0\u00a0 width from armpit to armpit: 45 cm -49 cm<\/li>\n<li style=\"text-align: center;\">\u00a0\u00a0\u00a0\u00a0\u00a0\u00a0\u00a0 waist width 37-40 cm<\/li>\n<li style=\"text-align: center;\">\u00a0\u00a0\u00a0\u00a0\u00a0\u00a0\u00a0 shoulder width: 37 cm<\/li>\n<\/ul>\n<p style=\"text-align: center;\"><strong>L \/ 40<\/strong><\/p>\n<ul>\n<li style=\"text-align: center;\">overall length: 86 cm<\/li>\n<li style=\"text-align: center;\">\u00a0\u00a0\u00a0\u00a0\u00a0\u00a0\u00a0 width from armpit to armpit: 47 cm -51 cm<\/li>\n<li style=\"text-align: center;\">\u00a0\u00a0\u00a0\u00a0\u00a0\u00a0\u00a0 waist width 39-42 cm<\/li>\n<li style=\"text-align: center;\">\u00a0\u00a0\u00a0\u00a0\u00a0\u00a0\u00a0 shoulder width: 37 cm<\/li>\n<li style=\"text-align: center;\"><\/li>\n<\/ul>\n<p style=\"text-align: center;\">The dress is also available in other colors - see our other products.<\/p>\n<p style=\"text-align: center;\">Dimensions may slightly differ from the given +\/- 2cm.<\/p>\n<p style=\"text-align: center;\"><strong>\u00a0<\/strong><\/p>\n<p>&nbsp;<\/p>\n<table>\n<tbody>\n<tr>\n<td width=\"302\">Model name<\/td>\n<td width=\"302\">Short Dress With Ruffles On The Straps Nadia<\/td>\n<\/tr>\n<tr>\n<td width=\"302\">Color<\/td>\n<td width=\"302\"><span style=\"font-size: 10pt;\">Raspberry<\/span><\/td>\n<\/tr>\n<tr>\n<td width=\"302\">Mark<\/td>\n<td width=\"302\">D&amp;D<\/td>\n<\/tr>\n<tr>\n<td width=\"302\">Sizes<\/td>\n<td width=\"302\">\u00a034 36 38 40<\/td>\n<\/tr>\n<tr>\n<td width=\"302\">Fashion<\/td>\n<td width=\"302\">Matched<\/td>\n<\/tr>\n<tr>\n<td width=\"302\">Material<\/td>\n<td width=\"302\">60% Cotton 35% Polyester 5% Elastane<\/td>\n<\/tr>\n<tr>\n<td width=\"302\">Length<\/td>\n<td width=\"302\">Above the knee<\/td>\n<\/tr>\n<\/tbody>\n<\/table>\n<p>&nbsp;<\/p>\n<p style=\"text-align: center;\">In order to match\u00a0<strong>perfect dresses<\/strong>\u00a0we invite you to contact us by phone or contact us <a href=\"https:\/\/www.facebook.com\/madelinefashionbutik\" target=\"_blank\" rel=\"noopener\">facebook<\/a> .<br \/>\nOur team will help\u00a0<strong>Choose the right one<\/strong>\u00a0.\u00a0<strong>We can make each dress at the request of the buyer\u00a0<\/strong><strong>measure carefully.\u00a0<\/strong><\/p>\n<div class=\"additional-details\">\n<p style=\"text-align: center;\">\n<\/div>","protected":false},"excerpt":{"rendered":"<p>Sukienka Kr\u00f3tka Z Falbankami Na Rami\u0105czka Nadia Malinowa Sukienka Kr\u00f3tka Z Falbankami Na Rami\u0105czka Nadia Malinowa. G\u00f3ra sukienki dopasowana idealnie podkre\u015bla kobiece kszta\u0142ty. Sukienka ozdobiona jest na dole\u00a0 falbankami &#8211;\u00a0 rozkloszowana. Sukienka kr\u00f3tka z falbankami &#8211; zapinana z ty\u0142u na zamek.\u00a0Zapoznaj si\u0119 z nasz\u0105 ofert\u0105 sukni wieczorowych\u00a0i wybierz model, w kt\u00f3rej b\u0119dziesz wygl\u0105da\u0107 jak gwiazda<\/p>\n<div class=\"klb-readmore post-buttons\"><a class=\"button black outline size-sm\" href=\"https:\/\/madelinefashion.pl\/en\/product\/sukienka-krotka-z-falbankami-na-ramiaczka-nadia-malinowa\/\">Read More <i class=\"klbth-icon-right-arrow\"><\/i><\/a><\/div>","protected":false},"featured_media":14849,"template":"","meta":[],"product_brand":[],"product_cat":[124,395,380],"product_tag":[262,215],"class_list":{"0":"post-14870","1":"product","2":"type-product","3":"status-publish","4":"has-post-thumbnail","6":"product_cat-sukienki-okolicznosciowe","7":"product_cat-nowosci","8":"product_cat-wyprzedaz","9":"product_tag-sukienki-krotkie","10":"product_tag-sukienki-rozowe","12":"first","13":"instock","14":"sale","15":"purchasable","16":"product-type-variable"},"_links":{"self":[{"href":"https:\/\/madelinefashion.pl\/en\/wp-json\/wp\/v2\/product\/14870","targetHints":{"allow":["GET"]}}],"collection":[{"href":"https:\/\/madelinefashion.pl\/en\/wp-json\/wp\/v2\/product"}],"about":[{"href":"https:\/\/madelinefashion.pl\/en\/wp-json\/wp\/v2\/types\/product"}],"wp:featuredmedia":[{"embeddable":true,"href":"https:\/\/madelinefashion.pl\/en\/wp-json\/wp\/v2\/media\/14849"}],"wp:attachment":[{"href":"https:\/\/madelinefashion.pl\/en\/wp-json\/wp\/v2\/media?parent=14870"}],"wp:term":[{"taxonomy":"product_brand","embeddable":true,"href":"https:\/\/madelinefashion.pl\/en\/wp-json\/wp\/v2\/product_brand?post=14870"},{"taxonomy":"product_cat","embeddable":true,"href":"https:\/\/madelinefashion.pl\/en\/wp-json\/wp\/v2\/product_cat?post=14870"},{"taxonomy":"product_tag","embeddable":true,"href":"https:\/\/madelinefashion.pl\/en\/wp-json\/wp\/v2\/product_tag?post=14870"}],"curies":[{"name":"wp","href":"https:\/\/api.w.org\/{rel}","templated":true}]}}