{"id":153086,"date":"2024-02-28T15:48:28","date_gmt":"2024-02-28T14:48:28","guid":{"rendered":"https:\/\/madelinefashion.pl\/?post_type=product&#038;p=153086"},"modified":"2026-04-23T10:48:29","modified_gmt":"2026-04-23T08:48:29","slug":"sukienka-azurowa-z-rekawkiem-renis-bialo-bezowa","status":"publish","type":"product","link":"https:\/\/madelinefashion.pl\/en\/product\/sukienka-azurowa-z-rekawkiem-renis-bialo-bezowa\/","title":{"rendered":"Openwork Dress with Sleeves Renis White and Beige"},"content":{"rendered":"<h3 style=\"text-align: center;\">Openwork Dress with Sleeves Renis White and Beige<\/h3>\n<p style=\"text-align: center;\"><span style=\"font-size: 10pt;\">Extremely feminine, lace dress by w<strong> boho style<\/strong>. Lace floral decorations add to its charm. Perfect for both everyday and evening outings! The dress is made of the highest quality cotton, openwork material that looks very <strong>feminine<\/strong>. The dress has <strong>lining<\/strong> ensuring comfort. The Openwork Dress with Sleeves is the perfect choice for SPECIAL OCCASIONS. <strong>Recommended<\/strong> for ladies in size<strong> XS SML<\/strong>\u00a0 in case of wearing a larger size, please refer to the table below.<\/span><\/p>\n<p>&nbsp;<\/p>\n<h3 style=\"text-align: center;\">Product Characteristics<\/h3>\n<ul style=\"text-align: center;\">\n<li style=\"text-align: center;\"><span style=\"font-size: 10pt;\">\u00a0lining<\/span><\/li>\n<li style=\"text-align: center;\"><span style=\"font-size: 10pt;\">elastic<\/span><\/li>\n<li style=\"text-align: center;\"><span style=\"font-size: 10pt;\">\u00a0lace<\/span><\/li>\n<\/ul>\n<h3 style=\"text-align: center;\">Dimensions:<\/h3>\n<p style=\"text-align: center;\"><strong>S \/ M<\/strong><\/p>\n<ul style=\"text-align: center;\">\n<li><span style=\"font-size: 10pt;\">\u00a0\u00a0\u00a0\u00a0\u00a0\u00a0\u00a0 \u00a0\u00a0\u00a0\u00a0\u00a0\u00a0\u00a0 overall length: 90 cm<br \/>\n<\/span><\/li>\n<li><span style=\"font-size: 10pt;\">\u00a0\u00a0\u00a0\u00a0\u00a0\u00a0\u00a0 \u00a0\u00a0\u00a0\u00a0\u00a0\u00a0\u00a0 width from armpit to armpit: 45 -52 cm\u00a0<\/span><\/li>\n<li><span style=\"font-size: 10pt;\">sleeve length from armpit: 47 cm<br \/>\n<\/span><\/li>\n<li><span style=\"font-size: 10pt;\">sleeve length from shoulder: 64 cm<\/span><\/li>\n<li><span style=\"font-size: 10pt;\">\u00a0\u00a0\u00a0\u00a0\u00a0\u00a0\u00a0 \u00a0\u00a0\u00a0\u00a0\u00a0\u00a0\u00a0 waist width: 34 -39 cm\u00a0<\/span><\/li>\n<li><span style=\"font-size: 10pt;\"><br \/>\n<strong>M \/ L<\/strong><\/span><\/li>\n<li>\n<ul style=\"text-align: center;\">\n<li><span style=\"font-size: 10pt;\">\u00a0\u00a0\u00a0\u00a0\u00a0\u00a0\u00a0 \u00a0\u00a0\u00a0\u00a0\u00a0\u00a0\u00a0 overall length: 90 cm<br \/>\n<\/span><\/li>\n<li><span style=\"font-size: 10pt;\">\u00a0\u00a0\u00a0\u00a0\u00a0\u00a0\u00a0 \u00a0\u00a0\u00a0\u00a0\u00a0\u00a0\u00a0 width from armpit to armpit: 47 -54 cm\u00a0<\/span><\/li>\n<li><span style=\"font-size: 10pt;\">sleeve length from armpit: 47 cm<br \/>\n<\/span><\/li>\n<li><span style=\"font-size: 10pt;\">sleeve length from shoulder: 64 cm<\/span><\/li>\n<li><span style=\"font-size: 10pt;\">\u00a0\u00a0\u00a0\u00a0\u00a0\u00a0\u00a0 \u00a0\u00a0\u00a0\u00a0\u00a0\u00a0\u00a0 waist width: 36 -41 cm\u00a0<\/span><\/li>\n<\/ul>\n<\/li>\n<li><span style=\"font-size: 10pt;\">\u00a0 \u00a0 \u00a0 \u00a0 \u00a0 \u00a0 \u00a0 \u00a0\u00a0<\/span><\/li>\n<\/ul>\n<p style=\"text-align: center;\">Dimensions may slightly differ from the given +\/- 2cm. All dimensions given are measured flat. <strong>X2 dimension<\/strong><\/p>\n<p style=\"text-align: center;\"><span style=\"font-size: 10pt;\">\u00a0<\/span><\/p>\n<p style=\"text-align: center;\"><span style=\"font-size: 10pt;\"><strong>\u00a0<\/strong>\u00a0<\/span><\/p>\n<p>&nbsp;<\/p>\n<table>\n<tbody>\n<tr>\n<td width=\"302\"><span style=\"font-size: 10pt;\">Model name<\/span><\/td>\n<td width=\"302\">Openwork Dress with Sleeves Renis<\/td>\n<\/tr>\n<tr>\n<td width=\"302\"><span style=\"font-size: 10pt;\">Color<\/span><\/td>\n<td width=\"302\"><span style=\"font-size: 10pt;\">White and Beige<\/span><\/td>\n<\/tr>\n<tr>\n<td width=\"302\"><span style=\"font-size: 10pt;\">Style<\/span><\/td>\n<td width=\"302\"><span style=\"font-size: 10pt;\">Boho<\/span><\/td>\n<\/tr>\n<tr>\n<td width=\"302\"><span style=\"font-size: 10pt;\">Material<\/span><\/td>\n<td width=\"302\"><span style=\"font-size: 10pt;\">90% Viscose 10% Polyester<\/span><\/td>\n<\/tr>\n<tr>\n<td width=\"302\"><span style=\"font-size: 10pt;\">Length<\/span><\/td>\n<td width=\"302\"><span style=\"font-size: 10pt;\">Up to the knee<\/span><\/td>\n<\/tr>\n<\/tbody>\n<\/table>\n<p>&nbsp;<\/p>\n<p style=\"text-align: center;\"><span style=\"font-size: 10pt;\">\u00a0<\/span><\/p>\n<div class=\"additional-details\" style=\"text-align: center;\">\n<p style=\"text-align: center;\">\u00a0The model has <strong>175<\/strong> cm tall, wears a size every day\u00a0<strong>S.<\/strong><\/p>\n<p style=\"text-align: center;\"><span style=\"font-size: 10pt;\">\u00a0<\/span><\/p>\n<p style=\"text-align: center;\"><span style=\"font-size: 10pt;\">\u00a0<\/span><\/p>\n<\/div>","protected":false},"excerpt":{"rendered":"<p>Sukienka A\u017curowa z R\u0119kawkiem Renis Bia\u0142o Be\u017cowa Niezwykle kobieca, koronkowa sukienka w stylu boho. Uroku dodaj\u0105 jej koronkowe kwiatowe zdobienia. Idealna zar\u00f3wno na co dzie\u0144 jak i na wieczorne wyj\u015bcie! Sukienka wykonana jest z najwy\u017cszej jako\u015bci bawe\u0142nianego, a\u017curowego materia\u0142u, kt\u00f3ry wygl\u0105da bardzo kobieco. Sukienka posiada podszewk\u0119 zapewniaj\u0105c komfort noszenia. Sukienka A\u017curowa z R\u0119kawkiem to idealna<\/p>\n<div class=\"klb-readmore post-buttons\"><a class=\"button black outline size-sm\" href=\"https:\/\/madelinefashion.pl\/en\/product\/sukienka-azurowa-z-rekawkiem-renis-bialo-bezowa\/\">Read More <i class=\"klbth-icon-right-arrow\"><\/i><\/a><\/div>","protected":false},"featured_media":154328,"template":"","meta":[],"product_brand":[],"product_cat":[125,395],"product_tag":[219,530,262],"class_list":{"0":"post-153086","1":"product","2":"type-product","3":"status-publish","4":"has-post-thumbnail","6":"product_cat-sukienki","7":"product_cat-nowosci","8":"product_tag-sukienka-biala","9":"product_tag-sukienki-koronkowe","10":"product_tag-sukienki-krotkie","11":"pa_rozmiar-s-m","12":"pa_rozmiar-m-l","14":"first","15":"instock","16":"purchasable","17":"product-type-variable"},"_links":{"self":[{"href":"https:\/\/madelinefashion.pl\/en\/wp-json\/wp\/v2\/product\/153086","targetHints":{"allow":["GET"]}}],"collection":[{"href":"https:\/\/madelinefashion.pl\/en\/wp-json\/wp\/v2\/product"}],"about":[{"href":"https:\/\/madelinefashion.pl\/en\/wp-json\/wp\/v2\/types\/product"}],"wp:featuredmedia":[{"embeddable":true,"href":"https:\/\/madelinefashion.pl\/en\/wp-json\/wp\/v2\/media\/154328"}],"wp:attachment":[{"href":"https:\/\/madelinefashion.pl\/en\/wp-json\/wp\/v2\/media?parent=153086"}],"wp:term":[{"taxonomy":"product_brand","embeddable":true,"href":"https:\/\/madelinefashion.pl\/en\/wp-json\/wp\/v2\/product_brand?post=153086"},{"taxonomy":"product_cat","embeddable":true,"href":"https:\/\/madelinefashion.pl\/en\/wp-json\/wp\/v2\/product_cat?post=153086"},{"taxonomy":"product_tag","embeddable":true,"href":"https:\/\/madelinefashion.pl\/en\/wp-json\/wp\/v2\/product_tag?post=153086"}],"curies":[{"name":"wp","href":"https:\/\/api.w.org\/{rel}","templated":true}]}}