{"id":154732,"date":"2024-03-18T15:34:06","date_gmt":"2024-03-18T14:34:06","guid":{"rendered":"https:\/\/madelinefashion.pl\/?post_type=product&#038;p=154732"},"modified":"2026-01-20T10:33:14","modified_gmt":"2026-01-20T09:33:14","slug":"koszula-savina-z-rekawem-pudrowy-roz","status":"publish","type":"product","link":"https:\/\/madelinefashion.pl\/en\/product\/koszula-savina-z-rekawem-pudrowy-roz\/","title":{"rendered":"Savina Shirt with Sleeves Powder Pink"},"content":{"rendered":"<h3 style=\"text-align: center;\">Savina Shirt with Sleeves Powder Pink<\/h3>\n<p style=\"text-align: center;\"><strong>Elegant<\/strong>\u00a0 short-sleeved shirt with a bag. Its color and pattern will make <strong>you will stand out from the crowd<\/strong>This loose, button-down shirt has short sleeves, so it&#039;s worth pairing it with a few bracelets. It&#039;s perfect for everyday looks. This style is versatile and can be worn with a variety of outfits. This shirt you&#039;ll fall in love with comes with a chain bag. You can wear it with shorts, jeans, a skirt, or even leather pants. It flatters your figure perfectly. Perfect for school, work, a date, or a get-together with friends! <strong>Perfect for any time and occasion!\u00a0<\/strong>Size\u00a0<strong>universal recommended<\/strong>\u00a0for ladies in sizes from<strong> S to XL<\/strong><\/p>\n<h3 style=\"text-align: center;\">Shirt dimensions:<\/h3>\n<ul>\n<li style=\"text-align: center;\">Total length: 77 cm<\/li>\n<li style=\"text-align: center;\">Width from armpit to: 56-61 cm<\/li>\n<li style=\"text-align: center;\">Waist width: 56-62 cm<\/li>\n<li style=\"text-align: center;\">Sleeve length from the Armpit: 40 cm<\/li>\n<li style=\"text-align: center;\">Sleeve Length from Shoulder: 35 cm (button-fastened sleeve)<\/li>\n<li><\/li>\n<li><\/li>\n<\/ul>\n<p style=\"text-align: center;\">Dimensions may slightly differ from the given +\/- 2cm. All dimensions given are measured flat.<\/p>\n<p style=\"text-align: center;\"><span style=\"font-size: 10pt;\"><br \/>\n<strong>Recommended<\/strong> for people wearing size from\u00a0<strong>S.\u00a0<\/strong>down <strong>X<\/strong><strong>L.<\/strong><\/span><\/p>\n<table width=\"608\">\n<tbody>\n<tr>\n<td width=\"302\">Model name<\/td>\n<td width=\"302\">Savina Shirt With Sleeves<\/td>\n<\/tr>\n<tr>\n<td width=\"302\">Color<\/td>\n<td width=\"302\">Powder Pink<\/td>\n<\/tr>\n<tr>\n<td width=\"302\">Sizes<\/td>\n<td width=\"302\">Universal<\/td>\n<\/tr>\n<tr>\n<td width=\"302\">Fashion<\/td>\n<td width=\"302\">Oversize<\/td>\n<\/tr>\n<tr>\n<td width=\"302\">Material<\/td>\n<td width=\"302\">Composition: 70% polyester 25% viscose 5%elastian<\/td>\n<\/tr>\n<\/tbody>\n<\/table>\n<p style=\"text-align: center;\">The model has\u00a0<strong>169<\/strong>\u00a0cm tall, wears a size every day\u00a0<strong>S.<\/strong><\/p>\n<p style=\"text-align: center;\">Bust width 91 cm<\/p>\n<p style=\"text-align: center;\">Waist width 71 cm<\/p>\n<p style=\"text-align: center;\">Hip width 96 cm<\/p>\n<p style=\"text-align: center;\"><span style=\"font-size: 10pt;\">\u00a0<\/span><\/p>\n<p style=\"text-align: center;\"><span style=\"font-size: 10pt;\">\u00a0<\/span><\/p>\n<p style=\"text-align: center;\"><span style=\"font-size: 10pt;\">\u00a0<\/span><\/p>","protected":false},"excerpt":{"rendered":"<p>Koszula Savina Z R\u0119kawem Pudrowy R\u00f3\u017c Elegancka\u00a0 koszula z torebk\u0105 na kr\u00f3tki r\u0119kaw . Jej kolor i wz\u00f3r sprawi\u0105, \u017ce wyr\u00f3\u017cnisz si\u0119 z t\u0142umu. Lu\u017ana, zapinana na guziki koszula ma kr\u00f3tki r\u0119kaw dlatego warto dobra\u0107 do niej kilka bransoletek. B\u0119dzie najlepiej pasowa\u0107 do codziennych look\u00f3w.\u00a0 Model wybierany do wielu stylizacji. Koszula w kt\u00f3rej\u00a0 si\u0119 zakochasz<\/p>\n<div class=\"klb-readmore post-buttons\"><a class=\"button black outline size-sm\" href=\"https:\/\/madelinefashion.pl\/en\/product\/koszula-savina-z-rekawem-pudrowy-roz\/\">Read More <i class=\"klbth-icon-right-arrow\"><\/i><\/a><\/div>","protected":false},"featured_media":154714,"template":"","meta":[],"product_brand":[],"product_cat":[92],"product_tag":[],"class_list":{"0":"post-154732","1":"product","2":"type-product","3":"status-publish","4":"has-post-thumbnail","6":"product_cat-koszule","8":"first","9":"instock","10":"sale","11":"purchasable","12":"product-type-simple"},"_links":{"self":[{"href":"https:\/\/madelinefashion.pl\/en\/wp-json\/wp\/v2\/product\/154732","targetHints":{"allow":["GET"]}}],"collection":[{"href":"https:\/\/madelinefashion.pl\/en\/wp-json\/wp\/v2\/product"}],"about":[{"href":"https:\/\/madelinefashion.pl\/en\/wp-json\/wp\/v2\/types\/product"}],"wp:featuredmedia":[{"embeddable":true,"href":"https:\/\/madelinefashion.pl\/en\/wp-json\/wp\/v2\/media\/154714"}],"wp:attachment":[{"href":"https:\/\/madelinefashion.pl\/en\/wp-json\/wp\/v2\/media?parent=154732"}],"wp:term":[{"taxonomy":"product_brand","embeddable":true,"href":"https:\/\/madelinefashion.pl\/en\/wp-json\/wp\/v2\/product_brand?post=154732"},{"taxonomy":"product_cat","embeddable":true,"href":"https:\/\/madelinefashion.pl\/en\/wp-json\/wp\/v2\/product_cat?post=154732"},{"taxonomy":"product_tag","embeddable":true,"href":"https:\/\/madelinefashion.pl\/en\/wp-json\/wp\/v2\/product_tag?post=154732"}],"curies":[{"name":"wp","href":"https:\/\/api.w.org\/{rel}","templated":true}]}}