{"id":16149,"date":"2021-08-04T20:26:35","date_gmt":"2021-08-04T18:26:35","guid":{"rendered":"https:\/\/madelinefashion.pl\/?post_type=product&#038;p=16149"},"modified":"2026-03-26T12:40:31","modified_gmt":"2026-03-26T11:40:31","slug":"spodnie-jeansowe-biale-rita","status":"publish","type":"product","link":"https:\/\/madelinefashion.pl\/en\/product\/spodnie-jeansowe-biale-rita\/","title":{"rendered":"White Rita Jeans Pants"},"content":{"rendered":"<h3 style=\"text-align: center;\">White Rita Jeans Pants<\/h3>\n<p style=\"text-align: center;\"><strong>White Rita Jeans Pants<\/strong> is a real hit of this season embellished on the lap. They blend in perfectly with our blouses, creating<strong> a unique set<\/strong> . Complete your wardrobe with this model of distressed trousers. If you have any further questions about this product, please do not hesitate to contact us by phone or help <a href=\"https:\/\/www.facebook.com\/madelinefashionbutik\" target=\"_blank\" rel=\"noopener\">Facebook<\/a> . Follow the new trends with <strong>Madelinefashion.\u00a0\u00a0<\/strong><\/p>\n<h3 style=\"text-align: center;\">Pants dimensions:<\/h3>\n<p style=\"text-align: center;\">36 \/ S<\/p>\n<ul style=\"text-align: center;\">\n<li>Overall length: 93 cm<\/li>\n<li>Inside leg length: 68 cm<\/li>\n<li>Waist width: 29-36 cm<\/li>\n<li>waist: 25 cm<br \/>\nHips width: 38-43 cm<\/p>\n<p style=\"text-align: center;\">38 \/ M<\/p>\n<ul style=\"text-align: center;\">\n<li>Overall length: 93 cm<\/li>\n<li>Inside leg length: 70 cm<\/li>\n<li>Waist width: 34-39 cm<\/li>\n<li>waist: 26 cm<br \/>\nHips width: 38-43 cm<\/li>\n<\/ul>\n<p style=\"text-align: center;\">40 \/ L<\/p>\n<ul style=\"text-align: center;\">\n<li>Overall length: 94 cm<\/li>\n<li>Inside leg length: 70 cm<\/li>\n<li>Waist width: 35-42 cm<\/li>\n<li>waist: 26 cm<br \/>\nHips width: 42-47 cm<\/li>\n<\/ul>\n<\/li>\n<\/ul>\n<p>&nbsp;<\/p>\n<p style=\"text-align: center;\">Dimensions may slightly differ from the given +\/- 2cm. All dimensions given are measured flat.<br \/>\n<strong>X2 dimension<\/strong> - circuit.<\/p>\n<p>&nbsp;<\/p>\n<p style=\"text-align: center;\">\u00a0The model has\u00a0<strong>165<\/strong>\u00a0cm tall, wears a size every day\u00a0<strong>S.<\/strong><\/p>\n<p style=\"text-align: center;\">","protected":false},"excerpt":{"rendered":"<p>Spodnie Jeansowe Bia\u0142e Rita Spodnie Jeansowe Bia\u0142e Rita to prawdziwy hit tego sezonu zdobione na kolanach.\u00a0 Idealnie komponuj\u0105 si\u0119 z naszymi bluzkami tworz\u0105c niepowtarzalny komplet . Uzupe\u0142nij swoj\u0105 garderob\u0119 o ten model spodni z przetarciami. W przypadku dalszych pyta\u0144 dotycz\u0105cych tego produktu, nie wahaj si\u0119 skontaktowa\u0107 z nami telefonicznie lub za pomoc\u0105 Facebook . Pod\u0105\u017caj<\/p>\n<div class=\"klb-readmore post-buttons\"><a class=\"button black outline size-sm\" href=\"https:\/\/madelinefashion.pl\/en\/product\/spodnie-jeansowe-biale-rita\/\">Read More <i class=\"klbth-icon-right-arrow\"><\/i><\/a><\/div>","protected":false},"featured_media":16146,"template":"","meta":[],"product_brand":[],"product_cat":[83,380],"product_tag":[475],"class_list":{"0":"post-16149","1":"product","2":"type-product","3":"status-publish","4":"has-post-thumbnail","6":"product_cat-spodnie","7":"product_cat-wyprzedaz","8":"product_tag-spodnie-dlugie","9":"pa_rozmiar-s-36","10":"pa_rozmiar-m-38","11":"pa_rozmiar-l-40","13":"first","14":"instock","15":"sale","16":"purchasable","17":"product-type-variable"},"_links":{"self":[{"href":"https:\/\/madelinefashion.pl\/en\/wp-json\/wp\/v2\/product\/16149","targetHints":{"allow":["GET"]}}],"collection":[{"href":"https:\/\/madelinefashion.pl\/en\/wp-json\/wp\/v2\/product"}],"about":[{"href":"https:\/\/madelinefashion.pl\/en\/wp-json\/wp\/v2\/types\/product"}],"wp:featuredmedia":[{"embeddable":true,"href":"https:\/\/madelinefashion.pl\/en\/wp-json\/wp\/v2\/media\/16146"}],"wp:attachment":[{"href":"https:\/\/madelinefashion.pl\/en\/wp-json\/wp\/v2\/media?parent=16149"}],"wp:term":[{"taxonomy":"product_brand","embeddable":true,"href":"https:\/\/madelinefashion.pl\/en\/wp-json\/wp\/v2\/product_brand?post=16149"},{"taxonomy":"product_cat","embeddable":true,"href":"https:\/\/madelinefashion.pl\/en\/wp-json\/wp\/v2\/product_cat?post=16149"},{"taxonomy":"product_tag","embeddable":true,"href":"https:\/\/madelinefashion.pl\/en\/wp-json\/wp\/v2\/product_tag?post=16149"}],"curies":[{"name":"wp","href":"https:\/\/api.w.org\/{rel}","templated":true}]}}