{"id":16191,"date":"2021-08-04T21:27:16","date_gmt":"2021-08-04T19:27:16","guid":{"rendered":"https:\/\/madelinefashion.pl\/?post_type=product&#038;p=16191"},"modified":"2026-02-20T14:58:58","modified_gmt":"2026-02-20T13:58:58","slug":"sweter-azurowy-zapinany-na-guziki-rozowy","status":"publish","type":"product","link":"https:\/\/madelinefashion.pl\/en\/product\/sweter-azurowy-zapinany-na-guziki-rozowy\/","title":{"rendered":"Openwork sweater fastened with pink buttons"},"content":{"rendered":"<h3 style=\"text-align: center;\">Openwork sweater fastened with pink buttons<\/h3>\n<p style=\"text-align: center;\"><span style=\"font-size: 10pt;\"><strong>A beautiful, light, braided cardigan, fastened with buttons<\/strong> . This is a proposal for women who are looking for an addition to their styling. You can match the beautiful, delicate colors to your wardrobe as an accessory for a shirt or blouse. You will feel comfortable and beautiful in it. A comfortable, comfortable sweater with a simple cut. Model with long sleeves finished with cuffs, just like the bottom of the sweater. It is made of a nice, elastic fabric. Sweater fastened with 3 decorative buttons. It is available in our store in several color variants. Recommended for women in size SML XL<\/span><\/p>\n<h3 style=\"text-align: center;\">\u00a0 \u00a0 \u00a0Dimensions<\/h3>\n<p style=\"text-align: center;\" align=\"center\">Total length - 60 cm<br \/>\nWidth from armpit to armpit - 56 cm x2<br \/>\nSleeve length from armpit - 52 cm<br \/>\nSleeve length from shoulder - 56 cm<br \/>\nThe width at the bottom - 48-52 cm x2<\/p>\n<p style=\"text-align: center;\"><span style=\"font-size: 10pt;\">\u00a0Dimensions may slightly differ from the given +\/- 2cm. All dimensions given are measured flat. X2 dimension<\/span><\/p>\n<table>\n<tbody>\n<tr>\n<td width=\"302\">Model name<\/td>\n<td width=\"302\">Openwork sweater fastened with buttons<\/td>\n<\/tr>\n<tr>\n<td width=\"302\">Color<\/td>\n<td width=\"302\">Pink candy pink<\/td>\n<\/tr>\n<tr>\n<td width=\"302\">Sizes<\/td>\n<td width=\"302\">Universal<\/td>\n<\/tr>\n<tr>\n<td width=\"302\">Fashion<\/td>\n<td width=\"302\">Oversize<\/td>\n<\/tr>\n<tr>\n<td width=\"302\">Warmed up<\/td>\n<td width=\"302\">Uninsulated<\/td>\n<\/tr>\n<tr>\n<td width=\"302\">Material<\/td>\n<td width=\"302\">65 % Acrylic 15 % Nylon<\/td>\n<\/tr>\n<\/tbody>\n<\/table>\n<p style=\"text-align: center;\">The model has\u00a0<strong>169<\/strong>\u00a0cm tall, wears a size every day\u00a0<strong>S.<\/strong><\/p>\n<p style=\"text-align: center;\">The width at the bust is 92 cm<\/p>\n<p style=\"text-align: center;\">Waist width 62 cm<\/p>\n<p style=\"text-align: center;\">The width at the hips is 94 cm<\/p>","protected":false},"excerpt":{"rendered":"<p>Sweter A\u017curowy Zapinany Na Guziki R\u00f3\u017cowy Przepi\u0119kny, lekki , pleciony sweterek, zapinany na guziki . To propozycja dla Pa\u0144 kt\u00f3re szukaj\u0105 dodatku do swojej stylizacji. Przepi\u0119kne delikatne kolory dopasujesz do swojej szafy jako dodatek na koszule lub bluzk\u0119. B\u0119dziesz czu\u0107 si\u0119 w nim wygodnie I pi\u0119knie . Wygodny, komfortowy sweterek o prostym fasonie. Model z<\/p>\n<div class=\"klb-readmore post-buttons\"><a class=\"button black outline size-sm\" href=\"https:\/\/madelinefashion.pl\/en\/product\/sweter-azurowy-zapinany-na-guziki-rozowy\/\">Read More <i class=\"klbth-icon-right-arrow\"><\/i><\/a><\/div>","protected":false},"featured_media":59306,"template":"","meta":[],"product_brand":[],"product_cat":[78],"product_tag":[],"class_list":{"0":"post-16191","1":"product","2":"type-product","3":"status-publish","4":"has-post-thumbnail","6":"product_cat-swetry-damskie","8":"first","9":"outofstock","10":"purchasable","11":"product-type-simple"},"_links":{"self":[{"href":"https:\/\/madelinefashion.pl\/en\/wp-json\/wp\/v2\/product\/16191","targetHints":{"allow":["GET"]}}],"collection":[{"href":"https:\/\/madelinefashion.pl\/en\/wp-json\/wp\/v2\/product"}],"about":[{"href":"https:\/\/madelinefashion.pl\/en\/wp-json\/wp\/v2\/types\/product"}],"wp:featuredmedia":[{"embeddable":true,"href":"https:\/\/madelinefashion.pl\/en\/wp-json\/wp\/v2\/media\/59306"}],"wp:attachment":[{"href":"https:\/\/madelinefashion.pl\/en\/wp-json\/wp\/v2\/media?parent=16191"}],"wp:term":[{"taxonomy":"product_brand","embeddable":true,"href":"https:\/\/madelinefashion.pl\/en\/wp-json\/wp\/v2\/product_brand?post=16191"},{"taxonomy":"product_cat","embeddable":true,"href":"https:\/\/madelinefashion.pl\/en\/wp-json\/wp\/v2\/product_cat?post=16191"},{"taxonomy":"product_tag","embeddable":true,"href":"https:\/\/madelinefashion.pl\/en\/wp-json\/wp\/v2\/product_tag?post=16191"}],"curies":[{"name":"wp","href":"https:\/\/api.w.org\/{rel}","templated":true}]}}