{"id":1623,"date":"2020-04-26T16:09:04","date_gmt":"2020-04-26T16:09:04","guid":{"rendered":"http:\/\/serwer2078743.home.pl\/?post_type=product&#038;p=1623"},"modified":"2026-04-23T19:36:08","modified_gmt":"2026-04-23T17:36:08","slug":"sukienka-mercedes-krotka-pudrowy-roz","status":"publish","type":"product","link":"https:\/\/madelinefashion.pl\/en\/product\/sukienka-mercedes-krotka-pudrowy-roz\/","title":{"rendered":"Mercedes Short Dress Powder Pink"},"content":{"rendered":"<h3 style=\"text-align: center;\">Mercedes Short Dress Powder Pink<\/h3>\n<p style=\"text-align: center;\"><span style=\"font-size: 10pt;\">\u00a0Beautiful <strong>short evening dress<\/strong> made of airy material with a lace top decorated with wonderful embroidery and decorations in the form of sparkling crystals. It beautifully displays feminine shapes - the bottom of the dress is made entirely of flowing material. This model makes an amazing impression, <strong>perfectly emphasizes the female figure.<\/strong> The back is cut out, the straps are crossed on the back. The bottom of the dress is made of elegant, chiffon fabric, beautifully harmonizing with the whole.<\/span><span style=\"font-size: 10pt;\"> The dress has cups sewn in at the front, so you do not need to wear a bra.\u00a0 <\/span><span style=\"font-size: 10pt;\">Available in sizes XS SML. Dresses <strong>Madelinefashion<\/strong> is an excellent choice for a wedding, prom, New Year&#039;s Eve and other elegant special events. Available in our e-shop in several color variants, so do not hesitate and choose the one that is perfect for you. If you can&#039;t decide which color, <strong>size<\/strong> is the best for you, <strong>contact us<\/strong> through <a href=\"https:\/\/www.facebook.com\/madelinefashionbutik\" target=\"_blank\" rel=\"noopener\">Facebook<\/a> or <a href=\"https:\/\/madelinefashion.pl\/en\/kontakt\/\">phone<\/a>. If the size is not available on the website, please contact us.\u00a0<\/span><\/p>\n<h3 style=\"text-align: center;\">DRESS DIMENSIONS:<\/h3>\n<p>&nbsp;<\/p>\n<table width=\"556\">\n<tbody>\n<tr>\n<td width=\"202\"><strong>SIZE<\/strong><\/td>\n<td><strong>Bust<\/strong><\/td>\n<td><strong>Waist<\/strong><\/td>\n<td><strong>Hips<\/strong><\/td>\n<\/tr>\n<tr>\n<td width=\"202\"><strong>34<\/strong><\/td>\n<td>84-86<\/td>\n<td>64<\/td>\n<td>\u00a0Any<\/td>\n<\/tr>\n<tr>\n<td width=\"202\"><strong>36<\/strong><\/td>\n<td>88-90<\/td>\n<td>68<\/td>\n<td>\u00a0Any<\/td>\n<\/tr>\n<tr>\n<td width=\"202\"><strong>38<\/strong><\/td>\n<td>92-94<\/td>\n<td>72<\/td>\n<td>\u00a0Any<\/td>\n<\/tr>\n<tr>\n<td width=\"202\"><strong>40<\/strong><\/td>\n<td>96-98<\/td>\n<td>76<\/td>\n<td>\u00a0Any<\/td>\n<\/tr>\n<\/tbody>\n<\/table>\n<p>&nbsp;<\/p>\n<p style=\"text-align: center;\"><span style=\"font-size: 10pt;\"> total length approx. 95 cm\u00a0<\/span><\/p>\n<p style=\"text-align: center;\"><span style=\"font-size: 10pt;\">The dress is also available in other colors - see our other products.<\/span><\/p>\n<p style=\"text-align: center;\"><span style=\"font-size: 10pt;\">Dimensions may slightly differ from the given +\/- 2cm.\u00a0<\/span><\/p>\n<p style=\"text-align: center;\"><span style=\"font-size: 10pt;\"><strong>\u00a0<\/strong>\u00a0<\/span><\/p>\n<p>&nbsp;<\/p>\n<table>\n<tbody>\n<tr>\n<td width=\"302\"><span style=\"font-size: 10pt;\">Model name<\/span><\/td>\n<td width=\"302\"><span style=\"font-size: 10pt;\"><strong>Mercedes<\/strong><\/span><\/td>\n<\/tr>\n<tr>\n<td width=\"302\"><span style=\"font-size: 10pt;\">Color<\/span><\/td>\n<td width=\"302\"><span style=\"font-size: 10pt;\">Powder Pink<\/span><\/td>\n<\/tr>\n<tr>\n<td width=\"302\"><span style=\"font-size: 10pt;\">Mark<\/span><\/td>\n<td width=\"302\"><strong><span style=\"font-size: 10pt;\">Madelinefashion<\/span><\/strong><\/td>\n<\/tr>\n<tr>\n<td width=\"302\"><span style=\"font-size: 10pt;\">Sizes<\/span><\/td>\n<td width=\"302\"><span style=\"font-size: 10pt;\">34 36 38 40\u00a0<\/span><\/td>\n<\/tr>\n<tr>\n<td width=\"302\"><span style=\"font-size: 10pt;\">Fashion<\/span><\/td>\n<td width=\"302\"><span style=\"font-size: 10pt;\">Matched<\/span><\/td>\n<\/tr>\n<tr>\n<td width=\"302\"><span style=\"font-size: 10pt;\">Material<\/span><\/td>\n<td width=\"302\"><span style=\"font-size: 10pt;\">Viscose, Polyester<\/span><\/td>\n<\/tr>\n<tr>\n<td width=\"302\"><span style=\"font-size: 10pt;\">Length<\/span><\/td>\n<td width=\"302\">Before the Knee<\/td>\n<\/tr>\n<\/tbody>\n<\/table>\n<p>&nbsp;<\/p>\n<p style=\"text-align: center;\"><span style=\"font-size: 10pt;\">\u00a0<\/span><\/p>\n<p style=\"text-align: center;\"><span style=\"font-size: 10pt;\">In order to match <strong>perfect dresses<\/strong> we invite you to contact us by phone or via our facebook.<\/span><br \/>\n<span style=\"font-size: 10pt;\">Our team will help <strong>Choose the right one<\/strong> .<\/span><\/p>\n<div class=\"additional-details\" style=\"text-align: center;\">\n<p style=\"text-align: center;\"><span style=\"font-size: 10pt;\">\u00a0<\/span><\/p>\n<\/div>","protected":false},"excerpt":{"rendered":"<p>Sukienka Mercedes Kr\u00f3tka Pudrowy R\u00f3\u017c \u00a0Pi\u0119kna kr\u00f3tka suknia wieczorowa ze zwiewnego materia\u0142u z koronkow\u0105 g\u00f3r\u0105 zdobion\u0105 cudownymi haftami oraz zdobieniami w postaci mieni\u0105cych si\u0119 kryszta\u0142k\u00f3w. Pi\u0119knie eksponuje kobiece kszta\u0142ty- d\u00f3\u0142 sukienki wykonany w ca\u0142o\u015bci z lej\u0105cego si\u0119 materia\u0142u. Model ten robi niesamowite wra\u017cenie, perfekcyjnie podkre\u015bla kobiec\u0105 figur\u0119. Ty\u0142 wyci\u0119ty, rami\u0105czka skrzy\u017cowane na plecach. D\u00f3\u0142 sukienki<\/p>\n<div class=\"klb-readmore post-buttons\"><a class=\"button black outline size-sm\" href=\"https:\/\/madelinefashion.pl\/en\/product\/sukienka-mercedes-krotka-pudrowy-roz\/\">Read More <i class=\"klbth-icon-right-arrow\"><\/i><\/a><\/div>","protected":false},"featured_media":1625,"template":"","meta":[],"product_brand":[],"product_cat":[124,568],"product_tag":[257,262,215],"class_list":{"0":"post-1623","1":"product","2":"type-product","3":"status-publish","4":"has-post-thumbnail","6":"product_cat-sukienki-okolicznosciowe","7":"product_cat-sukienki-rozkloszowane-szyfonowe","8":"product_tag-madelinefashion","9":"product_tag-sukienki-krotkie","10":"product_tag-sukienki-rozowe","12":"first","13":"instock","14":"purchasable","15":"product-type-variable"},"_links":{"self":[{"href":"https:\/\/madelinefashion.pl\/en\/wp-json\/wp\/v2\/product\/1623","targetHints":{"allow":["GET"]}}],"collection":[{"href":"https:\/\/madelinefashion.pl\/en\/wp-json\/wp\/v2\/product"}],"about":[{"href":"https:\/\/madelinefashion.pl\/en\/wp-json\/wp\/v2\/types\/product"}],"wp:featuredmedia":[{"embeddable":true,"href":"https:\/\/madelinefashion.pl\/en\/wp-json\/wp\/v2\/media\/1625"}],"wp:attachment":[{"href":"https:\/\/madelinefashion.pl\/en\/wp-json\/wp\/v2\/media?parent=1623"}],"wp:term":[{"taxonomy":"product_brand","embeddable":true,"href":"https:\/\/madelinefashion.pl\/en\/wp-json\/wp\/v2\/product_brand?post=1623"},{"taxonomy":"product_cat","embeddable":true,"href":"https:\/\/madelinefashion.pl\/en\/wp-json\/wp\/v2\/product_cat?post=1623"},{"taxonomy":"product_tag","embeddable":true,"href":"https:\/\/madelinefashion.pl\/en\/wp-json\/wp\/v2\/product_tag?post=1623"}],"curies":[{"name":"wp","href":"https:\/\/api.w.org\/{rel}","templated":true}]}}