{"id":1707,"date":"2020-04-28T15:02:55","date_gmt":"2020-04-28T15:02:55","guid":{"rendered":"http:\/\/serwer2078743.home.pl\/?post_type=product&#038;p=1707"},"modified":"2026-04-23T10:18:52","modified_gmt":"2026-04-23T08:18:52","slug":"sukienka-bugatti-krotka-pudrowy-roz","status":"publish","type":"product","link":"https:\/\/madelinefashion.pl\/en\/product\/sukienka-bugatti-krotka-pudrowy-roz\/","title":{"rendered":"Bugatti Short Dress Powder Pink"},"content":{"rendered":"<h3 style=\"text-align: center;\">Bugatti Short Dress Powder Pink<\/h3>\n<p style=\"text-align: center;\"><span style=\"font-size: 10pt;\">\u00a0Beautiful <strong>short dress<\/strong> evening dress made of airy material with a lace top decorated with wonderful embroidery and decorations in the form of sparkling crystals. It beautifully displays feminine shapes - the bottom of the dress is made entirely of flowing material. The dress has a neckline, tapered at the waist <strong>great emphasizes the waist<\/strong>.\u00a0<\/span><span style=\"font-size: 10pt;\"> The midi dress has cups sewn in at the front, so you do not need to wear a bra. Made and sewn in Poland. <strong>Bugatti dress<\/strong> version available on our website <strong>short<\/strong> and <strong>long. <\/strong><\/span><span style=\"font-size: 10pt;\">Available in sizes XS SML XL XXL. Dresses <strong>Pretty Women<\/strong> an excellent choice for<strong> wedding, prom, New Year&#039;s Eve<\/strong> and other elegant special events. Available in our <a href=\"https:\/\/madelinefashion.pl\/en\/sukienki-i-kombinezony\/sukienki-okolicznosciowe\/\"><strong>e-shop<\/strong><\/a> in several color variants, so do not hesitate and choose the one that is perfect for you. If you can&#039;t decide which color, <strong>size<\/strong> is the best for you, <strong>contact us<\/strong> through <a href=\"https:\/\/www.facebook.com\/madelinefashionbutik\" target=\"_blank\" rel=\"noopener\">Facebook<\/a> or <a href=\"https:\/\/madelinefashion.pl\/en\/kontakt\/\">phone<\/a>. If the size is not available on the website, please contact us.\u00a0<\/span><\/p>\n<h3 style=\"text-align: center;\">DRESS DIMENSIONS:<\/h3>\n<div class=\"additional-details\" style=\"text-align: center;\">\n<p style=\"text-align: center;\"><span style=\"font-size: 10pt;\">\u00a0<\/span><\/p>\n<\/div>\n<table width=\"556\">\n<tbody>\n<tr>\n<td width=\"202\"><strong>SIZE<\/strong><\/td>\n<td><strong>Bust<\/strong><\/td>\n<td><strong>Waist<\/strong><\/td>\n<td><strong>Hips<\/strong><\/td>\n<\/tr>\n<tr>\n<td width=\"202\"><strong>34<\/strong><\/td>\n<td>84-86<\/td>\n<td>64<\/td>\n<td>\u00a0Any<\/td>\n<\/tr>\n<tr>\n<td width=\"202\"><strong>36<\/strong><\/td>\n<td>88-90<\/td>\n<td>68<\/td>\n<td>\u00a0Any<\/td>\n<\/tr>\n<tr>\n<td width=\"202\"><strong>38<\/strong><\/td>\n<td>92-94<\/td>\n<td>72<\/td>\n<td>\u00a0Any<\/td>\n<\/tr>\n<tr>\n<td width=\"202\"><strong>40<\/strong><\/td>\n<td>96-98<\/td>\n<td>76<\/td>\n<td>\u00a0Any<\/td>\n<\/tr>\n<tr>\n<td width=\"202\"><strong>42<\/strong><\/td>\n<td>100-104<\/td>\n<td>80<\/td>\n<td>\u00a0Any<\/td>\n<\/tr>\n<tr>\n<td width=\"202\"><strong>44<\/strong><\/td>\n<td>102-106<\/td>\n<td>86<\/td>\n<td>\u00a0Any<\/td>\n<\/tr>\n<tr>\n<td width=\"202\"><strong>46<\/strong><\/td>\n<td>106-110<\/td>\n<td>88<\/td>\n<td>\u00a0Any<\/td>\n<\/tr>\n<\/tbody>\n<\/table>\n<p style=\"text-align: center;\"><span style=\"font-size: 10pt;\">total length approx. 105 cm\u00a0<\/span><\/p>\n<p style=\"text-align: center;\"><span style=\"font-size: 10pt;\">The dress is also available in other colors - see our other products.<\/span><\/p>\n<p style=\"text-align: center;\"><span style=\"font-size: 10pt;\">Dimensions may slightly differ from the given +\/- 2cm.\u00a0<\/span><\/p>\n<p style=\"text-align: center;\"><span style=\"font-size: 10pt;\"><strong>\u00a0<\/strong>\u00a0<\/span><\/p>\n<p>&nbsp;<\/p>\n<table>\n<tbody>\n<tr>\n<td width=\"302\"><span style=\"font-size: 10pt;\">Model name<\/span><\/td>\n<td width=\"302\">Bugatti Short Dress<\/td>\n<\/tr>\n<tr>\n<td width=\"302\"><span style=\"font-size: 10pt;\">Color<\/span><\/td>\n<td width=\"302\"><span style=\"font-size: 10pt;\">Powder Pink<\/span><\/td>\n<\/tr>\n<tr>\n<td width=\"302\"><span style=\"font-size: 10pt;\">Mark<\/span><\/td>\n<td width=\"302\"><strong><span style=\"font-size: 10pt;\">Pretty Women<\/span><\/strong><\/td>\n<\/tr>\n<tr>\n<td width=\"302\"><span style=\"font-size: 10pt;\">Sizes<\/span><\/td>\n<td width=\"302\"><span style=\"font-size: 10pt;\">34 36 38 40 42 44 46<\/span><\/td>\n<\/tr>\n<tr>\n<td width=\"302\"><span style=\"font-size: 10pt;\">Fashion<\/span><\/td>\n<td width=\"302\"><span style=\"font-size: 10pt;\">Matched<\/span><\/td>\n<\/tr>\n<tr>\n<td width=\"302\"><span style=\"font-size: 10pt;\">Material<\/span><\/td>\n<td width=\"302\"><span style=\"font-size: 10pt;\">Viscose, Polyester, Cotton<\/span><\/td>\n<\/tr>\n<tr>\n<td width=\"302\"><span style=\"font-size: 10pt;\">Length<\/span><\/td>\n<td width=\"302\"><span style=\"font-size: 13.3333px;\">Before the Knee\u00a0<\/span><\/td>\n<\/tr>\n<\/tbody>\n<\/table>\n<p>&nbsp;<\/p>\n<p style=\"text-align: center;\"><span style=\"font-size: 10pt;\">\u00a0<\/span><\/p>\n<p style=\"text-align: center;\"><span style=\"font-size: 10pt;\">In order to match <strong>perfect dresses<\/strong> we invite you to contact us by phone or via our facebook.<\/span><br \/>\n<span style=\"font-size: 10pt;\">Our team will help <strong>Choose the right one<\/strong> .<\/span><\/p>\n<div class=\"additional-details\" style=\"text-align: center;\">\n<p style=\"text-align: center;\"><span style=\"font-size: 10pt;\">\u00a0<\/span><\/p>\n<\/div>","protected":false},"excerpt":{"rendered":"<p>Sukienka Bugatti Kr\u00f3tka Pudrowy R\u00f3\u017c \u00a0Pi\u0119kna kr\u00f3tka suknia wieczorowa ze zwiewnego materia\u0142u z koronkow\u0105 g\u00f3r\u0105 zdobion\u0105 cudownymi haftami oraz zdobieniami w postaci mieni\u0105cych si\u0119 kryszta\u0142k\u00f3w. Pi\u0119knie eksponuje kobiece kszta\u0142ty- d\u00f3\u0142 sukienki wykonany w ca\u0142o\u015bci z lej\u0105cego si\u0119 materia\u0142u. \u00a0Sukienka posiada dekolt pod szyjk\u0119, zw\u0119\u017cana na wysoko\u015bci pasa wspaniale podkre\u015bla tali\u0119.\u00a0 Sukienka midi posiada z przodu<\/p>\n<div class=\"klb-readmore post-buttons\"><a class=\"button black outline size-sm\" href=\"https:\/\/madelinefashion.pl\/en\/product\/sukienka-bugatti-krotka-pudrowy-roz\/\">Read More <i class=\"klbth-icon-right-arrow\"><\/i><\/a><\/div>","protected":false},"featured_media":525508,"template":"","meta":[],"product_brand":[],"product_cat":[124,564,568],"product_tag":[257,385,262,215],"class_list":{"0":"post-1707","1":"product","2":"type-product","3":"status-publish","4":"has-post-thumbnail","6":"product_cat-sukienki-okolicznosciowe","7":"product_cat-sukienki-plus-size","8":"product_cat-sukienki-rozkloszowane-szyfonowe","9":"product_tag-madelinefashion","10":"product_tag-plus-size","11":"product_tag-sukienki-krotkie","12":"product_tag-sukienki-rozowe","14":"first","15":"instock","16":"purchasable","17":"product-type-variable"},"_links":{"self":[{"href":"https:\/\/madelinefashion.pl\/en\/wp-json\/wp\/v2\/product\/1707","targetHints":{"allow":["GET"]}}],"collection":[{"href":"https:\/\/madelinefashion.pl\/en\/wp-json\/wp\/v2\/product"}],"about":[{"href":"https:\/\/madelinefashion.pl\/en\/wp-json\/wp\/v2\/types\/product"}],"wp:featuredmedia":[{"embeddable":true,"href":"https:\/\/madelinefashion.pl\/en\/wp-json\/wp\/v2\/media\/525508"}],"wp:attachment":[{"href":"https:\/\/madelinefashion.pl\/en\/wp-json\/wp\/v2\/media?parent=1707"}],"wp:term":[{"taxonomy":"product_brand","embeddable":true,"href":"https:\/\/madelinefashion.pl\/en\/wp-json\/wp\/v2\/product_brand?post=1707"},{"taxonomy":"product_cat","embeddable":true,"href":"https:\/\/madelinefashion.pl\/en\/wp-json\/wp\/v2\/product_cat?post=1707"},{"taxonomy":"product_tag","embeddable":true,"href":"https:\/\/madelinefashion.pl\/en\/wp-json\/wp\/v2\/product_tag?post=1707"}],"curies":[{"name":"wp","href":"https:\/\/api.w.org\/{rel}","templated":true}]}}